{"id":39395,"date":"2025-10-02T13:26:51","date_gmt":"2025-10-02T17:26:51","guid":{"rendered":"https:\/\/www.millerthomson.com\/?page_id=39395"},"modified":"2026-01-16T13:39:49","modified_gmt":"2026-01-16T18:39:49","slug":"life-at-miller-thomson","status":"publish","type":"page","link":"https:\/\/www.millerthomson.com\/fr\/carrieres\/etudiants-et-stagiaires\/life-at-miller-thomson\/","title":{"rendered":"La vie chez Miller Thomson"},"content":{"rendered":"\n<p class=\"has-h-4-font-size\">Pourquoi choisir Miller Thomson? Voici ce que d\u2019autres \u00e9tudiantes et \u00e9tudiants ont \u00e0 raconter.<\/p>\n\n\n\n<blockquote class=\"wp-block-quote is-layout-flow wp-block-quote-is-layout-flow\">\n<p>Mon stage chez Miller Thomson a \u00e9t\u00e9 une exp\u00e9rience incroyablement enrichissante. Le cabinet m\u2019a encourag\u00e9e \u00e0 travailler dans les domaines qui m\u2019int\u00e9ressaient vraiment, ce qui m\u2019a permis de collaborer avec des avocates et des avocats de premier plan. J\u2019ai \u00e9t\u00e9 trait\u00e9e comme une coll\u00e8gue \u00e0 part enti\u00e8re, et mes ambitions ont \u00e9t\u00e9 soutenues par une participation concr\u00e8te \u00e0 des dossiers clients et \u00e0 des rencontres avec les parties prenantes, et ce, d\u00e8s le tout d\u00e9but de ma carri\u00e8re d\u2019avocate.<\/p>\n<\/blockquote>\n\n\n\n    <section class=\"team-list \">\n        <div class=\"section-background\" ><\/div>\n            <ul class=\"team-members-list grid grid-1\">\n                                    <li>\n                        \n\n<article class=\"team-compact-card\">\n    <a href=\"https:\/\/www.millerthomson.com\/fr\/votre-equipe\/khushboo-goyal\/\" aria-label=\"Khushboo Goyal\" class=\"no-underline\">\n        <figure class=\"team-card__thumbnail\">\n        <img decoding=\"async\" width=\"300\" height=\"360\" src=\"https:\/\/www.millerthomson.com\/wp-content\/uploads\/2016\/09\/khushboo-goyal-300x360.jpg\" class=\"team_card-thumbnail wp-post-image\" alt=\"Khushboo Goyal\" srcset=\"https:\/\/www.millerthomson.com\/wp-content\/uploads\/2016\/09\/khushboo-goyal-300x360.jpg 300w, https:\/\/www.millerthomson.com\/wp-content\/uploads\/2016\/09\/khushboo-goyal-600x720.jpg 600w, https:\/\/www.millerthomson.com\/wp-content\/uploads\/2016\/09\/khushboo-goyal-800x960.jpg 800w, https:\/\/www.millerthomson.com\/wp-content\/uploads\/2016\/09\/khushboo-goyal-400x480.jpg 400w, https:\/\/www.millerthomson.com\/wp-content\/uploads\/2016\/09\/khushboo-goyal-900x1080.jpg 900w, https:\/\/www.millerthomson.com\/wp-content\/uploads\/2016\/09\/khushboo-goyal.jpg 1200w\" sizes=\"(max-width: 300px) 100vw, 300px\" \/>        <\/figure>\n    <\/a>\n    <section class=\"team-card__body\">  \n        <div>\n            <h3 class=\"team-card__title\">\n                <a href='https:\/\/www.millerthomson.com\/fr\/votre-equipe\/khushboo-goyal\/'>Khushboo Goyal<\/a>            <\/h3>\n\n        <\/div>\n            \n        <div class=\"team-card__job\">\n            Soci\u00e9taire        <\/div>\n\n        <div class=\"has-small-font-size\">\n            Calgary        <\/div>\n\n    <\/section>\n<\/article>\n\n\n                    <\/li>\n                            <\/ul>       \n    <\/section>\n\n\n\n\n\n\n<p>J.D. 2024 &#8211; Universit\u00e9 Thomson Rivers<br>Programme d\u2019\u00e9t\u00e9 2022; stagiaire, 2024-2025; societaire, 2025<\/p>\n\n\n\n<blockquote class=\"wp-block-quote is-layout-flow wp-block-quote-is-layout-flow\">\n<p>Lors de mes stages chez Miller Thomson, j\u2019ai eu l\u2019occasion de d\u00e9couvrir de nombreux domaines du droit, tout en \u00e9tant encourag\u00e9e \u00e0 rechercher des mandats qui correspondaient \u00e0 mes int\u00e9r\u00eats, comme plaider devant les tribunaux. J\u2019ai \u00e9t\u00e9 accompagn\u00e9e par des mentors exceptionnellement d\u00e9vou\u00e9s et j\u2019ai pu m\u2019\u00e9panouir gr\u00e2ce \u00e0 la culture accueillante et inclusive du cabinet.<\/p>\n<\/blockquote>\n\n\n\n    <section class=\"team-list \">\n        <div class=\"section-background\" ><\/div>\n            <ul class=\"team-members-list grid grid-1\">\n                                    <li>\n                        \n\n<article class=\"team-compact-card\">\n    <a href=\"https:\/\/www.millerthomson.com\/fr\/votre-equipe\/lara-jung\/\" aria-label=\"Lara Jung\" class=\"no-underline\">\n        <figure class=\"team-card__thumbnail\">\n        <img decoding=\"async\" width=\"300\" height=\"360\" src=\"https:\/\/www.millerthomson.com\/wp-content\/uploads\/2016\/09\/lara-jung-300x360.jpg\" class=\"team_card-thumbnail wp-post-image\" alt=\"Lara Jung\" srcset=\"https:\/\/www.millerthomson.com\/wp-content\/uploads\/2016\/09\/lara-jung-300x360.jpg 300w, https:\/\/www.millerthomson.com\/wp-content\/uploads\/2016\/09\/lara-jung-600x720.jpg 600w, https:\/\/www.millerthomson.com\/wp-content\/uploads\/2016\/09\/lara-jung-800x960.jpg 800w, https:\/\/www.millerthomson.com\/wp-content\/uploads\/2016\/09\/lara-jung-400x480.jpg 400w, https:\/\/www.millerthomson.com\/wp-content\/uploads\/2016\/09\/lara-jung-900x1080.jpg 900w, https:\/\/www.millerthomson.com\/wp-content\/uploads\/2016\/09\/lara-jung.jpg 1200w\" sizes=\"(max-width: 300px) 100vw, 300px\" \/>        <\/figure>\n    <\/a>\n    <section class=\"team-card__body\">  \n        <div>\n            <h3 class=\"team-card__title\">\n                <a href='https:\/\/www.millerthomson.com\/fr\/votre-equipe\/lara-jung\/'>Lara Jung<\/a>            <\/h3>\n\n        <\/div>\n            \n        <div class=\"team-card__job\">\n            Soci\u00e9taire        <\/div>\n\n        <div class=\"has-small-font-size\">\n            Vancouver        <\/div>\n\n    <\/section>\n<\/article>\n\n\n                    <\/li>\n                            <\/ul>       \n    <\/section>\n\n\n\n\n<p>J.D. 2024 &#8211; Universit\u00e9 de la Colombie-Britannique<br>Programme d\u2019\u00e9t\u00e9 2023; stagiaire, 2024-2025; societaire, 2025<\/p>\n\n\n\n<blockquote class=\"wp-block-quote is-layout-flow wp-block-quote-is-layout-flow\">\n<p>Pendant le programme, j\u2019ai touch\u00e9 \u00e0 beaucoup de domaines de pratique et j\u2019ai \u00e9norm\u00e9ment appris sur diff\u00e9rentes applications du droit dans bon nombre de sp\u00e9cialit\u00e9s. J\u2019ai pu collaborer de pr\u00e8s avec des avocates et avocats du cabinet et apprendre \u00e0 leurs c\u00f4t\u00e9s, ce qui a \u00e9t\u00e9 enrichissant. J\u2019ai aussi pu m\u2019accomplir en contribuant \u00e0 de nombreux projets tout au long de mon emploi. La formation, le mentorat et l\u2019accompagnement re\u00e7us sont le reflet direct de l\u2019engagement du cabinet \u00e0 d\u00e9velopper la carri\u00e8re des \u00e9tudiantes et \u00e9tudiants.<\/p>\n<\/blockquote>\n\n\n\n    <section class=\"team-list \">\n        <div class=\"section-background\" ><\/div>\n            <ul class=\"team-members-list grid grid-1\">\n                                    <li>\n                        \n\n<article class=\"team-compact-card\">\n    <a href=\"https:\/\/www.millerthomson.com\/fr\/votre-equipe\/carter-bezugly\/\" aria-label=\"Carter Bezugly\" class=\"no-underline\">\n        <figure class=\"team-card__thumbnail\">\n        <img decoding=\"async\" width=\"300\" height=\"360\" src=\"https:\/\/www.millerthomson.com\/wp-content\/uploads\/2016\/09\/carter-bezugly-300x360.jpg\" class=\"team_card-thumbnail wp-post-image\" alt=\"Carter Bezugly\" srcset=\"https:\/\/www.millerthomson.com\/wp-content\/uploads\/2016\/09\/carter-bezugly-300x360.jpg 300w, https:\/\/www.millerthomson.com\/wp-content\/uploads\/2016\/09\/carter-bezugly-600x720.jpg 600w, https:\/\/www.millerthomson.com\/wp-content\/uploads\/2016\/09\/carter-bezugly-800x960.jpg 800w, https:\/\/www.millerthomson.com\/wp-content\/uploads\/2016\/09\/carter-bezugly-400x480.jpg 400w, https:\/\/www.millerthomson.com\/wp-content\/uploads\/2016\/09\/carter-bezugly-900x1080.jpg 900w, https:\/\/www.millerthomson.com\/wp-content\/uploads\/2016\/09\/carter-bezugly.jpg 1200w\" sizes=\"(max-width: 300px) 100vw, 300px\" \/>        <\/figure>\n    <\/a>\n    <section class=\"team-card__body\">  \n        <div>\n            <h3 class=\"team-card__title\">\n                <a href='https:\/\/www.millerthomson.com\/fr\/votre-equipe\/carter-bezugly\/'>Carter Bezugly<\/a>            <\/h3>\n\n        <\/div>\n            \n        <div class=\"team-card__job\">\n            Soci\u00e9taire        <\/div>\n\n        <div class=\"has-small-font-size\">\n            Saskatoon        <\/div>\n\n    <\/section>\n<\/article>\n\n\n                    <\/li>\n                            <\/ul>       \n    <\/section>\n\n\n\n\n<p>J.D. 2022, Universit\u00e9 de la Saskatchewan<br>Programme d\u2019\u00e9t\u00e9 2020 et 2021; stagiaire, 2022-2023; societaire, 2023<\/p>\n\n\n\n<blockquote class=\"wp-block-quote is-layout-flow wp-block-quote-is-layout-flow\">\n<p>D\u00e8s mon premier jour dans le programme de Miller Thomson, j\u2019ai senti que le succ\u00e8s serait au rendez-vous. La port\u00e9e de la formation, du mentorat (tant l\u2019encadrement officiel que g\u00e9n\u00e9ral) et des exp\u00e9riences sur le terrain dans une foule de domaines de pratique m\u2019ont vraiment aid\u00e9e \u00e0 lancer ma carri\u00e8re en droit. Les avocats et l\u2019\u00e9quipe administrative offrent un soutien incroyable et tiennent \u00e0 offrir une exp\u00e9rience int\u00e9ressante, stimulante et enrichissante aux cohortes \u00e9tudiantes.<\/p>\n<\/blockquote>\n\n\n\n    <section class=\"team-list \">\n        <div class=\"section-background\" ><\/div>\n            <ul class=\"team-members-list grid grid-1\">\n                                    <li>\n                        \n\n<article class=\"team-compact-card\">\n    <a href=\"https:\/\/www.millerthomson.com\/fr\/votre-equipe\/mackenzie-laforet\/\" aria-label=\"Mackenzie Laforet\" class=\"no-underline\">\n        <figure class=\"team-card__thumbnail\">\n        <img decoding=\"async\" width=\"300\" height=\"360\" src=\"https:\/\/www.millerthomson.com\/wp-content\/uploads\/2016\/09\/mackenzie-laforet-300x360.jpg\" class=\"team_card-thumbnail wp-post-image\" alt=\"Mackenzie Laforet\" srcset=\"https:\/\/www.millerthomson.com\/wp-content\/uploads\/2016\/09\/mackenzie-laforet-300x360.jpg 300w, https:\/\/www.millerthomson.com\/wp-content\/uploads\/2016\/09\/mackenzie-laforet-600x720.jpg 600w, https:\/\/www.millerthomson.com\/wp-content\/uploads\/2016\/09\/mackenzie-laforet-800x960.jpg 800w, https:\/\/www.millerthomson.com\/wp-content\/uploads\/2016\/09\/mackenzie-laforet-400x480.jpg 400w, https:\/\/www.millerthomson.com\/wp-content\/uploads\/2016\/09\/mackenzie-laforet-900x1080.jpg 900w, https:\/\/www.millerthomson.com\/wp-content\/uploads\/2016\/09\/mackenzie-laforet.jpg 1200w\" sizes=\"(max-width: 300px) 100vw, 300px\" \/>        <\/figure>\n    <\/a>\n    <section class=\"team-card__body\">  \n        <div>\n            <h3 class=\"team-card__title\">\n                <a href='https:\/\/www.millerthomson.com\/fr\/votre-equipe\/mackenzie-laforet\/'>Mackenzie Laforet<\/a>            <\/h3>\n\n        <\/div>\n            \n        <div class=\"team-card__job\">\n            Soci\u00e9taire        <\/div>\n\n        <div class=\"has-small-font-size\">\n            London        <\/div>\n\n    <\/section>\n<\/article>\n\n\n                    <\/li>\n                            <\/ul>       \n    <\/section>\n\n\n\n\n<p>J.D. 2022, Universit\u00e9 de Windsor<br>Programme d\u2019\u00e9t\u00e9 2021; stagiaire, 2022-2023; societaire, 2023<\/p>\n\n\n\n<blockquote class=\"wp-block-quote is-layout-flow wp-block-quote-is-layout-flow\">\n<p>Au cours d\u2019une p\u00e9riode in\u00e9dite, l\u2019\u00e9quipe de Miller Thomson s\u2019est d\u00e9pass\u00e9e pour offrir une exp\u00e9rience m\u00e9morable aux \u00e9tudiantes et \u00e9tudiants du programme d\u2019\u00e9t\u00e9. M\u00eame \u00e0 distance, toute l\u2019\u00e9quipe s\u2019est mobilis\u00e9e pour int\u00e9grer les \u00e9tudiants aux activit\u00e9s sociales et aux formations programm\u00e9es chaque jour ou chaque semaine. L\u2019encadrement re\u00e7u m\u2019a donn\u00e9 les outils n\u00e9cessaires pour r\u00e9ellement contribuer aux dossiers int\u00e9ressants du cabinet. J\u2019ai entre autres d\u00fb effectuer des recherches sur des questions complexes, r\u00e9diger des \u00e9bauches de convention d\u2019actionnaires, assister \u00e0 un interrogatoire pr\u00e9alable, pr\u00e9parer une pr\u00e9sentation pour des propri\u00e9taires d\u2019entreprises \u00e9trang\u00e8res qui envisageaient de s\u2019\u00e9tablir au Canada, et j\u2019en passe. Peu importe ma t\u00e2che, je savais toujours que je pouvais compter sur l\u2019\u00e9quipe du cabinet pour me guider et m\u2019aider dans le processus, pour que je tire profit de mon exp\u00e9rience. En somme, la vari\u00e9t\u00e9 du travail que j\u2019ai r\u00e9alis\u00e9 m\u2019a permis de gagner en expertise sur plusieurs fronts. Je suis reconnaissant de faire partie d\u2019une \u00e9quipe aussi fantastique et je suis heureux de continuer mon parcours chez Miller Thomson. Je sais sans aucun doute que les comp\u00e9tences que j\u2019ai acquises pendant l\u2019\u00e9t\u00e9 me mettent sur la bonne voie pour la suite de ma carri\u00e8re.<\/p>\n<\/blockquote>\n\n\n\n    <section class=\"team-list \">\n        <div class=\"section-background\" ><\/div>\n            <ul class=\"team-members-list grid grid-1\">\n                                    <li>\n                        \n\n<article class=\"team-compact-card\">\n    <a href=\"https:\/\/www.millerthomson.com\/fr\/votre-equipe\/kyle-bertsch\/\" aria-label=\"Kyle Bertsch\" class=\"no-underline\">\n        <figure class=\"team-card__thumbnail\">\n        <img decoding=\"async\" width=\"300\" height=\"360\" src=\"https:\/\/www.millerthomson.com\/wp-content\/uploads\/2016\/09\/kyle-bertsch-300x360.jpg\" class=\"team_card-thumbnail wp-post-image\" alt=\"Kyle Bertsch\" srcset=\"https:\/\/www.millerthomson.com\/wp-content\/uploads\/2016\/09\/kyle-bertsch-300x360.jpg 300w, https:\/\/www.millerthomson.com\/wp-content\/uploads\/2016\/09\/kyle-bertsch-600x720.jpg 600w, https:\/\/www.millerthomson.com\/wp-content\/uploads\/2016\/09\/kyle-bertsch-800x960.jpg 800w, https:\/\/www.millerthomson.com\/wp-content\/uploads\/2016\/09\/kyle-bertsch-400x480.jpg 400w, https:\/\/www.millerthomson.com\/wp-content\/uploads\/2016\/09\/kyle-bertsch-900x1080.jpg 900w, https:\/\/www.millerthomson.com\/wp-content\/uploads\/2016\/09\/kyle-bertsch.jpg 1200w\" sizes=\"(max-width: 300px) 100vw, 300px\" \/>        <\/figure>\n    <\/a>\n    <section class=\"team-card__body\">  \n        <div>\n            <h3 class=\"team-card__title\">\n                <a href='https:\/\/www.millerthomson.com\/fr\/votre-equipe\/kyle-bertsch\/'>Kyle Bertsch<\/a>            <\/h3>\n\n        <\/div>\n            \n        <div class=\"team-card__job\">\n            Soci\u00e9taire        <\/div>\n\n        <div class=\"has-small-font-size\">\n            London        <\/div>\n\n    <\/section>\n<\/article>\n\n\n                    <\/li>\n                            <\/ul>       \n    <\/section>\n\n\n\n\n<p>J.D. 2021, Universit\u00e9 Western<br>Programme d\u2019\u00e9t\u00e9 2020; stagiaire, 2021-2022, societaire, 2022<\/p>\n","protected":false},"excerpt":{"rendered":"<p>Pourquoi choisir Miller Thomson? Voici ce que d\u2019autres \u00e9tudiantes et \u00e9tudiants ont \u00e0 raconter. Mon stage chez Miller Thomson a \u00e9t\u00e9 une exp\u00e9rience incroyablement enrichissante. Le cabinet m\u2019a encourag\u00e9e \u00e0 travailler dans les domaines qui m\u2019int\u00e9ressaient vraiment, ce qui m\u2019a permis de collaborer avec des avocates et des avocats de premier plan. J\u2019ai \u00e9t\u00e9 trait\u00e9e [&hellip;]<\/p>\n","protected":false},"author":5,"featured_media":0,"parent":13910,"menu_order":0,"comment_status":"closed","ping_status":"closed","template":"templates\/inner-page.php","meta":{"_acf_changed":false,"footnotes":""},"class_list":["post-39395","page","type-page","status-publish","hentry"],"acf":[],"yoast_head":"<!-- This site is optimized with the Yoast SEO plugin v26.1.1 - https:\/\/yoast.com\/wordpress\/plugins\/seo\/ -->\n<title>La vie chez Miller Thomson | Miller Thomson<\/title>\n<meta name=\"robots\" content=\"index, follow, max-snippet:-1, max-image-preview:large, max-video-preview:-1\" \/>\n<link rel=\"canonical\" href=\"https:\/\/www.millerthomson.com\/fr\/carrieres\/etudiants-et-stagiaires\/life-at-miller-thomson\/\" \/>\n<meta property=\"og:locale\" content=\"fr_FR\" \/>\n<meta property=\"og:type\" content=\"article\" \/>\n<meta property=\"og:title\" content=\"La vie chez Miller Thomson | Miller Thomson\" \/>\n<meta property=\"og:description\" content=\"Pourquoi choisir Miller Thomson? Voici ce que d\u2019autres \u00e9tudiantes et \u00e9tudiants ont \u00e0 raconter. Mon stage chez Miller Thomson a \u00e9t\u00e9 une exp\u00e9rience incroyablement enrichissante. Le cabinet m\u2019a encourag\u00e9e \u00e0 travailler dans les domaines qui m\u2019int\u00e9ressaient vraiment, ce qui m\u2019a permis de collaborer avec des avocates et des avocats de premier plan. J\u2019ai \u00e9t\u00e9 trait\u00e9e [&hellip;]\" \/>\n<meta property=\"og:url\" content=\"https:\/\/www.millerthomson.com\/fr\/carrieres\/etudiants-et-stagiaires\/life-at-miller-thomson\/\" \/>\n<meta property=\"og:site_name\" content=\"Miller Thomson\" \/>\n<meta property=\"article:publisher\" content=\"https:\/\/www.facebook.com\/MillerThomsonLaw\/\" \/>\n<meta property=\"article:modified_time\" content=\"2026-01-16T18:39:49+00:00\" \/>\n<meta name=\"twitter:card\" content=\"summary_large_image\" \/>\n<meta name=\"twitter:site\" content=\"@millerthomson\" \/>\n<meta name=\"twitter:label1\" content=\"Est. reading time\" \/>\n\t<meta name=\"twitter:data1\" content=\"1 minute\" \/>\n<script type=\"application\/ld+json\" class=\"yoast-schema-graph\">{\"@context\":\"https:\/\/schema.org\",\"@graph\":[{\"@type\":\"WebPage\",\"@id\":\"https:\/\/www.millerthomson.com\/fr\/carrieres\/etudiants-et-stagiaires\/life-at-miller-thomson\/\",\"url\":\"https:\/\/www.millerthomson.com\/fr\/carrieres\/etudiants-et-stagiaires\/life-at-miller-thomson\/\",\"name\":\"La vie chez Miller Thomson | Miller Thomson\",\"isPartOf\":{\"@id\":\"https:\/\/www.millerthomson.com\/fr\/#website\"},\"datePublished\":\"2025-10-02T17:26:51+00:00\",\"dateModified\":\"2026-01-16T18:39:49+00:00\",\"breadcrumb\":{\"@id\":\"https:\/\/www.millerthomson.com\/fr\/carrieres\/etudiants-et-stagiaires\/life-at-miller-thomson\/#breadcrumb\"},\"inLanguage\":\"fr-FR\",\"potentialAction\":[{\"@type\":\"ReadAction\",\"target\":[\"https:\/\/www.millerthomson.com\/fr\/carrieres\/etudiants-et-stagiaires\/life-at-miller-thomson\/\"]}]},{\"@type\":\"BreadcrumbList\",\"@id\":\"https:\/\/www.millerthomson.com\/fr\/carrieres\/etudiants-et-stagiaires\/life-at-miller-thomson\/#breadcrumb\",\"itemListElement\":[{\"@type\":\"ListItem\",\"position\":1,\"name\":\"Accueil\",\"item\":\"https:\/\/www.millerthomson.com\/fr\/\"},{\"@type\":\"ListItem\",\"position\":2,\"name\":\"Carri\u00e8res\",\"item\":\"https:\/\/www.millerthomson.com\/fr\/carrieres\/\"},{\"@type\":\"ListItem\",\"position\":3,\"name\":\"\u00c9tudiantes, \u00e9tudiants et stagiaires\",\"item\":\"https:\/\/www.millerthomson.com\/fr\/carrieres\/etudiants-et-stagiaires\/\"},{\"@type\":\"ListItem\",\"position\":4,\"name\":\"La vie chez Miller Thomson\"}]},{\"@type\":\"WebSite\",\"@id\":\"https:\/\/www.millerthomson.com\/fr\/#website\",\"url\":\"https:\/\/www.millerthomson.com\/fr\/\",\"name\":\"Miller Thomson | Cabinet de droit des affaires pancanadien\",\"description\":\"National law firm providing business law expertise and litigation and disputes services for businesses across Canada since 1957.\",\"publisher\":{\"@id\":\"https:\/\/www.millerthomson.com\/fr\/#organization\"},\"potentialAction\":[{\"@type\":\"SearchAction\",\"target\":{\"@type\":\"EntryPoint\",\"urlTemplate\":\"https:\/\/www.millerthomson.com\/fr\/?s={search_term_string}\"},\"query-input\":{\"@type\":\"PropertyValueSpecification\",\"valueRequired\":true,\"valueName\":\"search_term_string\"}}],\"inLanguage\":\"fr-FR\"},{\"@type\":\"Organization\",\"@id\":\"https:\/\/www.millerthomson.com\/fr\/#organization\",\"name\":\"Miller Thomson | Cabinet de droit des affaires pancanadien\",\"url\":\"https:\/\/www.millerthomson.com\/fr\/\",\"logo\":{\"@type\":\"ImageObject\",\"inLanguage\":\"fr-FR\",\"@id\":\"https:\/\/www.millerthomson.com\/fr\/#\/schema\/logo\/image\/\",\"url\":\"https:\/\/www.millerthomson.com\/wp-content\/uploads\/2024\/10\/miller-thomson.svg\",\"contentUrl\":\"https:\/\/www.millerthomson.com\/wp-content\/uploads\/2024\/10\/miller-thomson.svg\",\"width\":380,\"height\":50,\"caption\":\"Miller Thomson | Cabinet de droit des affaires pancanadien\"},\"image\":{\"@id\":\"https:\/\/www.millerthomson.com\/fr\/#\/schema\/logo\/image\/\"},\"sameAs\":[\"https:\/\/www.facebook.com\/MillerThomsonLaw\/\",\"https:\/\/x.com\/millerthomson\",\"https:\/\/www.linkedin.com\/company\/miller-thomson-llp\/\",\"https:\/\/www.youtube.com\/@millerthomson\"]}]}<\/script>\n<!-- \/ Yoast SEO plugin. -->","yoast_head_json":{"title":"La vie chez Miller Thomson | Miller Thomson","robots":{"index":"index","follow":"follow","max-snippet":"max-snippet:-1","max-image-preview":"max-image-preview:large","max-video-preview":"max-video-preview:-1"},"canonical":"https:\/\/www.millerthomson.com\/fr\/carrieres\/etudiants-et-stagiaires\/life-at-miller-thomson\/","og_locale":"fr_FR","og_type":"article","og_title":"La vie chez Miller Thomson | Miller Thomson","og_description":"Pourquoi choisir Miller Thomson? Voici ce que d\u2019autres \u00e9tudiantes et \u00e9tudiants ont \u00e0 raconter. Mon stage chez Miller Thomson a \u00e9t\u00e9 une exp\u00e9rience incroyablement enrichissante. Le cabinet m\u2019a encourag\u00e9e \u00e0 travailler dans les domaines qui m\u2019int\u00e9ressaient vraiment, ce qui m\u2019a permis de collaborer avec des avocates et des avocats de premier plan. J\u2019ai \u00e9t\u00e9 trait\u00e9e [&hellip;]","og_url":"https:\/\/www.millerthomson.com\/fr\/carrieres\/etudiants-et-stagiaires\/life-at-miller-thomson\/","og_site_name":"Miller Thomson","article_publisher":"https:\/\/www.facebook.com\/MillerThomsonLaw\/","article_modified_time":"2026-01-16T18:39:49+00:00","twitter_card":"summary_large_image","twitter_site":"@millerthomson","twitter_misc":{"Est. reading time":"1 minute"},"schema":{"@context":"https:\/\/schema.org","@graph":[{"@type":"WebPage","@id":"https:\/\/www.millerthomson.com\/fr\/carrieres\/etudiants-et-stagiaires\/life-at-miller-thomson\/","url":"https:\/\/www.millerthomson.com\/fr\/carrieres\/etudiants-et-stagiaires\/life-at-miller-thomson\/","name":"La vie chez Miller Thomson | Miller Thomson","isPartOf":{"@id":"https:\/\/www.millerthomson.com\/fr\/#website"},"datePublished":"2025-10-02T17:26:51+00:00","dateModified":"2026-01-16T18:39:49+00:00","breadcrumb":{"@id":"https:\/\/www.millerthomson.com\/fr\/carrieres\/etudiants-et-stagiaires\/life-at-miller-thomson\/#breadcrumb"},"inLanguage":"fr-FR","potentialAction":[{"@type":"ReadAction","target":["https:\/\/www.millerthomson.com\/fr\/carrieres\/etudiants-et-stagiaires\/life-at-miller-thomson\/"]}]},{"@type":"BreadcrumbList","@id":"https:\/\/www.millerthomson.com\/fr\/carrieres\/etudiants-et-stagiaires\/life-at-miller-thomson\/#breadcrumb","itemListElement":[{"@type":"ListItem","position":1,"name":"Accueil","item":"https:\/\/www.millerthomson.com\/fr\/"},{"@type":"ListItem","position":2,"name":"Carri\u00e8res","item":"https:\/\/www.millerthomson.com\/fr\/carrieres\/"},{"@type":"ListItem","position":3,"name":"\u00c9tudiantes, \u00e9tudiants et stagiaires","item":"https:\/\/www.millerthomson.com\/fr\/carrieres\/etudiants-et-stagiaires\/"},{"@type":"ListItem","position":4,"name":"La vie chez Miller Thomson"}]},{"@type":"WebSite","@id":"https:\/\/www.millerthomson.com\/fr\/#website","url":"https:\/\/www.millerthomson.com\/fr\/","name":"Miller Thomson | Cabinet de droit des affaires pancanadien","description":"National law firm providing business law expertise and litigation and disputes services for businesses across Canada since 1957.","publisher":{"@id":"https:\/\/www.millerthomson.com\/fr\/#organization"},"potentialAction":[{"@type":"SearchAction","target":{"@type":"EntryPoint","urlTemplate":"https:\/\/www.millerthomson.com\/fr\/?s={search_term_string}"},"query-input":{"@type":"PropertyValueSpecification","valueRequired":true,"valueName":"search_term_string"}}],"inLanguage":"fr-FR"},{"@type":"Organization","@id":"https:\/\/www.millerthomson.com\/fr\/#organization","name":"Miller Thomson | Cabinet de droit des affaires pancanadien","url":"https:\/\/www.millerthomson.com\/fr\/","logo":{"@type":"ImageObject","inLanguage":"fr-FR","@id":"https:\/\/www.millerthomson.com\/fr\/#\/schema\/logo\/image\/","url":"https:\/\/www.millerthomson.com\/wp-content\/uploads\/2024\/10\/miller-thomson.svg","contentUrl":"https:\/\/www.millerthomson.com\/wp-content\/uploads\/2024\/10\/miller-thomson.svg","width":380,"height":50,"caption":"Miller Thomson | Cabinet de droit des affaires pancanadien"},"image":{"@id":"https:\/\/www.millerthomson.com\/fr\/#\/schema\/logo\/image\/"},"sameAs":["https:\/\/www.facebook.com\/MillerThomsonLaw\/","https:\/\/x.com\/millerthomson","https:\/\/www.linkedin.com\/company\/miller-thomson-llp\/","https:\/\/www.youtube.com\/@millerthomson"]}]}},"_links":{"self":[{"href":"https:\/\/www.millerthomson.com\/fr\/wp-json\/wp\/v2\/pages\/39395","targetHints":{"allow":["GET"]}}],"collection":[{"href":"https:\/\/www.millerthomson.com\/fr\/wp-json\/wp\/v2\/pages"}],"about":[{"href":"https:\/\/www.millerthomson.com\/fr\/wp-json\/wp\/v2\/types\/page"}],"author":[{"embeddable":true,"href":"https:\/\/www.millerthomson.com\/fr\/wp-json\/wp\/v2\/users\/5"}],"replies":[{"embeddable":true,"href":"https:\/\/www.millerthomson.com\/fr\/wp-json\/wp\/v2\/comments?post=39395"}],"version-history":[{"count":0,"href":"https:\/\/www.millerthomson.com\/fr\/wp-json\/wp\/v2\/pages\/39395\/revisions"}],"up":[{"embeddable":true,"href":"https:\/\/www.millerthomson.com\/fr\/wp-json\/wp\/v2\/pages\/13910"}],"wp:attachment":[{"href":"https:\/\/www.millerthomson.com\/fr\/wp-json\/wp\/v2\/media?parent=39395"}],"curies":[{"name":"wp","href":"https:\/\/api.w.org\/{rel}","templated":true}]}}