{"id":19671,"date":"2024-11-12T17:04:00","date_gmt":"2024-11-12T22:04:00","guid":{"rendered":"https:\/\/www.millerthomson.com\/?page_id=19671"},"modified":"2025-06-05T18:22:42","modified_gmt":"2025-06-05T22:22:42","slug":"avantages-sociaux-services-daffaires-et-adjointes-juridiques-et-parajuristes","status":"publish","type":"page","link":"https:\/\/www.millerthomson.com\/fr\/carrieres\/avantages-sociaux-services-daffaires-et-adjointes-juridiques-et-parajuristes\/","title":{"rendered":"Avantages sociaux : services d\u2019affaires et adjointes juridiques et parajuristes"},"content":{"rendered":"\n<div class=\"wp-block-columns is-layout-flex wp-container-core-columns-is-layout-28f84493 wp-block-columns-is-layout-flex\">\n<div class=\"wp-block-column is-layout-flow wp-block-column-is-layout-flow\">\n<p class=\"has-medium-font-size\">Chez Miller Thomson, nos ressources humaines constituent notre pierre d\u2019assise. C\u2019est pourquoi il est important pour nous de leur offrir le perfectionnement professionnel, les outils et la reconnaissance dont ils ont besoin afin d\u2019atteindre l\u2019excellence en mati\u00e8re de service \u00e0 la client\u00e8le.<\/p>\n\n\n\n<div class='custom-separator '>\n            <div style='width: 30%; background-color: var(--wp--preset--color--accent);'><\/div>\n    <\/div>\n\n\n<p>Nous croyons fermement qu\u2019il est important de proposer un programme de r\u00e9mun\u00e9ration globale. C\u2019est pourquoi nous veillons, \u00e0 l\u2019aide d\u2019analyses et d\u2019enqu\u00eates r\u00e9guli\u00e8res, \u00e0 ce que nos salaires et nos divers avantages sociaux demeurent concurrentiels. Nous nous engageons \u00e9galement \u00e0 am\u00e9liorer l\u2019environnement de travail par le biais de projets ax\u00e9s sur le bien-\u00eatre. Nos programmes de formation et de perfectionnement professionnel garantissent que nos membres disposent des comp\u00e9tences et des connaissances n\u00e9cessaires pour exceller dans leur r\u00f4le.<\/p>\n\n\n\n<p>Voici quelques-uns des avantages sociaux que propose Miller Thomson&nbsp;:<\/p>\n\n\n\n<ul class=\"wp-block-list\">\n<li>Une gamme compl\u00e8te d\u2019avantages sociaux qui comprend notamment l\u2019assurance-maladie, les soins dentaires, les soins de la vue, un programme d\u2019aide aux employ\u00e9s, l\u2019assurance-vie, l\u2019assurance invalidit\u00e9 de courte et de longue dur\u00e9e, plus de trois&nbsp;semaines de vacances et dix&nbsp;jours de cong\u00e9s personnels.<\/li>\n\n\n\n<li>Un milieu de travail qui favorise la diversit\u00e9 et l\u2019inclusion.<\/li>\n\n\n\n<li>Des possibilit\u00e9s d\u2019am\u00e9nagement d\u2019un horaire de travail flexible.<\/li>\n\n\n\n<li>Une bonification des prestations de maternit\u00e9 et de cong\u00e9 parental.<\/li>\n\n\n\n<li>Un r\u00e9gime enregistr\u00e9 d\u2019\u00e9pargne-retraite collectif avec cotisation patronale.<\/li>\n\n\n\n<li>Un compte enregistr\u00e9 libre d\u2019imp\u00f4t individuel avec de faibles frais de gestion des fonds et des options de placement concurrentielles.<\/li>\n\n\n\n<li>Un programme d\u2019aide aux employ\u00e9s pour vous soutenir, vous et votre famille.<\/li>\n\n\n\n<li>Allocation de d\u00e9penses de bien-\u00eatre visant \u00e0 favoriser le bien-\u00eatre des employ\u00e9s.<\/li>\n\n\n\n<li>Possibilit\u00e9s de perfectionnement professionnel.<\/li>\n\n\n\n<li>\u00c9v\u00e9nements \u00e0 l\u2019intention des employ\u00e9s.<\/li>\n\n\n\n<li>Programmes caritatifs.<\/li>\n<\/ul>\n<\/div>\n<\/div>\n\n\n\n<h2 class=\"wp-block-heading\">Portail d\u2019apprentissage MT<\/h2>\n\n\n\n<p>Chez Miller Thomson, nous nous engageons pleinement \u00e0 accompagner nos collaborateurs dans leur d\u00e9veloppement professionnel continu et nous encourageons nos \u00e9quipes \u00e0 renforcer leurs comp\u00e9tences de mani\u00e8re r\u00e9guli\u00e8re. Le Portail d\u2019apprentissage MT propose une vaste s\u00e9lection de cours adapt\u00e9s \u00e0 tous les r\u00f4les au sein du cabinet. En outre, nous travaillons \u00e0 l\u2019\u00e9laboration de nouvelles possibilit\u00e9s d\u2019apprentissage pour r\u00e9pondre aux besoins en constante \u00e9volution de notre personnel. Ce portail propose des formations ax\u00e9es sur le d\u00e9veloppement des comp\u00e9tences techniques et g\u00e9n\u00e9rales, ainsi que des programmes d\u2019enrichissement des connaissances et de bien-\u00eatre.<\/p>\n\n\n\n<h2 class=\"wp-block-heading\">Programme coop<\/h2>\n\n\n\n<p>Miller Thomson recrute r\u00e9guli\u00e8rement de nouvelles dipl\u00f4m\u00e9es et de nouveaux dipl\u00f4m\u00e9s issus des programmes de secr\u00e9tariat juridique et de techniques juridiques propos\u00e9s par divers \u00e9tablissements d\u2019enseignement sup\u00e9rieur. Nos programmes complets d\u2019orientation et de mentorat sont sp\u00e9cialement con\u00e7us pour accompagner les nouveaux dipl\u00f4m\u00e9s et leur permettent d\u2019acqu\u00e9rir les comp\u00e9tences et la formation n\u00e9cessaires \u00e0 leur r\u00e9ussite.&nbsp;<\/p>\n\n\n\n<p><\/p>\n","protected":false},"excerpt":{"rendered":"<p>Chez Miller Thomson, nos ressources humaines constituent notre pierre d\u2019assise. C\u2019est pourquoi il est important pour nous de leur offrir le perfectionnement professionnel, les outils et la reconnaissance dont ils ont besoin afin d\u2019atteindre l\u2019excellence en mati\u00e8re de service \u00e0 la client\u00e8le. Nous croyons fermement qu\u2019il est important de proposer un programme de r\u00e9mun\u00e9ration globale. [&hellip;]<\/p>\n","protected":false},"author":5,"featured_media":0,"parent":14023,"menu_order":0,"comment_status":"closed","ping_status":"closed","template":"templates\/inner-page.php","meta":{"_acf_changed":false,"footnotes":""},"class_list":["post-19671","page","type-page","status-publish","hentry"],"acf":[],"yoast_head":"<!-- This site is optimized with the Yoast SEO plugin v26.1.1 - https:\/\/yoast.com\/wordpress\/plugins\/seo\/ -->\n<title>Avantages sociaux : services d\u2019affaires et adjointes juridiques et parajuristes | Miller Thomson<\/title>\n<meta name=\"robots\" content=\"index, follow, max-snippet:-1, max-image-preview:large, max-video-preview:-1\" \/>\n<link rel=\"canonical\" href=\"https:\/\/www.millerthomson.com\/fr\/carrieres\/avantages-sociaux-services-daffaires-et-adjointes-juridiques-et-parajuristes\/\" \/>\n<meta property=\"og:locale\" content=\"fr_FR\" \/>\n<meta property=\"og:type\" content=\"article\" \/>\n<meta property=\"og:title\" content=\"Avantages sociaux : services d\u2019affaires et adjointes juridiques et parajuristes | Miller Thomson\" \/>\n<meta property=\"og:description\" content=\"Chez Miller Thomson, nos ressources humaines constituent notre pierre d\u2019assise. C\u2019est pourquoi il est important pour nous de leur offrir le perfectionnement professionnel, les outils et la reconnaissance dont ils ont besoin afin d\u2019atteindre l\u2019excellence en mati\u00e8re de service \u00e0 la client\u00e8le. Nous croyons fermement qu\u2019il est important de proposer un programme de r\u00e9mun\u00e9ration globale. [&hellip;]\" \/>\n<meta property=\"og:url\" content=\"https:\/\/www.millerthomson.com\/fr\/carrieres\/avantages-sociaux-services-daffaires-et-adjointes-juridiques-et-parajuristes\/\" \/>\n<meta property=\"og:site_name\" content=\"Miller Thomson\" \/>\n<meta property=\"article:publisher\" content=\"https:\/\/www.facebook.com\/MillerThomsonLaw\/\" \/>\n<meta property=\"article:modified_time\" content=\"2025-06-05T22:22:42+00:00\" \/>\n<meta name=\"twitter:card\" content=\"summary_large_image\" \/>\n<meta name=\"twitter:site\" content=\"@millerthomson\" \/>\n<meta name=\"twitter:label1\" content=\"Est. reading time\" \/>\n\t<meta name=\"twitter:data1\" content=\"2 minutes\" \/>\n<script type=\"application\/ld+json\" class=\"yoast-schema-graph\">{\"@context\":\"https:\/\/schema.org\",\"@graph\":[{\"@type\":\"WebPage\",\"@id\":\"https:\/\/www.millerthomson.com\/fr\/carrieres\/avantages-sociaux-services-daffaires-et-adjointes-juridiques-et-parajuristes\/\",\"url\":\"https:\/\/www.millerthomson.com\/fr\/carrieres\/avantages-sociaux-services-daffaires-et-adjointes-juridiques-et-parajuristes\/\",\"name\":\"Avantages sociaux : services d\u2019affaires et adjointes juridiques et parajuristes | Miller Thomson\",\"isPartOf\":{\"@id\":\"https:\/\/www.millerthomson.com\/fr\/#website\"},\"datePublished\":\"2024-11-12T22:04:00+00:00\",\"dateModified\":\"2025-06-05T22:22:42+00:00\",\"breadcrumb\":{\"@id\":\"https:\/\/www.millerthomson.com\/fr\/carrieres\/avantages-sociaux-services-daffaires-et-adjointes-juridiques-et-parajuristes\/#breadcrumb\"},\"inLanguage\":\"fr-FR\",\"potentialAction\":[{\"@type\":\"ReadAction\",\"target\":[\"https:\/\/www.millerthomson.com\/fr\/carrieres\/avantages-sociaux-services-daffaires-et-adjointes-juridiques-et-parajuristes\/\"]}]},{\"@type\":\"BreadcrumbList\",\"@id\":\"https:\/\/www.millerthomson.com\/fr\/carrieres\/avantages-sociaux-services-daffaires-et-adjointes-juridiques-et-parajuristes\/#breadcrumb\",\"itemListElement\":[{\"@type\":\"ListItem\",\"position\":1,\"name\":\"Accueil\",\"item\":\"https:\/\/www.millerthomson.com\/fr\/\"},{\"@type\":\"ListItem\",\"position\":2,\"name\":\"Carri\u00e8res\",\"item\":\"https:\/\/www.millerthomson.com\/fr\/carrieres\/\"},{\"@type\":\"ListItem\",\"position\":3,\"name\":\"Avantages sociaux : services d\u2019affaires et adjointes juridiques et parajuristes\"}]},{\"@type\":\"WebSite\",\"@id\":\"https:\/\/www.millerthomson.com\/fr\/#website\",\"url\":\"https:\/\/www.millerthomson.com\/fr\/\",\"name\":\"Miller Thomson | Cabinet de droit des affaires pancanadien\",\"description\":\"National law firm providing business law expertise and litigation and disputes services for businesses across Canada since 1957.\",\"publisher\":{\"@id\":\"https:\/\/www.millerthomson.com\/fr\/#organization\"},\"potentialAction\":[{\"@type\":\"SearchAction\",\"target\":{\"@type\":\"EntryPoint\",\"urlTemplate\":\"https:\/\/www.millerthomson.com\/fr\/?s={search_term_string}\"},\"query-input\":{\"@type\":\"PropertyValueSpecification\",\"valueRequired\":true,\"valueName\":\"search_term_string\"}}],\"inLanguage\":\"fr-FR\"},{\"@type\":\"Organization\",\"@id\":\"https:\/\/www.millerthomson.com\/fr\/#organization\",\"name\":\"Miller Thomson | Cabinet de droit des affaires pancanadien\",\"url\":\"https:\/\/www.millerthomson.com\/fr\/\",\"logo\":{\"@type\":\"ImageObject\",\"inLanguage\":\"fr-FR\",\"@id\":\"https:\/\/www.millerthomson.com\/fr\/#\/schema\/logo\/image\/\",\"url\":\"https:\/\/www.millerthomson.com\/wp-content\/uploads\/2024\/10\/miller-thomson.svg\",\"contentUrl\":\"https:\/\/www.millerthomson.com\/wp-content\/uploads\/2024\/10\/miller-thomson.svg\",\"width\":380,\"height\":50,\"caption\":\"Miller Thomson | Cabinet de droit des affaires pancanadien\"},\"image\":{\"@id\":\"https:\/\/www.millerthomson.com\/fr\/#\/schema\/logo\/image\/\"},\"sameAs\":[\"https:\/\/www.facebook.com\/MillerThomsonLaw\/\",\"https:\/\/x.com\/millerthomson\",\"https:\/\/www.linkedin.com\/company\/miller-thomson-llp\/\",\"https:\/\/www.youtube.com\/@millerthomson\"]}]}<\/script>\n<!-- \/ Yoast SEO plugin. -->","yoast_head_json":{"title":"Avantages sociaux : services d\u2019affaires et adjointes juridiques et parajuristes | Miller Thomson","robots":{"index":"index","follow":"follow","max-snippet":"max-snippet:-1","max-image-preview":"max-image-preview:large","max-video-preview":"max-video-preview:-1"},"canonical":"https:\/\/www.millerthomson.com\/fr\/carrieres\/avantages-sociaux-services-daffaires-et-adjointes-juridiques-et-parajuristes\/","og_locale":"fr_FR","og_type":"article","og_title":"Avantages sociaux : services d\u2019affaires et adjointes juridiques et parajuristes | Miller Thomson","og_description":"Chez Miller Thomson, nos ressources humaines constituent notre pierre d\u2019assise. C\u2019est pourquoi il est important pour nous de leur offrir le perfectionnement professionnel, les outils et la reconnaissance dont ils ont besoin afin d\u2019atteindre l\u2019excellence en mati\u00e8re de service \u00e0 la client\u00e8le. Nous croyons fermement qu\u2019il est important de proposer un programme de r\u00e9mun\u00e9ration globale. [&hellip;]","og_url":"https:\/\/www.millerthomson.com\/fr\/carrieres\/avantages-sociaux-services-daffaires-et-adjointes-juridiques-et-parajuristes\/","og_site_name":"Miller Thomson","article_publisher":"https:\/\/www.facebook.com\/MillerThomsonLaw\/","article_modified_time":"2025-06-05T22:22:42+00:00","twitter_card":"summary_large_image","twitter_site":"@millerthomson","twitter_misc":{"Est. reading time":"2 minutes"},"schema":{"@context":"https:\/\/schema.org","@graph":[{"@type":"WebPage","@id":"https:\/\/www.millerthomson.com\/fr\/carrieres\/avantages-sociaux-services-daffaires-et-adjointes-juridiques-et-parajuristes\/","url":"https:\/\/www.millerthomson.com\/fr\/carrieres\/avantages-sociaux-services-daffaires-et-adjointes-juridiques-et-parajuristes\/","name":"Avantages sociaux : services d\u2019affaires et adjointes juridiques et parajuristes | Miller Thomson","isPartOf":{"@id":"https:\/\/www.millerthomson.com\/fr\/#website"},"datePublished":"2024-11-12T22:04:00+00:00","dateModified":"2025-06-05T22:22:42+00:00","breadcrumb":{"@id":"https:\/\/www.millerthomson.com\/fr\/carrieres\/avantages-sociaux-services-daffaires-et-adjointes-juridiques-et-parajuristes\/#breadcrumb"},"inLanguage":"fr-FR","potentialAction":[{"@type":"ReadAction","target":["https:\/\/www.millerthomson.com\/fr\/carrieres\/avantages-sociaux-services-daffaires-et-adjointes-juridiques-et-parajuristes\/"]}]},{"@type":"BreadcrumbList","@id":"https:\/\/www.millerthomson.com\/fr\/carrieres\/avantages-sociaux-services-daffaires-et-adjointes-juridiques-et-parajuristes\/#breadcrumb","itemListElement":[{"@type":"ListItem","position":1,"name":"Accueil","item":"https:\/\/www.millerthomson.com\/fr\/"},{"@type":"ListItem","position":2,"name":"Carri\u00e8res","item":"https:\/\/www.millerthomson.com\/fr\/carrieres\/"},{"@type":"ListItem","position":3,"name":"Avantages sociaux : services d\u2019affaires et adjointes juridiques et parajuristes"}]},{"@type":"WebSite","@id":"https:\/\/www.millerthomson.com\/fr\/#website","url":"https:\/\/www.millerthomson.com\/fr\/","name":"Miller Thomson | Cabinet de droit des affaires pancanadien","description":"National law firm providing business law expertise and litigation and disputes services for businesses across Canada since 1957.","publisher":{"@id":"https:\/\/www.millerthomson.com\/fr\/#organization"},"potentialAction":[{"@type":"SearchAction","target":{"@type":"EntryPoint","urlTemplate":"https:\/\/www.millerthomson.com\/fr\/?s={search_term_string}"},"query-input":{"@type":"PropertyValueSpecification","valueRequired":true,"valueName":"search_term_string"}}],"inLanguage":"fr-FR"},{"@type":"Organization","@id":"https:\/\/www.millerthomson.com\/fr\/#organization","name":"Miller Thomson | Cabinet de droit des affaires pancanadien","url":"https:\/\/www.millerthomson.com\/fr\/","logo":{"@type":"ImageObject","inLanguage":"fr-FR","@id":"https:\/\/www.millerthomson.com\/fr\/#\/schema\/logo\/image\/","url":"https:\/\/www.millerthomson.com\/wp-content\/uploads\/2024\/10\/miller-thomson.svg","contentUrl":"https:\/\/www.millerthomson.com\/wp-content\/uploads\/2024\/10\/miller-thomson.svg","width":380,"height":50,"caption":"Miller Thomson | Cabinet de droit des affaires pancanadien"},"image":{"@id":"https:\/\/www.millerthomson.com\/fr\/#\/schema\/logo\/image\/"},"sameAs":["https:\/\/www.facebook.com\/MillerThomsonLaw\/","https:\/\/x.com\/millerthomson","https:\/\/www.linkedin.com\/company\/miller-thomson-llp\/","https:\/\/www.youtube.com\/@millerthomson"]}]}},"_links":{"self":[{"href":"https:\/\/www.millerthomson.com\/fr\/wp-json\/wp\/v2\/pages\/19671","targetHints":{"allow":["GET"]}}],"collection":[{"href":"https:\/\/www.millerthomson.com\/fr\/wp-json\/wp\/v2\/pages"}],"about":[{"href":"https:\/\/www.millerthomson.com\/fr\/wp-json\/wp\/v2\/types\/page"}],"author":[{"embeddable":true,"href":"https:\/\/www.millerthomson.com\/fr\/wp-json\/wp\/v2\/users\/5"}],"replies":[{"embeddable":true,"href":"https:\/\/www.millerthomson.com\/fr\/wp-json\/wp\/v2\/comments?post=19671"}],"version-history":[{"count":0,"href":"https:\/\/www.millerthomson.com\/fr\/wp-json\/wp\/v2\/pages\/19671\/revisions"}],"up":[{"embeddable":true,"href":"https:\/\/www.millerthomson.com\/fr\/wp-json\/wp\/v2\/pages\/14023"}],"wp:attachment":[{"href":"https:\/\/www.millerthomson.com\/fr\/wp-json\/wp\/v2\/media?parent=19671"}],"curies":[{"name":"wp","href":"https:\/\/api.w.org\/{rel}","templated":true}]}}