{"id":14788,"date":"2024-10-16T13:53:06","date_gmt":"2024-10-16T17:53:06","guid":{"rendered":"https:\/\/www.millerthomson.com\/carrieres\/etudiants-et-stagiaires\/saskatoon-student-programs\/"},"modified":"2024-11-29T00:17:59","modified_gmt":"2024-11-29T05:17:59","slug":"programmes-pour-les-etudiants-saskatoon","status":"publish","type":"page","link":"https:\/\/www.millerthomson.com\/fr\/carrieres\/etudiants-et-stagiaires\/programmes-pour-les-etudiants-saskatoon\/","title":{"rendered":"Programmes pour les \u00e9tudiants \u2013 Saskatoon"},"content":{"rendered":"\n<h2 class=\"wp-block-heading jump-link\">Programme d\u2019\u00e9t\u00e9<\/h2>\n\n\n\n<div class=\"wp-block-columns is-layout-flex wp-container-core-columns-is-layout-28f84493 wp-block-columns-is-layout-flex\">\n<div class=\"wp-block-column is-layout-flow wp-block-column-is-layout-flow\" style=\"flex-basis:25%\">\n<h3 class=\"wp-block-heading\">Recrutement<\/h3>\n\n\n\n<p>Le bureau de Miller Thomson \u00e0 Saskatoon embauche une ou deux personnes en premi\u00e8re ann\u00e9e de droit pour son programme d\u2019\u00e9t\u00e9.<\/p>\n\n\n\n<div class='custom-separator '>\n            <div style='width: 30%; background-color: var(--wp--preset--color--accent);'><\/div>\n    <\/div><\/div>\n\n\n\n<div class=\"wp-block-column is-layout-flow wp-block-column-is-layout-flow\" style=\"flex-basis:75%\">\n<h3 class=\"wp-block-heading\">L\u2019exp\u00e9rience<\/h3>\n\n\n\n<p>Notre programme d\u2019\u00e9t\u00e9 est l\u2019occasion de d\u00e9couvrir l\u2019environnement de travail de notre cabinet avant d\u2019entamer l\u2019ann\u00e9e de stage. Le programme d\u2019\u00e9t\u00e9 ne comprend aucune rotation officielle; divers mandats sont au menu, comme le soutien \u00e0 la pr\u00e9paration de proc\u00e8s et la participation \u00e0 diff\u00e9rentes transactions commerciales. Nous encourageons les \u00e9tudiants \u00e0 faire preuve d\u2019initiative et \u00e0 demander qu\u2019on leur assigne du travail et des mandats qui suscitent leur int\u00e9r\u00eat. En bref, le programme offre un regard sur Miller Thomson et la pratique du droit en g\u00e9n\u00e9ral.<\/p>\n\n\n\n<p>En mati\u00e8re de litige, les \u00e9tudiants peuvent aider \u00e0 la pr\u00e9paration de proc\u00e8s, s\u2019initier aux proc\u00e8s, accompagner des avocates et avocats \u00e0 des interrogatoires pr\u00e9alables, rencontrer des clients, pr\u00eater main-forte \u00e0 des avocats dans des mandats volumineux et effectuer des recherches. Ils peuvent assister au tribunal et aider les avocats d\u2019exp\u00e9rience dans leurs arguments juridiques. Les \u00e9tudiants apprennent \u00e9galement \u00e0 traiter directement avec la client\u00e8le, \u00e0 assister \u00e0 des conf\u00e9rences de r\u00e8glement, \u00e0 n\u00e9gocier des r\u00e8glements et \u00e0 interroger des t\u00e9moins, le tout sous la supervision d\u2019avocates et d\u2019avocats plaidants chevronn\u00e9s.<\/p>\n\n\n\n<p>En mati\u00e8re de droit des soci\u00e9t\u00e9s, les stagiaires pr\u00e9parent des documents pour l\u2019achat, la vente et le financement d\u2019entreprises, pr\u00e9parent des testaments, participent \u00e0 l\u2019homologation de successions, r\u00e9digent des ententes et des lettres d\u2019intention pour des contrats commerciaux, font des recherches pour des dossiers fiscaux et les passent en revue, participent \u00e0 la pr\u00e9paration de contrats de construction et font des recherches dans le domaine, aident \u00e0 la cession de biens immobiliers, participent \u00e0 la v\u00e9rification diligente dans le cadre d\u2019op\u00e9rations commerciales, assistent \u00e0 la cl\u00f4ture de transactions, participent \u00e0 des rencontres avec des clients et effectuent d\u2019autres recherches de nature g\u00e9n\u00e9rale.<\/p>\n\n\n\n<h3 class=\"wp-block-heading\">Mentorat<\/h3>\n\n\n\n<p>Chaque \u00e9tudiant est jumel\u00e9 \u00e0 une ou un soci\u00e9taire qui lui sert de mentor qui l\u2019aide \u00e0 s\u2019int\u00e9grer au cabinet et lui offre un pr\u00e9cieux encadrement et soutien pendant toute la dur\u00e9e du programme. L\u2019\u00e9quipe des ressources professionnelles et d\u2019autres membres du cabinet sont \u00e9galement \u00e0 disposition.<\/p>\n\n\n\n<h3 class=\"wp-block-heading\">R\u00e9troaction<\/h3>\n\n\n\n<p>Les \u00e9tudiants embauch\u00e9s pour l\u2019\u00e9t\u00e9 font l\u2019objet d\u2019une \u00e9valuation officielle durant leur mandat. En plus, une r\u00e9troaction informelle leur est fournie tout au long de l\u2019\u00e9t\u00e9, ce qui leur permet de tirer parti de leurs points forts et d\u2019am\u00e9liorer leurs comp\u00e9tences.<\/p>\n\n\n\n<h3 class=\"wp-block-heading\">Perfectionnement professionnel<\/h3>\n\n\n\n<p>Les \u00e9tudiants embauch\u00e9s pour l\u2019\u00e9t\u00e9 profiteront d\u2019un programme national complet d\u2019orientation et de formation sur les syst\u00e8mes et la biblioth\u00e8que pendant leur premi\u00e8re semaine au cabinet. Ce programme comprend des s\u00e9ances de formation sur divers sujets : organisation du cabinet, conseils sur la gestion de la pratique, communication, r\u00e9daction et recherche juridique et pr\u00e9sentation compl\u00e8te de nos domaines de pratique. Pendant l\u2019\u00e9t\u00e9, les \u00e9tudiants poursuivent leur perfectionnement professionnel en assistant \u00e0 des s\u00e9minaires de formation continue nationaux et locaux destin\u00e9s \u00e0 l\u2019ensemble du cabinet ou \u00e0 des groupes de pratique pr\u00e9cis.<\/p>\n<\/div>\n<\/div>\n\n\n\n<div style=\"height:var(--wp--preset--spacing--x-large)\" aria-hidden=\"true\" class=\"wp-block-spacer\"><\/div>\n\n\n\n<div class=\"wp-block-group alignfull has-base-2-background-color has-background is-layout-constrained wp-block-group-is-layout-constrained\">\n<h2 class=\"wp-block-heading jump-link\">Programme de stage<\/h2>\n\n\n\n<div class=\"wp-block-columns is-layout-flex wp-container-core-columns-is-layout-28f84493 wp-block-columns-is-layout-flex\">\n<div class=\"wp-block-column is-layout-flow wp-block-column-is-layout-flow\">\n<h3 class=\"wp-block-heading\">L\u2019exp\u00e9rience<\/h3>\n\n\n\n<p>Nos stagiaires ont l\u2019occasion de travailler dans une multitude de dossiers de diff\u00e9rents domaines de pratique. Il n\u2019y a aucune rotation officielle. Chaque personne est jumel\u00e9e \u00e0 une ou un directeur de stage, qui est charg\u00e9 de l\u2019encadrer et de la faire travailler dans plusieurs domaines de pratique,, tant dans le r\u00f4le de repr\u00e9sentant que dans celui d&rsquo;avocat-conseil.<\/p>\n\n\n\n<p>En mati\u00e8re de litige, les stagiaires aident \u00e0 la pr\u00e9paration de proc\u00e8s, agissent comme avocat de soutien au tribunal, plaident en qualit\u00e9 d\u2019avocat dans les proc\u00e8s \u00e0 la cour provinciale (y compris aux petites cr\u00e9ances), agissent en qualit\u00e9 d&rsquo;avocat en cabinet, assistent avec les avocats \u00e0 des interrogatoires pr\u00e9alables, rencontrent des clients, pr\u00eatent main-forte \u00e0 des avocats dans des mandats de grande envergure et effectuent des recherches. Ils sont pleinement responsables des dossiers des petites cr\u00e9ances, qui leur apprendront \u00e0 traiter directement avec les clients, \u00e0 assister \u00e0 des conf\u00e9rences de r\u00e8glement, \u00e0 n\u00e9gocier des r\u00e8glements, \u00e0 interroger des t\u00e9moins et \u00e0 mener un proc\u00e8s, le tout sous la supervision d\u2019avocates et d\u2019avocats plaidants chevronn\u00e9s.<\/p>\n\n\n\n<p>En mati\u00e8re de droit des soci\u00e9t\u00e9s, les stagiaires pr\u00e9parent des documents pour l\u2019achat, la vente et le financement d\u2019entreprises, pr\u00e9parent des testaments, participent \u00e0 l\u2019homologation de successions, r\u00e9digent des ententes et des lettres d\u2019intention pour des contrats commerciaux, font des recherches pour des dossiers fiscaux et les passent en revue, participent \u00e0 la pr\u00e9paration de contrats de construction et font des recherches sur des questions connexes, aident \u00e0 la cession de biens immobiliers, participent \u00e0 la v\u00e9rification diligente dans le cadre d\u2019op\u00e9rations commerciales, assistent \u00e0 la cl\u00f4ture de transactions, participent \u00e0 des rencontres avec des clients et effectuent d\u2019autres recherches de nature g\u00e9n\u00e9rale.<\/p>\n\n\n\n<h3 class=\"wp-block-heading\">Mentorat<\/h3>\n\n\n\n<p>Les stagiaires sont jumel\u00e9s \u00e0 un associ\u00e9 qui agira \u00e0 titre de directeur de stage ainsi qu\u2019\u00e0 un soci\u00e9taire qui leur servira de mentor. Charg\u00e9es de faciliter leur int\u00e9gration au cabinet, ces personnes offrent un pr\u00e9cieux encadrement et du soutien tout au long du stage. L\u2019\u00e9quipe des ressources professionnelles et d\u2019autres membres du cabinet sont \u00e9galement \u00e0 disposition.<\/p>\n\n\n\n<h3 class=\"wp-block-heading\">Culture du cabinet<\/h3>\n\n\n\n<p>Nous encourageons les \u00e9tudiants \u00e0 participer \u00e0 tous les aspects de la vie au cabinet, notamment les activit\u00e9s sociales, caritatives et communautaires, les \u00e9v\u00e9nements avec des clients et les activit\u00e9s de renforcement de l\u2019esprit d\u2019\u00e9quipe qui leur sont destin\u00e9es.<\/p>\n\n\n\n<h3 class=\"wp-block-heading\">R\u00e9troaction<\/h3>\n\n\n\n<p>Nos stagiaires font l\u2019objet d\u2019une \u00e9valuation officielle conforme aux crit\u00e8res du <em>Canadian Centre for Professional Legal Education<\/em> (CPLED). Nous effectuons aussi une \u00e9valuation informelle tout au long de l\u2019ann\u00e9e, qui prend la forme de conseils ponctuels et constructifs sur les aspects \u00e0 am\u00e9liorer.<\/p>\n\n\n\n<h3 class=\"wp-block-heading\">Perfectionnement professionnel<\/h3>\n\n\n\n<p>Le perfectionnement professionnel se poursuit tout au long du stage, gr\u00e2ce \u00e0 des programmes de formation continue con\u00e7us sp\u00e9cialement pour les stagiaires en droit. Ces derniers sont invit\u00e9s \u00e0 tous les s\u00e9minaires g\u00e9n\u00e9raux et sp\u00e9cialis\u00e9s du cabinet, qui leur offre aussi des formations continues et des s\u00e9minaires sp\u00e9cialement con\u00e7us pour le perfectionnement de leurs comp\u00e9tences pratiques et juridiques.<\/p>\n<\/div>\n<\/div>\n<\/div>\n\n\n\n<div class=\"wp-block-group alignfull has-base-background-color has-background is-layout-constrained wp-block-group-is-layout-constrained\">\n<h2 class=\"wp-block-heading jump-link\">Personnes-ressources<\/h2>\n\n\n\n<h3 class=\"wp-block-heading\">Stagiaires actuels<\/h3>\n\n\n\n<p>Les \u00e9tudiants et stagiaires peuvent r\u00e9pondre \u00e0 vos questions sur nos programmes d\u2019\u00e9t\u00e9 et de stage.<\/p>\n\n\n\n<h3 class=\"wp-block-heading\">Stagiaire 2024-2025<\/h3>\n\n\n\n    <section class=\"team-list \">\n        <div class=\"section-background\" ><\/div>\n            <ul class=\"team-members-list grid grid-4\">\n                                    <li>\n                        \n\n<article class=\"team-compact-card\">\n    <a href=\"https:\/\/www.millerthomson.com\/fr\/?post_type=students&#038;p=21144\" aria-label=\"Manahil Arshad\" class=\"no-underline\">\n        <figure class=\"team-card__thumbnail\">\n        <img decoding=\"async\" width=\"300\" height=\"360\" src=\"https:\/\/www.millerthomson.com\/wp-content\/uploads\/2025\/04\/manahil-arshad-300x360.jpg\" class=\"team_card-thumbnail wp-post-image\" alt=\"Manahil Arshad\" srcset=\"https:\/\/www.millerthomson.com\/wp-content\/uploads\/2025\/04\/manahil-arshad-300x360.jpg 300w, https:\/\/www.millerthomson.com\/wp-content\/uploads\/2025\/04\/manahil-arshad-600x720.jpg 600w, https:\/\/www.millerthomson.com\/wp-content\/uploads\/2025\/04\/manahil-arshad-800x960.jpg 800w, https:\/\/www.millerthomson.com\/wp-content\/uploads\/2025\/04\/manahil-arshad-400x480.jpg 400w, https:\/\/www.millerthomson.com\/wp-content\/uploads\/2025\/04\/manahil-arshad-900x1080.jpg 900w, https:\/\/www.millerthomson.com\/wp-content\/uploads\/2025\/04\/manahil-arshad.jpg 1200w\" sizes=\"(max-width: 300px) 100vw, 300px\" \/>        <\/figure>\n    <\/a>\n    <section class=\"team-card__body\">  \n        <div>\n            <h3 class=\"team-card__title\">\n                <a href='https:\/\/www.millerthomson.com\/fr\/?post_type=students&#038;p=21144'>Manahil Arshad<\/a>            <\/h3>\n\n        <\/div>\n            \n        <div class=\"team-card__job\">\n            Stagiaire        <\/div>\n\n        <div class=\"has-small-font-size\">\n            Saskatoon        <\/div>\n\n    <\/section>\n<\/article>\n\n\n                    <\/li>\n                            <\/ul>       \n    <\/section>\n\n<\/div>\n\n\n\n<div class=\"wp-block-group alignfull has-base-2-background-color has-background is-layout-constrained wp-block-group-is-layout-constrained\">\n<h2 class=\"wp-block-heading jump-link\">Comment postuler<\/h2>\n\n\n\n<h3 class=\"wp-block-heading\">Emplois d\u2019\u00e9t\u00e9 2024 pour les \u00e9tudiants de niveau 1L<\/h3>\n\n\n\n<p class=\"has-base-3-background-color has-background\">REMARQUE : Veuillez noter que nous avons termin\u00e9 le recrutement pour le programme d\u2019\u00e9t\u00e9 2024 et que tous nos postes ont \u00e9t\u00e9 pourvus.<\/p>\n\n\n\n<h3 class=\"wp-block-heading\">Programme de stage<\/h3>\n\n\n\n<p class=\"has-base-3-background-color has-background\">Merci de l\u2019int\u00e9r\u00eat que vous portez \u00e0 notre programme. Nous avons termin\u00e9 le recrutement de nos stagiaires pour 2023-2024 et 2024-2025 et tous les postes ont \u00e9t\u00e9 pourvus.<\/p>\n<\/div>\n\n\n\n<div class=\"wp-block-group alignfull has-base-background-color has-background is-layout-constrained wp-block-group-is-layout-constrained\">\n<h2 class=\"wp-block-heading jump-link\">Coordonn\u00e9es du comit\u00e9 de recrutement des \u00e9tudiants en droit<\/h2>\n\n\n\n<div class=\"wp-block-columns is-layout-flex wp-container-core-columns-is-layout-28f84493 wp-block-columns-is-layout-flex\">\n<div class=\"wp-block-column is-layout-flow wp-block-column-is-layout-flow\">\n<p>Personne \u00e0 contacter pour en savoir plus sur le programme d\u2019\u00e9t\u00e9 de Miller Thomson \u00e0 Saskatoon :<\/p>\n\n\n\n<h3 class=\"wp-block-heading has-medium-font-size\">Akash Bir<\/h3>\n\n\n\n<p>Directeur, Recrutement et avancement juridiques<br>Miller Thomson S.E.N.C.R.L., s.r.l.<br>123 \u2013 2nd Avenue South, bureau 1100<br>Saskatoon (Saskatchewan) S7K 7E6<\/p>\n\n\n\n<p>403.206.6384<br><a href=\"mailto:abir@millerthomson.com\">abir@millerthomson.com<\/a><\/p>\n<\/div>\n\n\n\n<div class=\"wp-block-column is-layout-flow wp-block-column-is-layout-flow\">\n<p>Le cas \u00e9ch\u00e9ant, les candidatures aux postes affich\u00e9s peuvent \u00eatre soumises sur le <a href=\"https:\/\/recruitcdn.viglobalcloud.com\/\" target=\"_blank\" rel=\"noreferrer noopener\">portail viDesktop<\/a>.<\/p>\n<\/div>\n<\/div>\n<\/div>\n","protected":false},"excerpt":{"rendered":"<p>Programme d\u2019\u00e9t\u00e9 Recrutement Le bureau de Miller Thomson \u00e0 Saskatoon embauche une ou deux personnes en premi\u00e8re ann\u00e9e de droit pour son programme d\u2019\u00e9t\u00e9. L\u2019exp\u00e9rience Notre programme d\u2019\u00e9t\u00e9 est l\u2019occasion de d\u00e9couvrir l\u2019environnement de travail de notre cabinet avant d\u2019entamer l\u2019ann\u00e9e de stage. Le programme d\u2019\u00e9t\u00e9 ne comprend aucune rotation officielle; divers mandats sont au [&hellip;]<\/p>\n","protected":false},"author":107,"featured_media":0,"parent":13910,"menu_order":0,"comment_status":"closed","ping_status":"closed","template":"templates\/inner-page.php","meta":{"_acf_changed":false,"footnotes":""},"class_list":["post-14788","page","type-page","status-publish","hentry"],"acf":[],"yoast_head":"<!-- This site is optimized with the Yoast SEO plugin v26.1.1 - https:\/\/yoast.com\/wordpress\/plugins\/seo\/ -->\n<title>Programmes pour les \u00e9tudiants \u2013 Saskatoon | Miller Thomson<\/title>\n<meta name=\"robots\" content=\"index, follow, max-snippet:-1, max-image-preview:large, max-video-preview:-1\" \/>\n<link rel=\"canonical\" href=\"https:\/\/www.millerthomson.com\/fr\/carrieres\/etudiants-et-stagiaires\/programmes-pour-les-etudiants-saskatoon\/\" \/>\n<meta property=\"og:locale\" content=\"fr_FR\" \/>\n<meta property=\"og:type\" content=\"article\" \/>\n<meta property=\"og:title\" content=\"Programmes pour les \u00e9tudiants \u2013 Saskatoon | Miller Thomson\" \/>\n<meta property=\"og:description\" content=\"Programme d\u2019\u00e9t\u00e9 Recrutement Le bureau de Miller Thomson \u00e0 Saskatoon embauche une ou deux personnes en premi\u00e8re ann\u00e9e de droit pour son programme d\u2019\u00e9t\u00e9. L\u2019exp\u00e9rience Notre programme d\u2019\u00e9t\u00e9 est l\u2019occasion de d\u00e9couvrir l\u2019environnement de travail de notre cabinet avant d\u2019entamer l\u2019ann\u00e9e de stage. Le programme d\u2019\u00e9t\u00e9 ne comprend aucune rotation officielle; divers mandats sont au [&hellip;]\" \/>\n<meta property=\"og:url\" content=\"https:\/\/www.millerthomson.com\/fr\/carrieres\/etudiants-et-stagiaires\/programmes-pour-les-etudiants-saskatoon\/\" \/>\n<meta property=\"og:site_name\" content=\"Miller Thomson\" \/>\n<meta property=\"article:publisher\" content=\"https:\/\/www.facebook.com\/MillerThomsonLaw\/\" \/>\n<meta property=\"article:modified_time\" content=\"2024-11-29T05:17:59+00:00\" \/>\n<meta name=\"twitter:card\" content=\"summary_large_image\" \/>\n<meta name=\"twitter:site\" content=\"@millerthomson\" \/>\n<meta name=\"twitter:label1\" content=\"Est. reading time\" \/>\n\t<meta name=\"twitter:data1\" content=\"5 minutes\" \/>\n<script type=\"application\/ld+json\" class=\"yoast-schema-graph\">{\"@context\":\"https:\/\/schema.org\",\"@graph\":[{\"@type\":\"WebPage\",\"@id\":\"https:\/\/www.millerthomson.com\/fr\/carrieres\/etudiants-et-stagiaires\/programmes-pour-les-etudiants-saskatoon\/\",\"url\":\"https:\/\/www.millerthomson.com\/fr\/carrieres\/etudiants-et-stagiaires\/programmes-pour-les-etudiants-saskatoon\/\",\"name\":\"Programmes pour les \u00e9tudiants \u2013 Saskatoon | Miller Thomson\",\"isPartOf\":{\"@id\":\"https:\/\/www.millerthomson.com\/fr\/#website\"},\"datePublished\":\"2024-10-16T17:53:06+00:00\",\"dateModified\":\"2024-11-29T05:17:59+00:00\",\"breadcrumb\":{\"@id\":\"https:\/\/www.millerthomson.com\/fr\/carrieres\/etudiants-et-stagiaires\/programmes-pour-les-etudiants-saskatoon\/#breadcrumb\"},\"inLanguage\":\"fr-FR\",\"potentialAction\":[{\"@type\":\"ReadAction\",\"target\":[\"https:\/\/www.millerthomson.com\/fr\/carrieres\/etudiants-et-stagiaires\/programmes-pour-les-etudiants-saskatoon\/\"]}]},{\"@type\":\"BreadcrumbList\",\"@id\":\"https:\/\/www.millerthomson.com\/fr\/carrieres\/etudiants-et-stagiaires\/programmes-pour-les-etudiants-saskatoon\/#breadcrumb\",\"itemListElement\":[{\"@type\":\"ListItem\",\"position\":1,\"name\":\"Accueil\",\"item\":\"https:\/\/www.millerthomson.com\/fr\/\"},{\"@type\":\"ListItem\",\"position\":2,\"name\":\"Carri\u00e8res\",\"item\":\"https:\/\/www.millerthomson.com\/fr\/carrieres\/\"},{\"@type\":\"ListItem\",\"position\":3,\"name\":\"\u00c9tudiantes, \u00e9tudiants et stagiaires\",\"item\":\"https:\/\/www.millerthomson.com\/fr\/carrieres\/etudiants-et-stagiaires\/\"},{\"@type\":\"ListItem\",\"position\":4,\"name\":\"Programmes pour les \u00e9tudiants \u2013 Saskatoon\"}]},{\"@type\":\"WebSite\",\"@id\":\"https:\/\/www.millerthomson.com\/fr\/#website\",\"url\":\"https:\/\/www.millerthomson.com\/fr\/\",\"name\":\"Miller Thomson | Cabinet de droit des affaires pancanadien\",\"description\":\"National law firm providing business law expertise and litigation and disputes services for businesses across Canada since 1957.\",\"publisher\":{\"@id\":\"https:\/\/www.millerthomson.com\/fr\/#organization\"},\"potentialAction\":[{\"@type\":\"SearchAction\",\"target\":{\"@type\":\"EntryPoint\",\"urlTemplate\":\"https:\/\/www.millerthomson.com\/fr\/?s={search_term_string}\"},\"query-input\":{\"@type\":\"PropertyValueSpecification\",\"valueRequired\":true,\"valueName\":\"search_term_string\"}}],\"inLanguage\":\"fr-FR\"},{\"@type\":\"Organization\",\"@id\":\"https:\/\/www.millerthomson.com\/fr\/#organization\",\"name\":\"Miller Thomson | Cabinet de droit des affaires pancanadien\",\"url\":\"https:\/\/www.millerthomson.com\/fr\/\",\"logo\":{\"@type\":\"ImageObject\",\"inLanguage\":\"fr-FR\",\"@id\":\"https:\/\/www.millerthomson.com\/fr\/#\/schema\/logo\/image\/\",\"url\":\"https:\/\/www.millerthomson.com\/wp-content\/uploads\/2024\/10\/miller-thomson.svg\",\"contentUrl\":\"https:\/\/www.millerthomson.com\/wp-content\/uploads\/2024\/10\/miller-thomson.svg\",\"width\":380,\"height\":50,\"caption\":\"Miller Thomson | Cabinet de droit des affaires pancanadien\"},\"image\":{\"@id\":\"https:\/\/www.millerthomson.com\/fr\/#\/schema\/logo\/image\/\"},\"sameAs\":[\"https:\/\/www.facebook.com\/MillerThomsonLaw\/\",\"https:\/\/x.com\/millerthomson\",\"https:\/\/www.linkedin.com\/company\/miller-thomson-llp\/\",\"https:\/\/www.youtube.com\/@millerthomson\"]}]}<\/script>\n<!-- \/ Yoast SEO plugin. -->","yoast_head_json":{"title":"Programmes pour les \u00e9tudiants \u2013 Saskatoon | Miller Thomson","robots":{"index":"index","follow":"follow","max-snippet":"max-snippet:-1","max-image-preview":"max-image-preview:large","max-video-preview":"max-video-preview:-1"},"canonical":"https:\/\/www.millerthomson.com\/fr\/carrieres\/etudiants-et-stagiaires\/programmes-pour-les-etudiants-saskatoon\/","og_locale":"fr_FR","og_type":"article","og_title":"Programmes pour les \u00e9tudiants \u2013 Saskatoon | Miller Thomson","og_description":"Programme d\u2019\u00e9t\u00e9 Recrutement Le bureau de Miller Thomson \u00e0 Saskatoon embauche une ou deux personnes en premi\u00e8re ann\u00e9e de droit pour son programme d\u2019\u00e9t\u00e9. L\u2019exp\u00e9rience Notre programme d\u2019\u00e9t\u00e9 est l\u2019occasion de d\u00e9couvrir l\u2019environnement de travail de notre cabinet avant d\u2019entamer l\u2019ann\u00e9e de stage. Le programme d\u2019\u00e9t\u00e9 ne comprend aucune rotation officielle; divers mandats sont au [&hellip;]","og_url":"https:\/\/www.millerthomson.com\/fr\/carrieres\/etudiants-et-stagiaires\/programmes-pour-les-etudiants-saskatoon\/","og_site_name":"Miller Thomson","article_publisher":"https:\/\/www.facebook.com\/MillerThomsonLaw\/","article_modified_time":"2024-11-29T05:17:59+00:00","twitter_card":"summary_large_image","twitter_site":"@millerthomson","twitter_misc":{"Est. reading time":"5 minutes"},"schema":{"@context":"https:\/\/schema.org","@graph":[{"@type":"WebPage","@id":"https:\/\/www.millerthomson.com\/fr\/carrieres\/etudiants-et-stagiaires\/programmes-pour-les-etudiants-saskatoon\/","url":"https:\/\/www.millerthomson.com\/fr\/carrieres\/etudiants-et-stagiaires\/programmes-pour-les-etudiants-saskatoon\/","name":"Programmes pour les \u00e9tudiants \u2013 Saskatoon | Miller Thomson","isPartOf":{"@id":"https:\/\/www.millerthomson.com\/fr\/#website"},"datePublished":"2024-10-16T17:53:06+00:00","dateModified":"2024-11-29T05:17:59+00:00","breadcrumb":{"@id":"https:\/\/www.millerthomson.com\/fr\/carrieres\/etudiants-et-stagiaires\/programmes-pour-les-etudiants-saskatoon\/#breadcrumb"},"inLanguage":"fr-FR","potentialAction":[{"@type":"ReadAction","target":["https:\/\/www.millerthomson.com\/fr\/carrieres\/etudiants-et-stagiaires\/programmes-pour-les-etudiants-saskatoon\/"]}]},{"@type":"BreadcrumbList","@id":"https:\/\/www.millerthomson.com\/fr\/carrieres\/etudiants-et-stagiaires\/programmes-pour-les-etudiants-saskatoon\/#breadcrumb","itemListElement":[{"@type":"ListItem","position":1,"name":"Accueil","item":"https:\/\/www.millerthomson.com\/fr\/"},{"@type":"ListItem","position":2,"name":"Carri\u00e8res","item":"https:\/\/www.millerthomson.com\/fr\/carrieres\/"},{"@type":"ListItem","position":3,"name":"\u00c9tudiantes, \u00e9tudiants et stagiaires","item":"https:\/\/www.millerthomson.com\/fr\/carrieres\/etudiants-et-stagiaires\/"},{"@type":"ListItem","position":4,"name":"Programmes pour les \u00e9tudiants \u2013 Saskatoon"}]},{"@type":"WebSite","@id":"https:\/\/www.millerthomson.com\/fr\/#website","url":"https:\/\/www.millerthomson.com\/fr\/","name":"Miller Thomson | Cabinet de droit des affaires pancanadien","description":"National law firm providing business law expertise and litigation and disputes services for businesses across Canada since 1957.","publisher":{"@id":"https:\/\/www.millerthomson.com\/fr\/#organization"},"potentialAction":[{"@type":"SearchAction","target":{"@type":"EntryPoint","urlTemplate":"https:\/\/www.millerthomson.com\/fr\/?s={search_term_string}"},"query-input":{"@type":"PropertyValueSpecification","valueRequired":true,"valueName":"search_term_string"}}],"inLanguage":"fr-FR"},{"@type":"Organization","@id":"https:\/\/www.millerthomson.com\/fr\/#organization","name":"Miller Thomson | Cabinet de droit des affaires pancanadien","url":"https:\/\/www.millerthomson.com\/fr\/","logo":{"@type":"ImageObject","inLanguage":"fr-FR","@id":"https:\/\/www.millerthomson.com\/fr\/#\/schema\/logo\/image\/","url":"https:\/\/www.millerthomson.com\/wp-content\/uploads\/2024\/10\/miller-thomson.svg","contentUrl":"https:\/\/www.millerthomson.com\/wp-content\/uploads\/2024\/10\/miller-thomson.svg","width":380,"height":50,"caption":"Miller Thomson | Cabinet de droit des affaires pancanadien"},"image":{"@id":"https:\/\/www.millerthomson.com\/fr\/#\/schema\/logo\/image\/"},"sameAs":["https:\/\/www.facebook.com\/MillerThomsonLaw\/","https:\/\/x.com\/millerthomson","https:\/\/www.linkedin.com\/company\/miller-thomson-llp\/","https:\/\/www.youtube.com\/@millerthomson"]}]}},"_links":{"self":[{"href":"https:\/\/www.millerthomson.com\/fr\/wp-json\/wp\/v2\/pages\/14788","targetHints":{"allow":["GET"]}}],"collection":[{"href":"https:\/\/www.millerthomson.com\/fr\/wp-json\/wp\/v2\/pages"}],"about":[{"href":"https:\/\/www.millerthomson.com\/fr\/wp-json\/wp\/v2\/types\/page"}],"author":[{"embeddable":true,"href":"https:\/\/www.millerthomson.com\/fr\/wp-json\/wp\/v2\/users\/107"}],"replies":[{"embeddable":true,"href":"https:\/\/www.millerthomson.com\/fr\/wp-json\/wp\/v2\/comments?post=14788"}],"version-history":[{"count":0,"href":"https:\/\/www.millerthomson.com\/fr\/wp-json\/wp\/v2\/pages\/14788\/revisions"}],"up":[{"embeddable":true,"href":"https:\/\/www.millerthomson.com\/fr\/wp-json\/wp\/v2\/pages\/13910"}],"wp:attachment":[{"href":"https:\/\/www.millerthomson.com\/fr\/wp-json\/wp\/v2\/media?parent=14788"}],"curies":[{"name":"wp","href":"https:\/\/api.w.org\/{rel}","templated":true}]}}