{"id":14030,"date":"2024-10-10T14:57:58","date_gmt":"2024-10-10T18:57:58","guid":{"rendered":"https:\/\/www.millerthomson.com\/?page_id=14030"},"modified":"2024-11-13T17:51:31","modified_gmt":"2024-11-13T22:51:31","slug":"paiement-par-carte-de-credit","status":"publish","type":"page","link":"https:\/\/www.millerthomson.com\/fr\/paiement-par-carte-de-credit\/","title":{"rendered":"Paiement par carte de cr\u00e9dit"},"content":{"rendered":"\n<p>Nous acceptons le paiement en ligne par carte de cr\u00e9dit pour les<strong>&nbsp;factures Miller Thomson<\/strong>.<\/p>\n\n\n\n<p>Veuillez entrer vos coordonn\u00e9es dans les champs ci-dessous et cliquer sur Envoyer. Vous serez redirig\u00e9 vers la plate-forme de traitement du paiement o\u00f9 vous devrez entrer les renseignements de votre carte de cr\u00e9dit.<\/p>\n\n\n\n<p>Les paiements en ligne sont trait\u00e9s par Chase Merchant Services, notre fournisseur de service de paiement par carte de cr\u00e9dit. Miller Thomson ne recueille pas, n\u2019enregistre pas et n\u2019a pas acc\u00e8s aux renseignements (notamment les renseignements sur la carte de cr\u00e9dit) que vous fournissez \u00e0 Chase Merchant Services. Pour plus d\u2019information, consultez notre\u00a0<a href=\"https:\/\/www.millerthomson.com\/fr\/politique-sur-la-protection-des-renseignements-personnels\/\">politique sur la protection des renseignements personnels<\/a>.<\/p>\n\n\n\n<p>Tous les champs marqu\u00e9s d\u2019un&nbsp;<strong>*<\/strong>&nbsp;sont obligatoires.<\/p>\n\n\n\n<h2 class=\"wp-block-heading\">Information sur le dossier et le paiement<\/h2>\n\n\n\n<p>Notez que le paiement total ne peut pas d\u00e9passer la somme de 100 000 $ CA<\/p>\n\n\n\n<p class=\"has-small-font-size\">* L\u2019envoi d\u2019un paiement \u00e0 Miller Thomson s.e.n.c.r.l. (ci-apr\u00e8s, \u00ab MT \u00bb) ne cr\u00e9e pas de relation avocat-client entre MT et le payeur (ci-apr\u00e8s, \u00ab vous \u00bb). Si le payeur n\u2019est pas un client de MT, l\u2019envoi d\u2019un paiement \u00e0 MT n\u2019octroie au payeur aucun droit \u00e0 des renseignements relatifs au dossier pour lequel le paiement est vers\u00e9. Tout paiement qui ne peut pas \u00eatre li\u00e9 \u00e0 un client existant sera rejet\u00e9. Si votre paiement est rejet\u00e9, communiquez avec l\u2019avocat auquel le paiement est destin\u00e9 afin de mettre en place un autre mode de paiement.<\/p>\n","protected":false},"excerpt":{"rendered":"<p>Nous acceptons le paiement en ligne par carte de cr\u00e9dit pour les&nbsp;factures Miller Thomson. Veuillez entrer vos coordonn\u00e9es dans les champs ci-dessous et cliquer sur Envoyer. Vous serez redirig\u00e9 vers la plate-forme de traitement du paiement o\u00f9 vous devrez entrer les renseignements de votre carte de cr\u00e9dit. Les paiements en ligne sont trait\u00e9s par Chase [&hellip;]<\/p>\n","protected":false},"author":100,"featured_media":0,"parent":0,"menu_order":0,"comment_status":"closed","ping_status":"closed","template":"tpl.credit-card-payment.php","meta":{"_acf_changed":false,"footnotes":""},"class_list":["post-14030","page","type-page","status-publish","hentry"],"acf":[],"yoast_head":"<!-- This site is optimized with the Yoast SEO plugin v26.1.1 - https:\/\/yoast.com\/wordpress\/plugins\/seo\/ -->\n<title>Paiement par carte de cr\u00e9dit | Miller Thomson<\/title>\n<meta name=\"robots\" content=\"index, follow, max-snippet:-1, max-image-preview:large, max-video-preview:-1\" \/>\n<link rel=\"canonical\" href=\"https:\/\/www.millerthomson.com\/fr\/paiement-par-carte-de-credit\/\" \/>\n<meta property=\"og:locale\" content=\"fr_FR\" \/>\n<meta property=\"og:type\" content=\"article\" \/>\n<meta property=\"og:title\" content=\"Paiement par carte de cr\u00e9dit | Miller Thomson\" \/>\n<meta property=\"og:description\" content=\"Nous acceptons le paiement en ligne par carte de cr\u00e9dit pour les&nbsp;factures Miller Thomson. Veuillez entrer vos coordonn\u00e9es dans les champs ci-dessous et cliquer sur Envoyer. Vous serez redirig\u00e9 vers la plate-forme de traitement du paiement o\u00f9 vous devrez entrer les renseignements de votre carte de cr\u00e9dit. Les paiements en ligne sont trait\u00e9s par Chase [&hellip;]\" \/>\n<meta property=\"og:url\" content=\"https:\/\/www.millerthomson.com\/fr\/paiement-par-carte-de-credit\/\" \/>\n<meta property=\"og:site_name\" content=\"Miller Thomson\" \/>\n<meta property=\"article:publisher\" content=\"https:\/\/www.facebook.com\/MillerThomsonLaw\/\" \/>\n<meta property=\"article:modified_time\" content=\"2024-11-13T22:51:31+00:00\" \/>\n<meta name=\"twitter:card\" content=\"summary_large_image\" \/>\n<meta name=\"twitter:site\" content=\"@millerthomson\" \/>\n<meta name=\"twitter:label1\" content=\"Est. reading time\" \/>\n\t<meta name=\"twitter:data1\" content=\"2 minutes\" \/>\n<script type=\"application\/ld+json\" class=\"yoast-schema-graph\">{\"@context\":\"https:\/\/schema.org\",\"@graph\":[{\"@type\":\"WebPage\",\"@id\":\"https:\/\/www.millerthomson.com\/fr\/paiement-par-carte-de-credit\/\",\"url\":\"https:\/\/www.millerthomson.com\/fr\/paiement-par-carte-de-credit\/\",\"name\":\"Paiement par carte de cr\u00e9dit | Miller Thomson\",\"isPartOf\":{\"@id\":\"https:\/\/www.millerthomson.com\/fr\/#website\"},\"datePublished\":\"2024-10-10T18:57:58+00:00\",\"dateModified\":\"2024-11-13T22:51:31+00:00\",\"breadcrumb\":{\"@id\":\"https:\/\/www.millerthomson.com\/fr\/paiement-par-carte-de-credit\/#breadcrumb\"},\"inLanguage\":\"fr-FR\",\"potentialAction\":[{\"@type\":\"ReadAction\",\"target\":[\"https:\/\/www.millerthomson.com\/fr\/paiement-par-carte-de-credit\/\"]}]},{\"@type\":\"BreadcrumbList\",\"@id\":\"https:\/\/www.millerthomson.com\/fr\/paiement-par-carte-de-credit\/#breadcrumb\",\"itemListElement\":[{\"@type\":\"ListItem\",\"position\":1,\"name\":\"Accueil\",\"item\":\"https:\/\/www.millerthomson.com\/fr\/\"},{\"@type\":\"ListItem\",\"position\":2,\"name\":\"Paiement par carte de cr\u00e9dit\"}]},{\"@type\":\"WebSite\",\"@id\":\"https:\/\/www.millerthomson.com\/fr\/#website\",\"url\":\"https:\/\/www.millerthomson.com\/fr\/\",\"name\":\"Miller Thomson | Cabinet de droit des affaires pancanadien\",\"description\":\"National law firm providing business law expertise and litigation and disputes services for businesses across Canada since 1957.\",\"publisher\":{\"@id\":\"https:\/\/www.millerthomson.com\/fr\/#organization\"},\"potentialAction\":[{\"@type\":\"SearchAction\",\"target\":{\"@type\":\"EntryPoint\",\"urlTemplate\":\"https:\/\/www.millerthomson.com\/fr\/?s={search_term_string}\"},\"query-input\":{\"@type\":\"PropertyValueSpecification\",\"valueRequired\":true,\"valueName\":\"search_term_string\"}}],\"inLanguage\":\"fr-FR\"},{\"@type\":\"Organization\",\"@id\":\"https:\/\/www.millerthomson.com\/fr\/#organization\",\"name\":\"Miller Thomson | Cabinet de droit des affaires pancanadien\",\"url\":\"https:\/\/www.millerthomson.com\/fr\/\",\"logo\":{\"@type\":\"ImageObject\",\"inLanguage\":\"fr-FR\",\"@id\":\"https:\/\/www.millerthomson.com\/fr\/#\/schema\/logo\/image\/\",\"url\":\"https:\/\/www.millerthomson.com\/wp-content\/uploads\/2024\/10\/miller-thomson.svg\",\"contentUrl\":\"https:\/\/www.millerthomson.com\/wp-content\/uploads\/2024\/10\/miller-thomson.svg\",\"width\":380,\"height\":50,\"caption\":\"Miller Thomson | Cabinet de droit des affaires pancanadien\"},\"image\":{\"@id\":\"https:\/\/www.millerthomson.com\/fr\/#\/schema\/logo\/image\/\"},\"sameAs\":[\"https:\/\/www.facebook.com\/MillerThomsonLaw\/\",\"https:\/\/x.com\/millerthomson\",\"https:\/\/www.linkedin.com\/company\/miller-thomson-llp\/\",\"https:\/\/www.youtube.com\/@millerthomson\"]}]}<\/script>\n<!-- \/ Yoast SEO plugin. -->","yoast_head_json":{"title":"Paiement par carte de cr\u00e9dit | Miller Thomson","robots":{"index":"index","follow":"follow","max-snippet":"max-snippet:-1","max-image-preview":"max-image-preview:large","max-video-preview":"max-video-preview:-1"},"canonical":"https:\/\/www.millerthomson.com\/fr\/paiement-par-carte-de-credit\/","og_locale":"fr_FR","og_type":"article","og_title":"Paiement par carte de cr\u00e9dit | Miller Thomson","og_description":"Nous acceptons le paiement en ligne par carte de cr\u00e9dit pour les&nbsp;factures Miller Thomson. Veuillez entrer vos coordonn\u00e9es dans les champs ci-dessous et cliquer sur Envoyer. Vous serez redirig\u00e9 vers la plate-forme de traitement du paiement o\u00f9 vous devrez entrer les renseignements de votre carte de cr\u00e9dit. Les paiements en ligne sont trait\u00e9s par Chase [&hellip;]","og_url":"https:\/\/www.millerthomson.com\/fr\/paiement-par-carte-de-credit\/","og_site_name":"Miller Thomson","article_publisher":"https:\/\/www.facebook.com\/MillerThomsonLaw\/","article_modified_time":"2024-11-13T22:51:31+00:00","twitter_card":"summary_large_image","twitter_site":"@millerthomson","twitter_misc":{"Est. reading time":"2 minutes"},"schema":{"@context":"https:\/\/schema.org","@graph":[{"@type":"WebPage","@id":"https:\/\/www.millerthomson.com\/fr\/paiement-par-carte-de-credit\/","url":"https:\/\/www.millerthomson.com\/fr\/paiement-par-carte-de-credit\/","name":"Paiement par carte de cr\u00e9dit | Miller Thomson","isPartOf":{"@id":"https:\/\/www.millerthomson.com\/fr\/#website"},"datePublished":"2024-10-10T18:57:58+00:00","dateModified":"2024-11-13T22:51:31+00:00","breadcrumb":{"@id":"https:\/\/www.millerthomson.com\/fr\/paiement-par-carte-de-credit\/#breadcrumb"},"inLanguage":"fr-FR","potentialAction":[{"@type":"ReadAction","target":["https:\/\/www.millerthomson.com\/fr\/paiement-par-carte-de-credit\/"]}]},{"@type":"BreadcrumbList","@id":"https:\/\/www.millerthomson.com\/fr\/paiement-par-carte-de-credit\/#breadcrumb","itemListElement":[{"@type":"ListItem","position":1,"name":"Accueil","item":"https:\/\/www.millerthomson.com\/fr\/"},{"@type":"ListItem","position":2,"name":"Paiement par carte de cr\u00e9dit"}]},{"@type":"WebSite","@id":"https:\/\/www.millerthomson.com\/fr\/#website","url":"https:\/\/www.millerthomson.com\/fr\/","name":"Miller Thomson | Cabinet de droit des affaires pancanadien","description":"National law firm providing business law expertise and litigation and disputes services for businesses across Canada since 1957.","publisher":{"@id":"https:\/\/www.millerthomson.com\/fr\/#organization"},"potentialAction":[{"@type":"SearchAction","target":{"@type":"EntryPoint","urlTemplate":"https:\/\/www.millerthomson.com\/fr\/?s={search_term_string}"},"query-input":{"@type":"PropertyValueSpecification","valueRequired":true,"valueName":"search_term_string"}}],"inLanguage":"fr-FR"},{"@type":"Organization","@id":"https:\/\/www.millerthomson.com\/fr\/#organization","name":"Miller Thomson | Cabinet de droit des affaires pancanadien","url":"https:\/\/www.millerthomson.com\/fr\/","logo":{"@type":"ImageObject","inLanguage":"fr-FR","@id":"https:\/\/www.millerthomson.com\/fr\/#\/schema\/logo\/image\/","url":"https:\/\/www.millerthomson.com\/wp-content\/uploads\/2024\/10\/miller-thomson.svg","contentUrl":"https:\/\/www.millerthomson.com\/wp-content\/uploads\/2024\/10\/miller-thomson.svg","width":380,"height":50,"caption":"Miller Thomson | Cabinet de droit des affaires pancanadien"},"image":{"@id":"https:\/\/www.millerthomson.com\/fr\/#\/schema\/logo\/image\/"},"sameAs":["https:\/\/www.facebook.com\/MillerThomsonLaw\/","https:\/\/x.com\/millerthomson","https:\/\/www.linkedin.com\/company\/miller-thomson-llp\/","https:\/\/www.youtube.com\/@millerthomson"]}]}},"_links":{"self":[{"href":"https:\/\/www.millerthomson.com\/fr\/wp-json\/wp\/v2\/pages\/14030","targetHints":{"allow":["GET"]}}],"collection":[{"href":"https:\/\/www.millerthomson.com\/fr\/wp-json\/wp\/v2\/pages"}],"about":[{"href":"https:\/\/www.millerthomson.com\/fr\/wp-json\/wp\/v2\/types\/page"}],"author":[{"embeddable":true,"href":"https:\/\/www.millerthomson.com\/fr\/wp-json\/wp\/v2\/users\/100"}],"replies":[{"embeddable":true,"href":"https:\/\/www.millerthomson.com\/fr\/wp-json\/wp\/v2\/comments?post=14030"}],"version-history":[{"count":0,"href":"https:\/\/www.millerthomson.com\/fr\/wp-json\/wp\/v2\/pages\/14030\/revisions"}],"wp:attachment":[{"href":"https:\/\/www.millerthomson.com\/fr\/wp-json\/wp\/v2\/media?parent=14030"}],"curies":[{"name":"wp","href":"https:\/\/api.w.org\/{rel}","templated":true}]}}