{"id":13905,"date":"2024-10-11T16:30:34","date_gmt":"2024-10-11T20:30:34","guid":{"rendered":"https:\/\/www.millerthomson.com\/national-diversity-scholarship-and-mentoring-program\/"},"modified":"2025-09-10T12:26:48","modified_gmt":"2025-09-10T16:26:48","slug":"programme-national-de-bourses-detudes-et-de-mentorat-de-miller-thomson-pour-la-diversite","status":"publish","type":"page","link":"https:\/\/www.millerthomson.com\/fr\/carrieres\/etudiants-et-stagiaires\/programme-national-de-bourses-detudes-et-de-mentorat-de-miller-thomson-pour-la-diversite\/","title":{"rendered":"Programme national de bourses d\u2019\u00e9tudes et de mentorat de Miller Thomson pour la diversit\u00e9"},"content":{"rendered":"\n<h3 class=\"wp-block-heading\">Deux bourses d\u2019\u00e9tudes d\u2019une valeur de 2\u2009500&nbsp;$ pour la diversit\u00e9<\/h3>\n\n\n\n<p>L\u2019\u00e9quit\u00e9, la diversit\u00e9 et l\u2019inclusion sont au c\u0153ur de la vision, des valeurs et du plan strat\u00e9gique de Miller Thomson.<\/p>\n\n\n\n<p>Le programme national de bourses d\u2019\u00e9tudes et de mentorat de Miller Thomson pour la diversit\u00e9 illustre notre engagement \u00e0 soutenir les mesures ax\u00e9es sur l\u2019\u00e9quit\u00e9, la diversit\u00e9 et l\u2019inclusion au sein des communaut\u00e9s dans lesquelles nous vivons et exer\u00e7ons nos activit\u00e9s. Dans le cadre de notre engagement \u00e0 continuer d\u2019\u00e9couter, d\u2019apprendre et d\u2019exercer des pressions pour que de r\u00e9els progr\u00e8s soient accomplis en mati\u00e8re d\u2019\u00e9galit\u00e9 pour tous, nous sommes fiers de pr\u00e9senter notre programme de bourses d\u2019\u00e9tudes pour la diversit\u00e9.<\/p>\n\n\n\n<p>En 2025, ce programme permettra de d\u00e9cerner une bourse d\u2019\u00e9tudes de 2\u2009500&nbsp;$ \u00e0 deux \u00e9tudiantes ou \u00e9tudiants en droit admissibles, leur offrant \u00e9galement des services de mentorat par un avocat, ax\u00e9s sur le soutien et l\u2019encadrement pendant l\u2019ann\u00e9e universitaire de r\u00e9ception de la bourse.<\/p>\n\n\n\n<div class=\"wp-block-group alignfull has-base-2-background-color has-background is-layout-constrained wp-block-group-is-layout-constrained\">\n<div class=\"wp-block-columns is-layout-flex wp-container-core-columns-is-layout-28f84493 wp-block-columns-is-layout-flex\">\n<div class=\"wp-block-column is-layout-flow wp-block-column-is-layout-flow\">\n<h3 class=\"wp-block-heading\">Conditions d\u2019admissibilit\u00e9<\/h3>\n\n\n\n<ul class=\"wp-block-list\">\n<li>\u00catre une \u00e9tudiante ou un \u00e9tudiant en r\u00e8gle \u00e0 temps plein, en premi\u00e8re ou deuxi\u00e8me ann\u00e9e dans une facult\u00e9 de droit au Canada (au 31&nbsp;d\u00e9cembre de l\u2019ann\u00e9e de pr\u00e9sentation de la demande).<\/li>\n\n\n\n<li>Poss\u00e9der de solides comp\u00e9tences en mati\u00e8re de leadership, avoir un esprit entrepreneurial et faire preuve d\u2019engagement envers l\u2019acc\u00e8s \u00e0 la justice pour tous, l\u2019\u00e9quit\u00e9, la diversit\u00e9 et l\u2019inclusion.<\/li>\n\n\n\n<li>Avoir contribu\u00e9 de mani\u00e8re importante et cr\u00e9ative \u00e0 l\u2019avancement de l\u2019acc\u00e8s \u00e0 la justice, de l\u2019\u00e9quit\u00e9, de la diversit\u00e9 et de l\u2019inclusion dans la facult\u00e9 de droit fr\u00e9quent\u00e9e, sur le lieu de travail ou au sein de sa communaut\u00e9 locale ou professionnelle.<\/li>\n\n\n\n<li>Ne pas avoir re\u00e7u de bourse d\u2019\u00e9tudes pour la diversit\u00e9 d\u2019un autre cabinet juridique au cours de la m\u00eame ann\u00e9e universitaire.<\/li>\n<\/ul>\n<\/div>\n<\/div>\n\n\n\n<div class=\"wp-block-columns is-layout-flex wp-container-core-columns-is-layout-28f84493 wp-block-columns-is-layout-flex\">\n<div class=\"wp-block-column is-layout-flow wp-block-column-is-layout-flow\">\n<h3 class=\"wp-block-heading\">Candidatures<\/h3>\n\n\n\n<p>Les personnes souhaitant d\u00e9poser leur candidature doivent soumettre tous les documents ci-dessous avant la date limite\u00a0:<\/p>\n\n\n\n<ol start=\"1\" class=\"wp-block-list\">\n<li>un curriculum vitae \u00e0 jour (deux pages maximum);<\/li>\n\n\n\n<li>une br\u00e8ve description (deux pages maximum) de la mani\u00e8re dont elles comptent mettre en application leurs comp\u00e9tences en mati\u00e8re de leadership et d\u2019entrepreneuriat, ainsi que leur engagement envers l\u2019acc\u00e8s \u00e0 la justice pour tous, l\u2019\u00e9quit\u00e9, la diversit\u00e9 et l\u2019inclusion dans le contexte professionnel juridique;<\/li>\n\n\n\n<li>deux lettres de recommandation d\u00e9crivant leur caract\u00e8re et leurs contributions notables \u00e0 la collectivit\u00e9 (au moins une lettre de recommandation sur papier \u00e0 en-t\u00eate d\u2019un professeur de la facult\u00e9 de droit, d\u2019un employeur ou d\u2019un leader communautaire).<\/li>\n<\/ol>\n\n\n\n<p>Les candidates et candidats ne sont pas tenus d\u2019\u00eatre membres d\u2019un groupe sous-repr\u00e9sent\u00e9. Les membres de la famille imm\u00e9diate d\u2019un employ\u00e9 de Miller Thomson ou de la soci\u00e9t\u00e9 de gestion Miltom ne sont pas admissibles. Les laur\u00e9ats ne peuvent recevoir la bourse qu\u2019une seule fois.<\/p>\n<\/div>\n<\/div>\n\n\n\n<div class=\"wp-block-columns is-layout-flex wp-container-core-columns-is-layout-28f84493 wp-block-columns-is-layout-flex\">\n<div class=\"wp-block-column is-layout-flow wp-block-column-is-layout-flow\">\n<h3 class=\"wp-block-heading\">Envoi des dossiers de candidature<\/h3>\n\n\n\n<p>Les dossiers de candidature doivent \u00eatre adress\u00e9s par courriel au comit\u00e9 de gestion des bourses d\u2019\u00e9tudes pour la diversit\u00e9, \u00e0 l\u2019adresse <strong><a href=\"mailto:diversityscholarship@millerthomson.com\">diversityscholarship@millerthomson.com<\/a><\/strong>, pour r\u00e9ception au plus tard le <strong>dimanche&nbsp;19&nbsp;octobre&nbsp;2025<\/strong>.<br><\/p>\n<\/div>\n<\/div>\n\n\n\n<div class=\"wp-block-columns is-layout-flex wp-container-core-columns-is-layout-28f84493 wp-block-columns-is-layout-flex\">\n<div class=\"wp-block-column is-layout-flow wp-block-column-is-layout-flow\">\n<h3 class=\"wp-block-heading\">Octroi des bourses d\u2019\u00e9tudes<\/h3>\n\n\n\n<p>Nous tenons \u00e0 remercier toutes les candidates et tous les candidats pour leur int\u00e9r\u00eat. Les laur\u00e9ats des bourses d\u2019\u00e9tudes de Miller Thomson pour la diversit\u00e9 seront inform\u00e9s directement au plus tard le <strong>lundi&nbsp;10&nbsp;novembre&nbsp;2025<\/strong>.<\/p>\n<\/div>\n<\/div>\n<\/div>\n","protected":false},"excerpt":{"rendered":"<p>Deux bourses d\u2019\u00e9tudes d\u2019une valeur de 2\u2009500&nbsp;$ pour la diversit\u00e9 L\u2019\u00e9quit\u00e9, la diversit\u00e9 et l\u2019inclusion sont au c\u0153ur de la vision, des valeurs et du plan strat\u00e9gique de Miller Thomson. Le programme national de bourses d\u2019\u00e9tudes et de mentorat de Miller Thomson pour la diversit\u00e9 illustre notre engagement \u00e0 soutenir les mesures ax\u00e9es sur l\u2019\u00e9quit\u00e9, [&hellip;]<\/p>\n","protected":false},"author":101,"featured_media":0,"parent":13910,"menu_order":0,"comment_status":"closed","ping_status":"closed","template":"templates\/inner-page.php","meta":{"_acf_changed":false,"footnotes":""},"class_list":["post-13905","page","type-page","status-publish","hentry"],"acf":[],"yoast_head":"<!-- This site is optimized with the Yoast SEO plugin v26.1.1 - https:\/\/yoast.com\/wordpress\/plugins\/seo\/ -->\n<title>Programme national de bourses d\u2019\u00e9tudes et de mentorat de Miller Thomson pour la diversit\u00e9 | Miller Thomson<\/title>\n<meta name=\"robots\" content=\"index, follow, max-snippet:-1, max-image-preview:large, max-video-preview:-1\" \/>\n<link rel=\"canonical\" href=\"https:\/\/www.millerthomson.com\/fr\/carrieres\/etudiants-et-stagiaires\/programme-national-de-bourses-detudes-et-de-mentorat-de-miller-thomson-pour-la-diversite\/\" \/>\n<meta property=\"og:locale\" content=\"fr_FR\" \/>\n<meta property=\"og:type\" content=\"article\" \/>\n<meta property=\"og:title\" content=\"Programme national de bourses d\u2019\u00e9tudes et de mentorat de Miller Thomson pour la diversit\u00e9 | Miller Thomson\" \/>\n<meta property=\"og:description\" content=\"Deux bourses d\u2019\u00e9tudes d\u2019une valeur de 2\u2009500&nbsp;$ pour la diversit\u00e9 L\u2019\u00e9quit\u00e9, la diversit\u00e9 et l\u2019inclusion sont au c\u0153ur de la vision, des valeurs et du plan strat\u00e9gique de Miller Thomson. Le programme national de bourses d\u2019\u00e9tudes et de mentorat de Miller Thomson pour la diversit\u00e9 illustre notre engagement \u00e0 soutenir les mesures ax\u00e9es sur l\u2019\u00e9quit\u00e9, [&hellip;]\" \/>\n<meta property=\"og:url\" content=\"https:\/\/www.millerthomson.com\/fr\/carrieres\/etudiants-et-stagiaires\/programme-national-de-bourses-detudes-et-de-mentorat-de-miller-thomson-pour-la-diversite\/\" \/>\n<meta property=\"og:site_name\" content=\"Miller Thomson\" \/>\n<meta property=\"article:publisher\" content=\"https:\/\/www.facebook.com\/MillerThomsonLaw\/\" \/>\n<meta property=\"article:modified_time\" content=\"2025-09-10T16:26:48+00:00\" \/>\n<meta property=\"og:image\" content=\"https:\/\/www.millerthomson.com\/wp-content\/uploads\/2025\/04\/careers_firmtours.jpg\" \/>\n\t<meta property=\"og:image:width\" content=\"1920\" \/>\n\t<meta property=\"og:image:height\" content=\"1098\" \/>\n\t<meta property=\"og:image:type\" content=\"image\/jpeg\" \/>\n<meta name=\"twitter:card\" content=\"summary_large_image\" \/>\n<meta name=\"twitter:site\" content=\"@millerthomson\" \/>\n<meta name=\"twitter:label1\" content=\"Est. reading time\" \/>\n\t<meta name=\"twitter:data1\" content=\"3 minutes\" \/>\n<script type=\"application\/ld+json\" class=\"yoast-schema-graph\">{\"@context\":\"https:\/\/schema.org\",\"@graph\":[{\"@type\":\"WebPage\",\"@id\":\"https:\/\/www.millerthomson.com\/fr\/carrieres\/etudiants-et-stagiaires\/programme-national-de-bourses-detudes-et-de-mentorat-de-miller-thomson-pour-la-diversite\/\",\"url\":\"https:\/\/www.millerthomson.com\/fr\/carrieres\/etudiants-et-stagiaires\/programme-national-de-bourses-detudes-et-de-mentorat-de-miller-thomson-pour-la-diversite\/\",\"name\":\"Programme national de bourses d\u2019\u00e9tudes et de mentorat de Miller Thomson pour la diversit\u00e9 | Miller Thomson\",\"isPartOf\":{\"@id\":\"https:\/\/www.millerthomson.com\/fr\/#website\"},\"datePublished\":\"2024-10-11T20:30:34+00:00\",\"dateModified\":\"2025-09-10T16:26:48+00:00\",\"breadcrumb\":{\"@id\":\"https:\/\/www.millerthomson.com\/fr\/carrieres\/etudiants-et-stagiaires\/programme-national-de-bourses-detudes-et-de-mentorat-de-miller-thomson-pour-la-diversite\/#breadcrumb\"},\"inLanguage\":\"fr-FR\",\"potentialAction\":[{\"@type\":\"ReadAction\",\"target\":[\"https:\/\/www.millerthomson.com\/fr\/carrieres\/etudiants-et-stagiaires\/programme-national-de-bourses-detudes-et-de-mentorat-de-miller-thomson-pour-la-diversite\/\"]}]},{\"@type\":\"BreadcrumbList\",\"@id\":\"https:\/\/www.millerthomson.com\/fr\/carrieres\/etudiants-et-stagiaires\/programme-national-de-bourses-detudes-et-de-mentorat-de-miller-thomson-pour-la-diversite\/#breadcrumb\",\"itemListElement\":[{\"@type\":\"ListItem\",\"position\":1,\"name\":\"Accueil\",\"item\":\"https:\/\/www.millerthomson.com\/fr\/\"},{\"@type\":\"ListItem\",\"position\":2,\"name\":\"Carri\u00e8res\",\"item\":\"https:\/\/www.millerthomson.com\/fr\/carrieres\/\"},{\"@type\":\"ListItem\",\"position\":3,\"name\":\"\u00c9tudiantes, \u00e9tudiants et stagiaires\",\"item\":\"https:\/\/www.millerthomson.com\/fr\/carrieres\/etudiants-et-stagiaires\/\"},{\"@type\":\"ListItem\",\"position\":4,\"name\":\"Programme national de bourses d\u2019\u00e9tudes et de mentorat de Miller Thomson pour la diversit\u00e9\"}]},{\"@type\":\"WebSite\",\"@id\":\"https:\/\/www.millerthomson.com\/fr\/#website\",\"url\":\"https:\/\/www.millerthomson.com\/fr\/\",\"name\":\"Miller Thomson | Cabinet de droit des affaires pancanadien\",\"description\":\"National law firm providing business law expertise and litigation and disputes services for businesses across Canada since 1957.\",\"publisher\":{\"@id\":\"https:\/\/www.millerthomson.com\/fr\/#organization\"},\"potentialAction\":[{\"@type\":\"SearchAction\",\"target\":{\"@type\":\"EntryPoint\",\"urlTemplate\":\"https:\/\/www.millerthomson.com\/fr\/?s={search_term_string}\"},\"query-input\":{\"@type\":\"PropertyValueSpecification\",\"valueRequired\":true,\"valueName\":\"search_term_string\"}}],\"inLanguage\":\"fr-FR\"},{\"@type\":\"Organization\",\"@id\":\"https:\/\/www.millerthomson.com\/fr\/#organization\",\"name\":\"Miller Thomson | Cabinet de droit des affaires pancanadien\",\"url\":\"https:\/\/www.millerthomson.com\/fr\/\",\"logo\":{\"@type\":\"ImageObject\",\"inLanguage\":\"fr-FR\",\"@id\":\"https:\/\/www.millerthomson.com\/fr\/#\/schema\/logo\/image\/\",\"url\":\"https:\/\/www.millerthomson.com\/wp-content\/uploads\/2024\/10\/miller-thomson.svg\",\"contentUrl\":\"https:\/\/www.millerthomson.com\/wp-content\/uploads\/2024\/10\/miller-thomson.svg\",\"width\":380,\"height\":50,\"caption\":\"Miller Thomson | Cabinet de droit des affaires pancanadien\"},\"image\":{\"@id\":\"https:\/\/www.millerthomson.com\/fr\/#\/schema\/logo\/image\/\"},\"sameAs\":[\"https:\/\/www.facebook.com\/MillerThomsonLaw\/\",\"https:\/\/x.com\/millerthomson\",\"https:\/\/www.linkedin.com\/company\/miller-thomson-llp\/\",\"https:\/\/www.youtube.com\/@millerthomson\"]}]}<\/script>\n<!-- \/ Yoast SEO plugin. -->","yoast_head_json":{"title":"Programme national de bourses d\u2019\u00e9tudes et de mentorat de Miller Thomson pour la diversit\u00e9 | Miller Thomson","robots":{"index":"index","follow":"follow","max-snippet":"max-snippet:-1","max-image-preview":"max-image-preview:large","max-video-preview":"max-video-preview:-1"},"canonical":"https:\/\/www.millerthomson.com\/fr\/carrieres\/etudiants-et-stagiaires\/programme-national-de-bourses-detudes-et-de-mentorat-de-miller-thomson-pour-la-diversite\/","og_locale":"fr_FR","og_type":"article","og_title":"Programme national de bourses d\u2019\u00e9tudes et de mentorat de Miller Thomson pour la diversit\u00e9 | Miller Thomson","og_description":"Deux bourses d\u2019\u00e9tudes d\u2019une valeur de 2\u2009500&nbsp;$ pour la diversit\u00e9 L\u2019\u00e9quit\u00e9, la diversit\u00e9 et l\u2019inclusion sont au c\u0153ur de la vision, des valeurs et du plan strat\u00e9gique de Miller Thomson. Le programme national de bourses d\u2019\u00e9tudes et de mentorat de Miller Thomson pour la diversit\u00e9 illustre notre engagement \u00e0 soutenir les mesures ax\u00e9es sur l\u2019\u00e9quit\u00e9, [&hellip;]","og_url":"https:\/\/www.millerthomson.com\/fr\/carrieres\/etudiants-et-stagiaires\/programme-national-de-bourses-detudes-et-de-mentorat-de-miller-thomson-pour-la-diversite\/","og_site_name":"Miller Thomson","article_publisher":"https:\/\/www.facebook.com\/MillerThomsonLaw\/","article_modified_time":"2025-09-10T16:26:48+00:00","og_image":[{"width":1920,"height":1098,"url":"https:\/\/www.millerthomson.com\/wp-content\/uploads\/2025\/04\/careers_firmtours.jpg","type":"image\/jpeg"}],"twitter_card":"summary_large_image","twitter_site":"@millerthomson","twitter_misc":{"Est. reading time":"3 minutes"},"schema":{"@context":"https:\/\/schema.org","@graph":[{"@type":"WebPage","@id":"https:\/\/www.millerthomson.com\/fr\/carrieres\/etudiants-et-stagiaires\/programme-national-de-bourses-detudes-et-de-mentorat-de-miller-thomson-pour-la-diversite\/","url":"https:\/\/www.millerthomson.com\/fr\/carrieres\/etudiants-et-stagiaires\/programme-national-de-bourses-detudes-et-de-mentorat-de-miller-thomson-pour-la-diversite\/","name":"Programme national de bourses d\u2019\u00e9tudes et de mentorat de Miller Thomson pour la diversit\u00e9 | Miller Thomson","isPartOf":{"@id":"https:\/\/www.millerthomson.com\/fr\/#website"},"datePublished":"2024-10-11T20:30:34+00:00","dateModified":"2025-09-10T16:26:48+00:00","breadcrumb":{"@id":"https:\/\/www.millerthomson.com\/fr\/carrieres\/etudiants-et-stagiaires\/programme-national-de-bourses-detudes-et-de-mentorat-de-miller-thomson-pour-la-diversite\/#breadcrumb"},"inLanguage":"fr-FR","potentialAction":[{"@type":"ReadAction","target":["https:\/\/www.millerthomson.com\/fr\/carrieres\/etudiants-et-stagiaires\/programme-national-de-bourses-detudes-et-de-mentorat-de-miller-thomson-pour-la-diversite\/"]}]},{"@type":"BreadcrumbList","@id":"https:\/\/www.millerthomson.com\/fr\/carrieres\/etudiants-et-stagiaires\/programme-national-de-bourses-detudes-et-de-mentorat-de-miller-thomson-pour-la-diversite\/#breadcrumb","itemListElement":[{"@type":"ListItem","position":1,"name":"Accueil","item":"https:\/\/www.millerthomson.com\/fr\/"},{"@type":"ListItem","position":2,"name":"Carri\u00e8res","item":"https:\/\/www.millerthomson.com\/fr\/carrieres\/"},{"@type":"ListItem","position":3,"name":"\u00c9tudiantes, \u00e9tudiants et stagiaires","item":"https:\/\/www.millerthomson.com\/fr\/carrieres\/etudiants-et-stagiaires\/"},{"@type":"ListItem","position":4,"name":"Programme national de bourses d\u2019\u00e9tudes et de mentorat de Miller Thomson pour la diversit\u00e9"}]},{"@type":"WebSite","@id":"https:\/\/www.millerthomson.com\/fr\/#website","url":"https:\/\/www.millerthomson.com\/fr\/","name":"Miller Thomson | Cabinet de droit des affaires pancanadien","description":"National law firm providing business law expertise and litigation and disputes services for businesses across Canada since 1957.","publisher":{"@id":"https:\/\/www.millerthomson.com\/fr\/#organization"},"potentialAction":[{"@type":"SearchAction","target":{"@type":"EntryPoint","urlTemplate":"https:\/\/www.millerthomson.com\/fr\/?s={search_term_string}"},"query-input":{"@type":"PropertyValueSpecification","valueRequired":true,"valueName":"search_term_string"}}],"inLanguage":"fr-FR"},{"@type":"Organization","@id":"https:\/\/www.millerthomson.com\/fr\/#organization","name":"Miller Thomson | Cabinet de droit des affaires pancanadien","url":"https:\/\/www.millerthomson.com\/fr\/","logo":{"@type":"ImageObject","inLanguage":"fr-FR","@id":"https:\/\/www.millerthomson.com\/fr\/#\/schema\/logo\/image\/","url":"https:\/\/www.millerthomson.com\/wp-content\/uploads\/2024\/10\/miller-thomson.svg","contentUrl":"https:\/\/www.millerthomson.com\/wp-content\/uploads\/2024\/10\/miller-thomson.svg","width":380,"height":50,"caption":"Miller Thomson | Cabinet de droit des affaires pancanadien"},"image":{"@id":"https:\/\/www.millerthomson.com\/fr\/#\/schema\/logo\/image\/"},"sameAs":["https:\/\/www.facebook.com\/MillerThomsonLaw\/","https:\/\/x.com\/millerthomson","https:\/\/www.linkedin.com\/company\/miller-thomson-llp\/","https:\/\/www.youtube.com\/@millerthomson"]}]}},"_links":{"self":[{"href":"https:\/\/www.millerthomson.com\/fr\/wp-json\/wp\/v2\/pages\/13905","targetHints":{"allow":["GET"]}}],"collection":[{"href":"https:\/\/www.millerthomson.com\/fr\/wp-json\/wp\/v2\/pages"}],"about":[{"href":"https:\/\/www.millerthomson.com\/fr\/wp-json\/wp\/v2\/types\/page"}],"author":[{"embeddable":true,"href":"https:\/\/www.millerthomson.com\/fr\/wp-json\/wp\/v2\/users\/101"}],"replies":[{"embeddable":true,"href":"https:\/\/www.millerthomson.com\/fr\/wp-json\/wp\/v2\/comments?post=13905"}],"version-history":[{"count":0,"href":"https:\/\/www.millerthomson.com\/fr\/wp-json\/wp\/v2\/pages\/13905\/revisions"}],"up":[{"embeddable":true,"href":"https:\/\/www.millerthomson.com\/fr\/wp-json\/wp\/v2\/pages\/13910"}],"wp:attachment":[{"href":"https:\/\/www.millerthomson.com\/fr\/wp-json\/wp\/v2\/media?parent=13905"}],"curies":[{"name":"wp","href":"https:\/\/api.w.org\/{rel}","templated":true}]}}