{"id":13849,"date":"2024-10-09T17:49:40","date_gmt":"2024-10-09T21:49:40","guid":{"rendered":"https:\/\/www.millerthomson.com\/?page_id=13849"},"modified":"2026-03-10T12:29:27","modified_gmt":"2026-03-10T16:29:27","slug":"services-daffaires-et-adjointes-juridiques","status":"publish","type":"page","link":"https:\/\/www.millerthomson.com\/fr\/carrieres\/services-daffaires-et-adjointes-juridiques\/","title":{"rendered":"Services d\u2019affaires et adjointes juridiques"},"content":{"rendered":"<div id=\"overview\" class=\"page-banner wp-block-media-text is-stacked-on-mobile is-image-fill has-media-on-the-right alignfull\" style=\"background-color: var(--wp--preset--color--base-2)\" >\n    <figure class=\"wp-block-media-text__media\">\n        <img decoding=\"async\" width=\"1920\" height=\"1098\" src=\"https:\/\/www.millerthomson.com\/wp-content\/uploads\/2024\/11\/careers-featured-2.jpg\" class=\"attachment-full size-full\" alt=\"\" srcset=\"https:\/\/www.millerthomson.com\/wp-content\/uploads\/2024\/11\/careers-featured-2.jpg 1920w, https:\/\/www.millerthomson.com\/wp-content\/uploads\/2024\/11\/careers-featured-2-600x343.jpg 600w, https:\/\/www.millerthomson.com\/wp-content\/uploads\/2024\/11\/careers-featured-2-1200x686.jpg 1200w, https:\/\/www.millerthomson.com\/wp-content\/uploads\/2024\/11\/careers-featured-2-300x172.jpg 300w, https:\/\/www.millerthomson.com\/wp-content\/uploads\/2024\/11\/careers-featured-2-800x458.jpg 800w, https:\/\/www.millerthomson.com\/wp-content\/uploads\/2024\/11\/careers-featured-2-400x229.jpg 400w, https:\/\/www.millerthomson.com\/wp-content\/uploads\/2024\/11\/careers-featured-2-1889x1080.jpg 1889w\" sizes=\"(max-width: 1920px) 100vw, 1920px\" \/>        <div class=\"page-banner-colour-bar\"  ><\/div>\n    <\/figure>\n    <div class=\"wp-block-media-text__content\">\n        <p id=\"breadcrumbs\"><span><span><a href=\"https:\/\/www.millerthomson.com\/fr\/\">Accueil<\/a><\/span><\/span><\/p>        <div class=\"page-banner-acf__innerblocks\">\n<h1 class=\"wp-block-post-title\">Services d\u2019affaires et adjointes juridiques<\/h1>\n\n\n<p class=\"has-text-align-left has-medium-font-size\">Souhaitez-vous propulser votre carri\u00e8re?<\/p>\n\n<\/div>\n    <\/div>\n<\/div>\n\n\n\n<p>Que vous \u00e9voluiez en administration, communication, comptabilit\u00e9, d\u00e9veloppement des affaires, marketing, ressources humaines, technologies de l\u2019information, etc., Miller Thomson vous offre une exp\u00e9rience professionnelle qui cumule tous les atouts :<\/p>\n\n\n\n<ul class=\"wp-block-list\">\n<li>Une autonomie hors pair<\/li>\n\n\n\n<li>Un investissement majeur dans votre d\u00e9veloppement<\/li>\n\n\n\n<li>Des \u00e9quipes qui se mobilisent pour assurer votre r\u00e9ussite<\/li>\n\n\n\n<li>Des modalit\u00e9s de travail flexibles<\/li>\n\n\n\n<li>Un souci constant de votre \u00e9panouissement<\/li>\n<\/ul>\n\n\n\n<p>Situ\u00e9 strat\u00e9giquement dans 5 provinces canadiennes, Miller Thomson compte parmi les cabinets d\u2019avocats connaissant la croissance la plus rapide au pays. Fort de ce r\u00e9seau national d\u2019envergure, vous pouvez mener une carri\u00e8re florissante presque partout au Canada, b\u00e2tir des relations que vous n\u2019auriez jamais cru possibles et faire partie de quelque chose d\u2019encore plus grand.<\/p>\n\n\n\n<h2 class=\"wp-block-heading jump-link\">Une incidence concr\u00e8te sur les collectivit\u00e9s<\/h2>\n\n\n\n<p>Chez Miller Thomson, nous croyons qu\u2019en \u00e9tant solidaires nous pouvons avoir une incidence concr\u00e8te sur le monde et cr\u00e9er un meilleur avenir pour tous. Nous nous engageons donc \u00e0 changer les choses dans la collectivit\u00e9 en appuyant activement plusieurs organisations et causes, notamment :<\/p>\n\n\n\n<ul class=\"wp-block-list\">\n<li>Banques alimentaires locales<\/li>\n\n\n\n<li>Centraide<\/li>\n\n\n\n<li>Fondation Stephen Lewis<\/li>\n\n\n\n<li>Fondation Terry Fox<\/li>\n\n\n\n<li>Shoebox Project for Women<\/li>\n\n\n\n<li>SickKids<\/li>\n\n\n\n<li>The Lawyer Show<\/li>\n<\/ul>\n\n\n\n<p>En plus de participer \u00e0 des activit\u00e9s sportives et artistiques afin d\u2019\u00e9pauler divers organismes qui recueillent des fonds pour la recherche et fournissent des soins aux enfants malades, nous cautionnons le mouvement de la Fiert\u00e9, car nous croyons en l\u2019importance de b\u00e2tir une soci\u00e9t\u00e9 inclusive dans laquelle chaque personne sait trouver sa place.<\/p>\n\n\n\n<h2 class=\"wp-block-heading jump-link\">Joignez-vous \u00e0 notre \u00e9quipe!<\/h2>\n\n\n\n<div class=\"wp-block-cover has-parallax\"><div class=\"wp-block-cover__image-background wp-image-13466 has-parallax\" style=\"background-position:50% 50%;background-image:url(https:\/\/www.millerthomson.com\/wp-content\/uploads\/2024\/10\/Careers_Featured-1.jpg)\"><\/div><span aria-hidden=\"true\" class=\"wp-block-cover__background has-background-dim\" style=\"background-color:#90582f\"><\/span><div class=\"wp-block-cover__inner-container is-layout-constrained wp-block-cover-is-layout-constrained\">\n<div class='custom-separator center'>\n            <div style='width: 30%; background-color: var(--wp--preset--color--accent);'><\/div>\n    <\/div>\n\n\n<p class=\"has-text-align-center has-base-color has-text-color has-link-color has-large-font-size wp-elements-724bb58d41b7e3821adfa214fa1fc89e\" style=\"padding-right:var(--wp--preset--spacing--xx-large);padding-left:var(--wp--preset--spacing--xx-large)\"><strong>Nous recherchons toujours des personnes enthousiastes, engag\u00e9es, ayant l\u2019esprit d\u2019\u00e9quipe et ing\u00e9nieuses pour rejoindre notre \u00e9quipe en pleine expansion.<\/strong><\/p>\n\n\n\n<div class=\"wp-block-buttons is-content-justification-center is-layout-flex wp-container-core-buttons-is-layout-a89b3969 wp-block-buttons-is-layout-flex\">\n<div class=\"wp-block-button\"><a class=\"wp-block-button__link wp-element-button\" href=\"https:\/\/jobs.dayforcehcm.com\/fr-CA\/mthris\/CANDIDATEPORTAL\">Consulter les possibilit\u00e9s d\u2019emploi<\/a><\/div>\n<\/div>\n<\/div><\/div>\n\n\n\n<div style=\"height:30px\" aria-hidden=\"true\" class=\"wp-block-spacer\"><\/div>\n\n\n\n<div class=\"wp-block-columns is-layout-flex wp-container-core-columns-is-layout-28f84493 wp-block-columns-is-layout-flex\">\n<div class=\"wp-block-column is-layout-flow wp-block-column-is-layout-flow\">\n<p>Si ce milieu de travail vous interpelle et si le dynamisme, l\u2019engagement, la d\u00e9brouillardise et l\u2019esprit d\u2019\u00e9quipe vous caract\u00e9risent, joignez-vous \u00e0 un cabinet qui est pr\u00eat \u00e0 faire progresser votre carri\u00e8re :<\/p>\n\n\n\n<ul class=\"wp-block-list\">\n<li><a href=\"https:\/\/recruiting.ultipro.ca\/MIL5000MILTH\/JobBoard\/91701057-dcd8-4bda-af08-f6ccaea24601\/?q=&amp;o=postedDateDesc\">Consultez la liste de nos offres d\u2019emploi<\/a>.<\/li>\n\n\n\n<li>Si un poste vous int\u00e9resse, soumettez-nous votre curriculum vit\u00e6.<\/li>\n\n\n\n<li>Vous pouvez \u00e9galement cr\u00e9er un profil et vous inscrire \u00e0 des alertes-emplois.<\/li>\n<\/ul>\n\n\n\n<p>Pour en savoir plus sur Miller Thomson, consultez notre page <a href=\"https:\/\/www.linkedin.com\/company\/miller-thomson-llp\/life\/e2956dd3-db63-47e1-8898-82f28f760804\/?viewAsMember=true\" target=\"_blank\" rel=\"noreferrer noopener\">Vie d\u2019entreprise sur LinkedIn<\/a>.<\/p>\n\n\n\n<p><em>Miller Thomson S.E.N.C.R.L. souscrit au principe de l\u2019acc\u00e8s \u00e0 l\u2019\u00e9galit\u00e9 en emploi et s\u2019est donc engag\u00e9 \u00e0 respecter les notions d\u2019\u00e9quit\u00e9, de diversit\u00e9, d\u2019inclusion et d\u2019accessibilit\u00e9. Notre \u00e9quipe veillera, sur demande, \u00e0 l\u2019accommodement des personnes en situation de handicap tout au long du processus de recrutement, de s\u00e9lection et d\u2019\u00e9valuation. Pour que de telles mesures soient mises en place, communiquez avec le Service de gestion des comp\u00e9tences.<\/em><\/p>\n\n\n\n<div class=\"wp-block-columns is-layout-flex wp-container-core-columns-is-layout-28f84493 wp-block-columns-is-layout-flex\">\n<div class=\"wp-block-column is-layout-flow wp-block-column-is-layout-flow\">\n<figure class=\"wp-block-image size-large is-resized\"><a href=\"https:\/\/www.greatplacetowork.ca\/fr\/\"><img decoding=\"async\" width=\"1200\" height=\"1698\" src=\"https:\/\/www.millerthomson.com\/wp-content\/uploads\/2025\/12\/MT-GPTW-FR-1200x1698.png\" alt=\"Great Place to Work - Certifi\u00e9 Oct 2025-Oct 2026\" class=\"wp-image-42850\" style=\"width:auto;height:100px\" srcset=\"https:\/\/www.millerthomson.com\/wp-content\/uploads\/2025\/12\/MT-GPTW-FR-1200x1698.png 1200w, https:\/\/www.millerthomson.com\/wp-content\/uploads\/2025\/12\/MT-GPTW-FR-600x849.png 600w, https:\/\/www.millerthomson.com\/wp-content\/uploads\/2025\/12\/MT-GPTW-FR-300x424.png 300w, https:\/\/www.millerthomson.com\/wp-content\/uploads\/2025\/12\/MT-GPTW-FR-800x1132.png 800w, https:\/\/www.millerthomson.com\/wp-content\/uploads\/2025\/12\/MT-GPTW-FR-400x566.png 400w, https:\/\/www.millerthomson.com\/wp-content\/uploads\/2025\/12\/MT-GPTW-FR-763x1080.png 763w, https:\/\/www.millerthomson.com\/wp-content\/uploads\/2025\/12\/MT-GPTW-FR.png 1357w\" sizes=\"(max-width: 1200px) 100vw, 1200px\" \/><\/a><\/figure>\n<\/div>\n\n\n\n<div class=\"wp-block-column is-layout-flow wp-block-column-is-layout-flow\">\n<figure class=\"wp-block-image size-full is-resized\"><a href=\"https:\/\/www.greatplacetowork.ca\/fr\/meilleurslieuxdetravail\/meilleurs-lieux-de-travail-au-canada-pour-les-services-professionnels\/2025\"><img decoding=\"async\" width=\"851\" height=\"806\" src=\"https:\/\/www.millerthomson.com\/wp-content\/uploads\/2025\/06\/Professional-Services-2025-FR.png\" alt=\"Meilleurs lieux de travail dans les services professionnels - Great Place to Work Canada 2025\" class=\"wp-image-34144\" style=\"width:auto;height:100px\" srcset=\"https:\/\/www.millerthomson.com\/wp-content\/uploads\/2025\/06\/Professional-Services-2025-FR.png 851w, https:\/\/www.millerthomson.com\/wp-content\/uploads\/2025\/06\/Professional-Services-2025-FR-600x568.png 600w, https:\/\/www.millerthomson.com\/wp-content\/uploads\/2025\/06\/Professional-Services-2025-FR-300x284.png 300w, https:\/\/www.millerthomson.com\/wp-content\/uploads\/2025\/06\/Professional-Services-2025-FR-800x758.png 800w, https:\/\/www.millerthomson.com\/wp-content\/uploads\/2025\/06\/Professional-Services-2025-FR-400x379.png 400w\" sizes=\"(max-width: 851px) 100vw, 851px\" \/><\/a><\/figure>\n<\/div>\n\n\n\n<div class=\"wp-block-column is-layout-flow wp-block-column-is-layout-flow\">\n<figure class=\"wp-block-image size-full is-resized\"><a href=\"https:\/\/www.greatplacetowork.ca\/fr\/meilleurslieuxdetravail\/best-workplaces-in-canada-for-women\/2026\"><img decoding=\"async\" width=\"853\" height=\"807\" src=\"https:\/\/www.millerthomson.com\/wp-content\/uploads\/2026\/03\/GPTW-women-FR.png\" alt=\"Meilleurs lieux de travail pour les femmes - Great Place to Work Canada 2026\" class=\"wp-image-47349\" style=\"width:auto;height:100px\" srcset=\"https:\/\/www.millerthomson.com\/wp-content\/uploads\/2026\/03\/GPTW-women-FR.png 853w, https:\/\/www.millerthomson.com\/wp-content\/uploads\/2026\/03\/GPTW-women-FR-600x568.png 600w, https:\/\/www.millerthomson.com\/wp-content\/uploads\/2026\/03\/GPTW-women-FR-300x284.png 300w, https:\/\/www.millerthomson.com\/wp-content\/uploads\/2026\/03\/GPTW-women-FR-800x757.png 800w, https:\/\/www.millerthomson.com\/wp-content\/uploads\/2026\/03\/GPTW-women-FR-400x378.png 400w\" sizes=\"(max-width: 853px) 100vw, 853px\" \/><\/a><\/figure>\n<\/div>\n<\/div>\n<\/div>\n\n\n\n<div class=\"wp-block-column is-layout-flow wp-block-column-is-layout-flow\">\n<h3 class=\"wp-block-heading jump-link\">Personne-ressource<\/h3>\n\n\n\n<p>Pour en savoir davantage sur une carri\u00e8re dans le domaine juridique, n\u2019h\u00e9sitez pas \u00e0 nous \u00e9crire \u00e0 l\u2019adresse <a href=\"mailto:talentacquisition@millerthomson.com\">talentacquisition@millerthomson.com<\/a>.<\/p>\n\n\n\n<div style=\"height:3px\" aria-hidden=\"true\" class=\"wp-block-spacer\"><\/div>\n\n\n\n<figure class=\"wp-block-embed is-type-video is-provider-youtube wp-block-embed-youtube wp-embed-aspect-16-9 wp-has-aspect-ratio\"><div class=\"wp-block-embed__wrapper\">\n<iframe loading=\"lazy\" title=\"Find your spark at Miller Thomson | Trouvez votre \u00e9tincelle chez Miller Thomson\" width=\"500\" height=\"281\" src=\"https:\/\/www.youtube.com\/embed\/YDlu75HcKOY?feature=oembed\" frameborder=\"0\" allow=\"accelerometer; autoplay; clipboard-write; encrypted-media; gyroscope; picture-in-picture; web-share\" referrerpolicy=\"strict-origin-when-cross-origin\" allowfullscreen><\/iframe>\n<\/div><\/figure>\n<\/div>\n<\/div>\n\n\n\n<p><\/p>\n","protected":false},"excerpt":{"rendered":"<p>Que vous \u00e9voluiez en administration, communication, comptabilit\u00e9, d\u00e9veloppement des affaires, marketing, ressources humaines, technologies de l\u2019information, etc., Miller Thomson vous offre une exp\u00e9rience professionnelle qui cumule tous les atouts : Situ\u00e9 strat\u00e9giquement dans 5 provinces canadiennes, Miller Thomson compte parmi les cabinets d\u2019avocats connaissant la croissance la plus rapide au pays. Fort de ce r\u00e9seau [&hellip;]<\/p>\n","protected":false},"author":107,"featured_media":19702,"parent":14023,"menu_order":0,"comment_status":"closed","ping_status":"closed","template":"","meta":{"_acf_changed":false,"footnotes":""},"class_list":["post-13849","page","type-page","status-publish","has-post-thumbnail","hentry"],"acf":[],"yoast_head":"<!-- This site is optimized with the Yoast SEO plugin v26.1.1 - https:\/\/yoast.com\/wordpress\/plugins\/seo\/ -->\n<title>Services d\u2019affaires et adjointes juridiques | Miller Thomson<\/title>\n<meta name=\"robots\" content=\"index, follow, max-snippet:-1, max-image-preview:large, max-video-preview:-1\" \/>\n<link rel=\"canonical\" href=\"https:\/\/www.millerthomson.com\/fr\/carrieres\/services-daffaires-et-adjointes-juridiques\/\" \/>\n<meta property=\"og:locale\" content=\"fr_FR\" \/>\n<meta property=\"og:type\" content=\"article\" \/>\n<meta property=\"og:title\" content=\"Services d\u2019affaires et adjointes juridiques | Miller Thomson\" \/>\n<meta property=\"og:description\" content=\"Que vous \u00e9voluiez en administration, communication, comptabilit\u00e9, d\u00e9veloppement des affaires, marketing, ressources humaines, technologies de l\u2019information, etc., Miller Thomson vous offre une exp\u00e9rience professionnelle qui cumule tous les atouts : Situ\u00e9 strat\u00e9giquement dans 5 provinces canadiennes, Miller Thomson compte parmi les cabinets d\u2019avocats connaissant la croissance la plus rapide au pays. Fort de ce r\u00e9seau [&hellip;]\" \/>\n<meta property=\"og:url\" content=\"https:\/\/www.millerthomson.com\/fr\/carrieres\/services-daffaires-et-adjointes-juridiques\/\" \/>\n<meta property=\"og:site_name\" content=\"Miller Thomson\" \/>\n<meta property=\"article:publisher\" content=\"https:\/\/www.facebook.com\/MillerThomsonLaw\/\" \/>\n<meta property=\"article:modified_time\" content=\"2026-03-10T16:29:27+00:00\" \/>\n<meta property=\"og:image\" content=\"https:\/\/www.millerthomson.com\/wp-content\/uploads\/2024\/11\/careers-featured-2.jpg\" \/>\n\t<meta property=\"og:image:width\" content=\"1920\" \/>\n\t<meta property=\"og:image:height\" content=\"1098\" \/>\n\t<meta property=\"og:image:type\" content=\"image\/jpeg\" \/>\n<meta name=\"twitter:card\" content=\"summary_large_image\" \/>\n<meta name=\"twitter:site\" content=\"@millerthomson\" \/>\n<meta name=\"twitter:label1\" content=\"Est. reading time\" \/>\n\t<meta name=\"twitter:data1\" content=\"3 minutes\" \/>\n<script type=\"application\/ld+json\" class=\"yoast-schema-graph\">{\"@context\":\"https:\/\/schema.org\",\"@graph\":[{\"@type\":\"WebPage\",\"@id\":\"https:\/\/www.millerthomson.com\/fr\/carrieres\/services-daffaires-et-adjointes-juridiques\/\",\"url\":\"https:\/\/www.millerthomson.com\/fr\/carrieres\/services-daffaires-et-adjointes-juridiques\/\",\"name\":\"Services d\u2019affaires et adjointes juridiques | Miller Thomson\",\"isPartOf\":{\"@id\":\"https:\/\/www.millerthomson.com\/fr\/#website\"},\"primaryImageOfPage\":{\"@id\":\"https:\/\/www.millerthomson.com\/fr\/carrieres\/services-daffaires-et-adjointes-juridiques\/#primaryimage\"},\"image\":{\"@id\":\"https:\/\/www.millerthomson.com\/fr\/carrieres\/services-daffaires-et-adjointes-juridiques\/#primaryimage\"},\"thumbnailUrl\":\"https:\/\/www.millerthomson.com\/wp-content\/uploads\/2024\/11\/careers-featured-2.jpg\",\"datePublished\":\"2024-10-09T21:49:40+00:00\",\"dateModified\":\"2026-03-10T16:29:27+00:00\",\"breadcrumb\":{\"@id\":\"https:\/\/www.millerthomson.com\/fr\/carrieres\/services-daffaires-et-adjointes-juridiques\/#breadcrumb\"},\"inLanguage\":\"fr-FR\",\"potentialAction\":[{\"@type\":\"ReadAction\",\"target\":[\"https:\/\/www.millerthomson.com\/fr\/carrieres\/services-daffaires-et-adjointes-juridiques\/\"]}]},{\"@type\":\"ImageObject\",\"inLanguage\":\"fr-FR\",\"@id\":\"https:\/\/www.millerthomson.com\/fr\/carrieres\/services-daffaires-et-adjointes-juridiques\/#primaryimage\",\"url\":\"https:\/\/www.millerthomson.com\/wp-content\/uploads\/2024\/11\/careers-featured-2.jpg\",\"contentUrl\":\"https:\/\/www.millerthomson.com\/wp-content\/uploads\/2024\/11\/careers-featured-2.jpg\",\"width\":1920,\"height\":1098},{\"@type\":\"BreadcrumbList\",\"@id\":\"https:\/\/www.millerthomson.com\/fr\/carrieres\/services-daffaires-et-adjointes-juridiques\/#breadcrumb\",\"itemListElement\":[{\"@type\":\"ListItem\",\"position\":1,\"name\":\"Accueil\",\"item\":\"https:\/\/www.millerthomson.com\/fr\/\"},{\"@type\":\"ListItem\",\"position\":2,\"name\":\"Carri\u00e8res\",\"item\":\"https:\/\/www.millerthomson.com\/fr\/carrieres\/\"},{\"@type\":\"ListItem\",\"position\":3,\"name\":\"Services d\u2019affaires et adjointes juridiques\"}]},{\"@type\":\"WebSite\",\"@id\":\"https:\/\/www.millerthomson.com\/fr\/#website\",\"url\":\"https:\/\/www.millerthomson.com\/fr\/\",\"name\":\"Miller Thomson | Cabinet de droit des affaires pancanadien\",\"description\":\"National law firm providing business law expertise and litigation and disputes services for businesses across Canada since 1957.\",\"publisher\":{\"@id\":\"https:\/\/www.millerthomson.com\/fr\/#organization\"},\"potentialAction\":[{\"@type\":\"SearchAction\",\"target\":{\"@type\":\"EntryPoint\",\"urlTemplate\":\"https:\/\/www.millerthomson.com\/fr\/?s={search_term_string}\"},\"query-input\":{\"@type\":\"PropertyValueSpecification\",\"valueRequired\":true,\"valueName\":\"search_term_string\"}}],\"inLanguage\":\"fr-FR\"},{\"@type\":\"Organization\",\"@id\":\"https:\/\/www.millerthomson.com\/fr\/#organization\",\"name\":\"Miller Thomson | Cabinet de droit des affaires pancanadien\",\"url\":\"https:\/\/www.millerthomson.com\/fr\/\",\"logo\":{\"@type\":\"ImageObject\",\"inLanguage\":\"fr-FR\",\"@id\":\"https:\/\/www.millerthomson.com\/fr\/#\/schema\/logo\/image\/\",\"url\":\"https:\/\/www.millerthomson.com\/wp-content\/uploads\/2024\/10\/miller-thomson.svg\",\"contentUrl\":\"https:\/\/www.millerthomson.com\/wp-content\/uploads\/2024\/10\/miller-thomson.svg\",\"width\":380,\"height\":50,\"caption\":\"Miller Thomson | Cabinet de droit des affaires pancanadien\"},\"image\":{\"@id\":\"https:\/\/www.millerthomson.com\/fr\/#\/schema\/logo\/image\/\"},\"sameAs\":[\"https:\/\/www.facebook.com\/MillerThomsonLaw\/\",\"https:\/\/x.com\/millerthomson\",\"https:\/\/www.linkedin.com\/company\/miller-thomson-llp\/\",\"https:\/\/www.youtube.com\/@millerthomson\"]}]}<\/script>\n<!-- \/ Yoast SEO plugin. -->","yoast_head_json":{"title":"Services d\u2019affaires et adjointes juridiques | Miller Thomson","robots":{"index":"index","follow":"follow","max-snippet":"max-snippet:-1","max-image-preview":"max-image-preview:large","max-video-preview":"max-video-preview:-1"},"canonical":"https:\/\/www.millerthomson.com\/fr\/carrieres\/services-daffaires-et-adjointes-juridiques\/","og_locale":"fr_FR","og_type":"article","og_title":"Services d\u2019affaires et adjointes juridiques | Miller Thomson","og_description":"Que vous \u00e9voluiez en administration, communication, comptabilit\u00e9, d\u00e9veloppement des affaires, marketing, ressources humaines, technologies de l\u2019information, etc., Miller Thomson vous offre une exp\u00e9rience professionnelle qui cumule tous les atouts : Situ\u00e9 strat\u00e9giquement dans 5 provinces canadiennes, Miller Thomson compte parmi les cabinets d\u2019avocats connaissant la croissance la plus rapide au pays. Fort de ce r\u00e9seau [&hellip;]","og_url":"https:\/\/www.millerthomson.com\/fr\/carrieres\/services-daffaires-et-adjointes-juridiques\/","og_site_name":"Miller Thomson","article_publisher":"https:\/\/www.facebook.com\/MillerThomsonLaw\/","article_modified_time":"2026-03-10T16:29:27+00:00","og_image":[{"width":1920,"height":1098,"url":"https:\/\/www.millerthomson.com\/wp-content\/uploads\/2024\/11\/careers-featured-2.jpg","type":"image\/jpeg"}],"twitter_card":"summary_large_image","twitter_site":"@millerthomson","twitter_misc":{"Est. reading time":"3 minutes"},"schema":{"@context":"https:\/\/schema.org","@graph":[{"@type":"WebPage","@id":"https:\/\/www.millerthomson.com\/fr\/carrieres\/services-daffaires-et-adjointes-juridiques\/","url":"https:\/\/www.millerthomson.com\/fr\/carrieres\/services-daffaires-et-adjointes-juridiques\/","name":"Services d\u2019affaires et adjointes juridiques | Miller Thomson","isPartOf":{"@id":"https:\/\/www.millerthomson.com\/fr\/#website"},"primaryImageOfPage":{"@id":"https:\/\/www.millerthomson.com\/fr\/carrieres\/services-daffaires-et-adjointes-juridiques\/#primaryimage"},"image":{"@id":"https:\/\/www.millerthomson.com\/fr\/carrieres\/services-daffaires-et-adjointes-juridiques\/#primaryimage"},"thumbnailUrl":"https:\/\/www.millerthomson.com\/wp-content\/uploads\/2024\/11\/careers-featured-2.jpg","datePublished":"2024-10-09T21:49:40+00:00","dateModified":"2026-03-10T16:29:27+00:00","breadcrumb":{"@id":"https:\/\/www.millerthomson.com\/fr\/carrieres\/services-daffaires-et-adjointes-juridiques\/#breadcrumb"},"inLanguage":"fr-FR","potentialAction":[{"@type":"ReadAction","target":["https:\/\/www.millerthomson.com\/fr\/carrieres\/services-daffaires-et-adjointes-juridiques\/"]}]},{"@type":"ImageObject","inLanguage":"fr-FR","@id":"https:\/\/www.millerthomson.com\/fr\/carrieres\/services-daffaires-et-adjointes-juridiques\/#primaryimage","url":"https:\/\/www.millerthomson.com\/wp-content\/uploads\/2024\/11\/careers-featured-2.jpg","contentUrl":"https:\/\/www.millerthomson.com\/wp-content\/uploads\/2024\/11\/careers-featured-2.jpg","width":1920,"height":1098},{"@type":"BreadcrumbList","@id":"https:\/\/www.millerthomson.com\/fr\/carrieres\/services-daffaires-et-adjointes-juridiques\/#breadcrumb","itemListElement":[{"@type":"ListItem","position":1,"name":"Accueil","item":"https:\/\/www.millerthomson.com\/fr\/"},{"@type":"ListItem","position":2,"name":"Carri\u00e8res","item":"https:\/\/www.millerthomson.com\/fr\/carrieres\/"},{"@type":"ListItem","position":3,"name":"Services d\u2019affaires et adjointes juridiques"}]},{"@type":"WebSite","@id":"https:\/\/www.millerthomson.com\/fr\/#website","url":"https:\/\/www.millerthomson.com\/fr\/","name":"Miller Thomson | Cabinet de droit des affaires pancanadien","description":"National law firm providing business law expertise and litigation and disputes services for businesses across Canada since 1957.","publisher":{"@id":"https:\/\/www.millerthomson.com\/fr\/#organization"},"potentialAction":[{"@type":"SearchAction","target":{"@type":"EntryPoint","urlTemplate":"https:\/\/www.millerthomson.com\/fr\/?s={search_term_string}"},"query-input":{"@type":"PropertyValueSpecification","valueRequired":true,"valueName":"search_term_string"}}],"inLanguage":"fr-FR"},{"@type":"Organization","@id":"https:\/\/www.millerthomson.com\/fr\/#organization","name":"Miller Thomson | Cabinet de droit des affaires pancanadien","url":"https:\/\/www.millerthomson.com\/fr\/","logo":{"@type":"ImageObject","inLanguage":"fr-FR","@id":"https:\/\/www.millerthomson.com\/fr\/#\/schema\/logo\/image\/","url":"https:\/\/www.millerthomson.com\/wp-content\/uploads\/2024\/10\/miller-thomson.svg","contentUrl":"https:\/\/www.millerthomson.com\/wp-content\/uploads\/2024\/10\/miller-thomson.svg","width":380,"height":50,"caption":"Miller Thomson | Cabinet de droit des affaires pancanadien"},"image":{"@id":"https:\/\/www.millerthomson.com\/fr\/#\/schema\/logo\/image\/"},"sameAs":["https:\/\/www.facebook.com\/MillerThomsonLaw\/","https:\/\/x.com\/millerthomson","https:\/\/www.linkedin.com\/company\/miller-thomson-llp\/","https:\/\/www.youtube.com\/@millerthomson"]}]}},"_links":{"self":[{"href":"https:\/\/www.millerthomson.com\/fr\/wp-json\/wp\/v2\/pages\/13849","targetHints":{"allow":["GET"]}}],"collection":[{"href":"https:\/\/www.millerthomson.com\/fr\/wp-json\/wp\/v2\/pages"}],"about":[{"href":"https:\/\/www.millerthomson.com\/fr\/wp-json\/wp\/v2\/types\/page"}],"author":[{"embeddable":true,"href":"https:\/\/www.millerthomson.com\/fr\/wp-json\/wp\/v2\/users\/107"}],"replies":[{"embeddable":true,"href":"https:\/\/www.millerthomson.com\/fr\/wp-json\/wp\/v2\/comments?post=13849"}],"version-history":[{"count":1,"href":"https:\/\/www.millerthomson.com\/fr\/wp-json\/wp\/v2\/pages\/13849\/revisions"}],"predecessor-version":[{"id":47368,"href":"https:\/\/www.millerthomson.com\/fr\/wp-json\/wp\/v2\/pages\/13849\/revisions\/47368"}],"up":[{"embeddable":true,"href":"https:\/\/www.millerthomson.com\/fr\/wp-json\/wp\/v2\/pages\/14023"}],"wp:featuredmedia":[{"embeddable":true,"href":"https:\/\/www.millerthomson.com\/fr\/wp-json\/wp\/v2\/media\/19702"}],"wp:attachment":[{"href":"https:\/\/www.millerthomson.com\/fr\/wp-json\/wp\/v2\/media?parent=13849"}],"curies":[{"name":"wp","href":"https:\/\/api.w.org\/{rel}","templated":true}]}}