{"id":13310,"date":"2024-10-10T15:14:54","date_gmt":"2024-10-10T19:14:54","guid":{"rendered":"https:\/\/www.millerthomson.com\/?page_id=13310"},"modified":"2025-08-08T17:54:06","modified_gmt":"2025-08-08T21:54:06","slug":"le-programme-mtechmc","status":"publish","type":"page","link":"https:\/\/www.millerthomson.com\/fr\/services-auxiliaires\/le-programme-mtechmc\/","title":{"rendered":"Le programme MTech<sup>MC<\/sup>"},"content":{"rendered":"<div id=\"overview\" class=\"page-banner wp-block-media-text is-stacked-on-mobile is-image-fill has-media-on-the-right alignfull\" style=\"background-color: var(--wp--preset--color--base-3)\" >\n    <figure class=\"wp-block-media-text__media\">\n        <img decoding=\"async\" width=\"1920\" height=\"1098\" src=\"https:\/\/www.millerthomson.com\/wp-content\/uploads\/2024\/10\/Ancillary-services_M-Tech_Featured_reflection.jpg\" class=\"attachment-full size-full\" alt=\"\" srcset=\"https:\/\/www.millerthomson.com\/wp-content\/uploads\/2024\/10\/Ancillary-services_M-Tech_Featured_reflection.jpg 1920w, https:\/\/www.millerthomson.com\/wp-content\/uploads\/2024\/10\/Ancillary-services_M-Tech_Featured_reflection-600x343.jpg 600w, https:\/\/www.millerthomson.com\/wp-content\/uploads\/2024\/10\/Ancillary-services_M-Tech_Featured_reflection-1200x686.jpg 1200w, https:\/\/www.millerthomson.com\/wp-content\/uploads\/2024\/10\/Ancillary-services_M-Tech_Featured_reflection-300x172.jpg 300w, https:\/\/www.millerthomson.com\/wp-content\/uploads\/2024\/10\/Ancillary-services_M-Tech_Featured_reflection-800x458.jpg 800w, https:\/\/www.millerthomson.com\/wp-content\/uploads\/2024\/10\/Ancillary-services_M-Tech_Featured_reflection-400x229.jpg 400w, https:\/\/www.millerthomson.com\/wp-content\/uploads\/2024\/10\/Ancillary-services_M-Tech_Featured_reflection-1889x1080.jpg 1889w\" sizes=\"(max-width: 1920px) 100vw, 1920px\" \/>        <div class=\"page-banner-colour-bar\" style=\"background-color: var(--wp--preset--color--base-3)\" ><\/div>\n    <\/figure>\n    <div class=\"wp-block-media-text__content\">\n        <p id=\"breadcrumbs\"><span><span><a href=\"https:\/\/www.millerthomson.com\/fr\/\">Accueil<\/a><\/span><\/span><\/p>        <div class=\"page-banner-acf__innerblocks\">\n<h1 class=\"wp-block-post-title\">Le programme MTech<sup>MC<\/sup><\/h1>\n\n\n<p class=\"has-text-align-left has-medium-font-size\">Miller Thomson soutient depuis longtemps les entreprises en d\u00e9marrage; le cabinet a mis sur pied le programme MTech<sup>MC<\/sup> en 2006 afin d\u2019aider les jeunes entreprises \u00e0 \u00eatre pr\u00eates \u00e0 accueillir les investisseurs.<\/p>\n\n<\/div>\n    <\/div>\n<\/div>\n\n\n\n<p class=\"has-medium-font-size\">Dans le cadre du programme MTech<sup>MC<\/sup>, nous \u00e9tablissons des partenariats avec des entreprises en d\u00e9marrage et des entrepreneurs dont les activit\u00e9s et les id\u00e9es ont le potentiel de d\u00e9boucher sur des innovations et de r\u00e9volutionner le secteur. Notre engagement consiste \u00e0 jumeler chaque entreprise en d\u00e9marrage avec une \u00e9quipe d\u2019avocats dynamiques en droit des affaires qui fourniront des conseils juridiques judicieux avec le m\u00eame degr\u00e9 de passion et de cr\u00e9ativit\u00e9 que celui qui anime les entrepreneurs inscrits au programme MTech<sup>MC<\/sup>.<\/p>\n\n\n\n<div style=\"height:var(--wp--preset--spacing--x-large)\" aria-hidden=\"true\" class=\"wp-block-spacer\"><\/div>\n\n\n\n<div class=\"wp-block-group alignfull has-base-2-background-color has-background is-layout-constrained wp-block-group-is-layout-constrained\">\n<div class=\"wp-block-columns is-layout-flex wp-container-core-columns-is-layout-28f84493 wp-block-columns-is-layout-flex\">\n<div class=\"wp-block-column is-layout-flow wp-block-column-is-layout-flow\">\n<h2 class=\"wp-block-heading\">Le programme MTech<sup>MC<\/sup> propose les services suivants :<\/h2>\n\n\n\n<div class='custom-separator '>\n            <div style='width: 33.33%; background-color: var(--wp--preset--color--accent);'><\/div>\n    <\/div><\/div>\n\n\n\n<div class=\"wp-block-column is-layout-flow wp-block-column-is-layout-flow\">\n<ul class=\"wp-block-list\">\n<li style=\"margin-top:var(--wp--preset--spacing--small);margin-bottom:var(--wp--preset--spacing--small)\">Des tarifs pr\u00e9f\u00e9rentiels \u2013 taux r\u00e9duits, honoraires fixes et autres modes de tarification<\/li>\n\n\n\n<li style=\"margin-top:var(--wp--preset--spacing--small);margin-bottom:var(--wp--preset--spacing--small)\">Acc\u00e8s au vaste r\u00e9seau de Miller Thomson, qui comprend notamment des investisseurs, des fournisseurs de services et des entrepreneurs prosp\u00e8res du secteur de la technologie<\/li>\n\n\n\n<li style=\"margin-top:var(--wp--preset--spacing--small);margin-bottom:var(--wp--preset--spacing--small)\">\u00c9laboration de strat\u00e9gies en mati\u00e8re de propri\u00e9t\u00e9 intellectuelle visant \u00e0 prot\u00e9ger l\u2019entreprise et \u00e0 cr\u00e9er de la valeur<\/li>\n\n\n\n<li style=\"margin-top:var(--wp--preset--spacing--small);margin-bottom:var(--wp--preset--spacing--small)\">Utilisation de trousses de d\u00e9marrage pr\u00eates \u00e0 l\u2019emploi et de mod\u00e8les de documents con\u00e7us \u00e0 l\u2019intention des entreprises technologiques en d\u00e9marrage<\/li>\n<\/ul>\n<\/div>\n<\/div>\n<\/div>\n\n\n\n<div class=\"wp-block-group is-layout-constrained wp-block-group-is-layout-constrained\">\n<p class=\"has-medium-font-size\">Nous recherchons des entreprises qui poss\u00e8dent un grand potentiel de d\u00e9veloppement et qui sont pr\u00eates \u00e0 acc\u00e9l\u00e9rer leur croissance. Pour pr\u00e9senter une demande d\u2019inscription au programme MTech<sup>MC<\/sup>, suivez le lien ci-dessous. Nous vous demanderons quelques renseignements de base sur votre entreprise afin de d\u00e9terminer si elle est compatible avec le programme MTech<sup>MC<\/sup>.<\/p>\n\n\n\n<div class=\"wp-block-buttons is-layout-flex wp-block-buttons-is-layout-flex\">\n<div class=\"wp-block-button\"><a class=\"wp-block-button__link wp-element-button\" href=\"https:\/\/www.surveymonkey.com\/r\/SNF7B6Z\" target=\"_blank\" rel=\"noreferrer noopener\">Pr\u00e9senter une demande<\/a><\/div>\n<\/div>\n\n\n\n<h3 class=\"wp-block-heading has-medium-font-size\">Responsable de l\u2019\u00e9quipe MTech<sup>MC<\/sup><\/h3>\n\n\n\n    <section class=\"team-list \">\n        <div class=\"section-background\" ><\/div>\n            <ul class=\"team-members-list grid grid-1\">\n                                    <li>\n                        \n\n<article class=\"team-small-card\">\n    <a href=\"https:\/\/www.millerthomson.com\/fr\/votre-equipe\/philippe-st-louis\/\" aria-label=\"Philippe St-Louis\" class=\"no-underline\">\n        <figure class=\"team-card__thumbnail\">\n            <img decoding=\"async\" width=\"600\" height=\"720\" src=\"https:\/\/www.millerthomson.com\/wp-content\/uploads\/2016\/09\/philippe-st-louis-600x720.jpg\" class=\"team_card-thumbnail wp-post-image\" alt=\"Philippe St-Louis\" srcset=\"https:\/\/www.millerthomson.com\/wp-content\/uploads\/2016\/09\/philippe-st-louis-600x720.jpg 600w, https:\/\/www.millerthomson.com\/wp-content\/uploads\/2016\/09\/philippe-st-louis-300x360.jpg 300w, https:\/\/www.millerthomson.com\/wp-content\/uploads\/2016\/09\/philippe-st-louis-800x960.jpg 800w, https:\/\/www.millerthomson.com\/wp-content\/uploads\/2016\/09\/philippe-st-louis-400x480.jpg 400w, https:\/\/www.millerthomson.com\/wp-content\/uploads\/2016\/09\/philippe-st-louis-900x1080.jpg 900w, https:\/\/www.millerthomson.com\/wp-content\/uploads\/2016\/09\/philippe-st-louis.jpg 1200w\" sizes=\"(max-width: 600px) 100vw, 600px\" \/>        <\/figure>\n    <\/a>\n    <section class=\"team-card__body\">  \n        <h3 class=\"team-card__title has-h-5-font-size\">\n            <a href=\"https:\/\/www.millerthomson.com\/fr\/votre-equipe\/philippe-st-louis\/\" aria-label=\"Philippe St-Louis\">Philippe St-Louis<\/a>\n        <\/h3>\n            \n        <div class=\"team-card__designations\"><\/div>\n            \n        <div class=\"team-card__job\">\n            Associ\u00e9        <\/div>\n\n        <div class=\"has-small-font-size\">\n            Montr\u00e9al        <\/div>\n\n    <\/section>\n<\/article>\n\n\n                    <\/li>\n                            <\/ul>       \n    <\/section>\n\n<\/div>\n","protected":false},"excerpt":{"rendered":"<p>Dans le cadre du programme MTechMC, nous \u00e9tablissons des partenariats avec des entreprises en d\u00e9marrage et des entrepreneurs dont les activit\u00e9s et les id\u00e9es ont le potentiel de d\u00e9boucher sur des innovations et de r\u00e9volutionner le secteur. Notre engagement consiste \u00e0 jumeler chaque entreprise en d\u00e9marrage avec une \u00e9quipe d\u2019avocats dynamiques en droit des affaires [&hellip;]<\/p>\n","protected":false},"author":100,"featured_media":0,"parent":12421,"menu_order":0,"comment_status":"closed","ping_status":"closed","template":"","meta":{"_acf_changed":false,"footnotes":""},"class_list":["post-13310","page","type-page","status-publish","hentry"],"acf":[],"yoast_head":"<!-- This site is optimized with the Yoast SEO plugin v26.1.1 - https:\/\/yoast.com\/wordpress\/plugins\/seo\/ -->\n<title>Le programme MTechMC | Miller Thomson<\/title>\n<meta name=\"robots\" content=\"index, follow, max-snippet:-1, max-image-preview:large, max-video-preview:-1\" \/>\n<link rel=\"canonical\" href=\"https:\/\/www.millerthomson.com\/fr\/services-auxiliaires\/le-programme-mtechmc\/\" \/>\n<meta property=\"og:locale\" content=\"fr_FR\" \/>\n<meta property=\"og:type\" content=\"article\" \/>\n<meta property=\"og:title\" content=\"Le programme MTechMC | Miller Thomson\" \/>\n<meta property=\"og:description\" content=\"Dans le cadre du programme MTechMC, nous \u00e9tablissons des partenariats avec des entreprises en d\u00e9marrage et des entrepreneurs dont les activit\u00e9s et les id\u00e9es ont le potentiel de d\u00e9boucher sur des innovations et de r\u00e9volutionner le secteur. Notre engagement consiste \u00e0 jumeler chaque entreprise en d\u00e9marrage avec une \u00e9quipe d\u2019avocats dynamiques en droit des affaires [&hellip;]\" \/>\n<meta property=\"og:url\" content=\"https:\/\/www.millerthomson.com\/fr\/services-auxiliaires\/le-programme-mtechmc\/\" \/>\n<meta property=\"og:site_name\" content=\"Miller Thomson\" \/>\n<meta property=\"article:publisher\" content=\"https:\/\/www.facebook.com\/MillerThomsonLaw\/\" \/>\n<meta property=\"article:modified_time\" content=\"2025-08-08T21:54:06+00:00\" \/>\n<meta name=\"twitter:card\" content=\"summary_large_image\" \/>\n<meta name=\"twitter:site\" content=\"@millerthomson\" \/>\n<meta name=\"twitter:label1\" content=\"Est. reading time\" \/>\n\t<meta name=\"twitter:data1\" content=\"2 minutes\" \/>\n<script type=\"application\/ld+json\" class=\"yoast-schema-graph\">{\"@context\":\"https:\/\/schema.org\",\"@graph\":[{\"@type\":\"WebPage\",\"@id\":\"https:\/\/www.millerthomson.com\/fr\/services-auxiliaires\/le-programme-mtechmc\/\",\"url\":\"https:\/\/www.millerthomson.com\/fr\/services-auxiliaires\/le-programme-mtechmc\/\",\"name\":\"Le programme MTechMC | Miller Thomson\",\"isPartOf\":{\"@id\":\"https:\/\/www.millerthomson.com\/fr\/#website\"},\"datePublished\":\"2024-10-10T19:14:54+00:00\",\"dateModified\":\"2025-08-08T21:54:06+00:00\",\"breadcrumb\":{\"@id\":\"https:\/\/www.millerthomson.com\/fr\/services-auxiliaires\/le-programme-mtechmc\/#breadcrumb\"},\"inLanguage\":\"fr-FR\",\"potentialAction\":[{\"@type\":\"ReadAction\",\"target\":[\"https:\/\/www.millerthomson.com\/fr\/services-auxiliaires\/le-programme-mtechmc\/\"]}]},{\"@type\":\"BreadcrumbList\",\"@id\":\"https:\/\/www.millerthomson.com\/fr\/services-auxiliaires\/le-programme-mtechmc\/#breadcrumb\",\"itemListElement\":[{\"@type\":\"ListItem\",\"position\":1,\"name\":\"Accueil\",\"item\":\"https:\/\/www.millerthomson.com\/fr\/\"},{\"@type\":\"ListItem\",\"position\":2,\"name\":\"Services auxiliaires\",\"item\":\"https:\/\/www.millerthomson.com\/fr\/services-auxiliaires\/\"},{\"@type\":\"ListItem\",\"position\":3,\"name\":\"Le programme MTechMC\"}]},{\"@type\":\"WebSite\",\"@id\":\"https:\/\/www.millerthomson.com\/fr\/#website\",\"url\":\"https:\/\/www.millerthomson.com\/fr\/\",\"name\":\"Miller Thomson | Cabinet de droit des affaires pancanadien\",\"description\":\"National law firm providing business law expertise and litigation and disputes services for businesses across Canada since 1957.\",\"publisher\":{\"@id\":\"https:\/\/www.millerthomson.com\/fr\/#organization\"},\"potentialAction\":[{\"@type\":\"SearchAction\",\"target\":{\"@type\":\"EntryPoint\",\"urlTemplate\":\"https:\/\/www.millerthomson.com\/fr\/?s={search_term_string}\"},\"query-input\":{\"@type\":\"PropertyValueSpecification\",\"valueRequired\":true,\"valueName\":\"search_term_string\"}}],\"inLanguage\":\"fr-FR\"},{\"@type\":\"Organization\",\"@id\":\"https:\/\/www.millerthomson.com\/fr\/#organization\",\"name\":\"Miller Thomson | Cabinet de droit des affaires pancanadien\",\"url\":\"https:\/\/www.millerthomson.com\/fr\/\",\"logo\":{\"@type\":\"ImageObject\",\"inLanguage\":\"fr-FR\",\"@id\":\"https:\/\/www.millerthomson.com\/fr\/#\/schema\/logo\/image\/\",\"url\":\"https:\/\/www.millerthomson.com\/wp-content\/uploads\/2024\/10\/miller-thomson.svg\",\"contentUrl\":\"https:\/\/www.millerthomson.com\/wp-content\/uploads\/2024\/10\/miller-thomson.svg\",\"width\":380,\"height\":50,\"caption\":\"Miller Thomson | Cabinet de droit des affaires pancanadien\"},\"image\":{\"@id\":\"https:\/\/www.millerthomson.com\/fr\/#\/schema\/logo\/image\/\"},\"sameAs\":[\"https:\/\/www.facebook.com\/MillerThomsonLaw\/\",\"https:\/\/x.com\/millerthomson\",\"https:\/\/www.linkedin.com\/company\/miller-thomson-llp\/\",\"https:\/\/www.youtube.com\/@millerthomson\"]}]}<\/script>\n<!-- \/ Yoast SEO plugin. -->","yoast_head_json":{"title":"Le programme MTechMC | Miller Thomson","robots":{"index":"index","follow":"follow","max-snippet":"max-snippet:-1","max-image-preview":"max-image-preview:large","max-video-preview":"max-video-preview:-1"},"canonical":"https:\/\/www.millerthomson.com\/fr\/services-auxiliaires\/le-programme-mtechmc\/","og_locale":"fr_FR","og_type":"article","og_title":"Le programme MTechMC | Miller Thomson","og_description":"Dans le cadre du programme MTechMC, nous \u00e9tablissons des partenariats avec des entreprises en d\u00e9marrage et des entrepreneurs dont les activit\u00e9s et les id\u00e9es ont le potentiel de d\u00e9boucher sur des innovations et de r\u00e9volutionner le secteur. Notre engagement consiste \u00e0 jumeler chaque entreprise en d\u00e9marrage avec une \u00e9quipe d\u2019avocats dynamiques en droit des affaires [&hellip;]","og_url":"https:\/\/www.millerthomson.com\/fr\/services-auxiliaires\/le-programme-mtechmc\/","og_site_name":"Miller Thomson","article_publisher":"https:\/\/www.facebook.com\/MillerThomsonLaw\/","article_modified_time":"2025-08-08T21:54:06+00:00","twitter_card":"summary_large_image","twitter_site":"@millerthomson","twitter_misc":{"Est. reading time":"2 minutes"},"schema":{"@context":"https:\/\/schema.org","@graph":[{"@type":"WebPage","@id":"https:\/\/www.millerthomson.com\/fr\/services-auxiliaires\/le-programme-mtechmc\/","url":"https:\/\/www.millerthomson.com\/fr\/services-auxiliaires\/le-programme-mtechmc\/","name":"Le programme MTechMC | Miller Thomson","isPartOf":{"@id":"https:\/\/www.millerthomson.com\/fr\/#website"},"datePublished":"2024-10-10T19:14:54+00:00","dateModified":"2025-08-08T21:54:06+00:00","breadcrumb":{"@id":"https:\/\/www.millerthomson.com\/fr\/services-auxiliaires\/le-programme-mtechmc\/#breadcrumb"},"inLanguage":"fr-FR","potentialAction":[{"@type":"ReadAction","target":["https:\/\/www.millerthomson.com\/fr\/services-auxiliaires\/le-programme-mtechmc\/"]}]},{"@type":"BreadcrumbList","@id":"https:\/\/www.millerthomson.com\/fr\/services-auxiliaires\/le-programme-mtechmc\/#breadcrumb","itemListElement":[{"@type":"ListItem","position":1,"name":"Accueil","item":"https:\/\/www.millerthomson.com\/fr\/"},{"@type":"ListItem","position":2,"name":"Services auxiliaires","item":"https:\/\/www.millerthomson.com\/fr\/services-auxiliaires\/"},{"@type":"ListItem","position":3,"name":"Le programme MTechMC"}]},{"@type":"WebSite","@id":"https:\/\/www.millerthomson.com\/fr\/#website","url":"https:\/\/www.millerthomson.com\/fr\/","name":"Miller Thomson | Cabinet de droit des affaires pancanadien","description":"National law firm providing business law expertise and litigation and disputes services for businesses across Canada since 1957.","publisher":{"@id":"https:\/\/www.millerthomson.com\/fr\/#organization"},"potentialAction":[{"@type":"SearchAction","target":{"@type":"EntryPoint","urlTemplate":"https:\/\/www.millerthomson.com\/fr\/?s={search_term_string}"},"query-input":{"@type":"PropertyValueSpecification","valueRequired":true,"valueName":"search_term_string"}}],"inLanguage":"fr-FR"},{"@type":"Organization","@id":"https:\/\/www.millerthomson.com\/fr\/#organization","name":"Miller Thomson | Cabinet de droit des affaires pancanadien","url":"https:\/\/www.millerthomson.com\/fr\/","logo":{"@type":"ImageObject","inLanguage":"fr-FR","@id":"https:\/\/www.millerthomson.com\/fr\/#\/schema\/logo\/image\/","url":"https:\/\/www.millerthomson.com\/wp-content\/uploads\/2024\/10\/miller-thomson.svg","contentUrl":"https:\/\/www.millerthomson.com\/wp-content\/uploads\/2024\/10\/miller-thomson.svg","width":380,"height":50,"caption":"Miller Thomson | Cabinet de droit des affaires pancanadien"},"image":{"@id":"https:\/\/www.millerthomson.com\/fr\/#\/schema\/logo\/image\/"},"sameAs":["https:\/\/www.facebook.com\/MillerThomsonLaw\/","https:\/\/x.com\/millerthomson","https:\/\/www.linkedin.com\/company\/miller-thomson-llp\/","https:\/\/www.youtube.com\/@millerthomson"]}]}},"_links":{"self":[{"href":"https:\/\/www.millerthomson.com\/fr\/wp-json\/wp\/v2\/pages\/13310","targetHints":{"allow":["GET"]}}],"collection":[{"href":"https:\/\/www.millerthomson.com\/fr\/wp-json\/wp\/v2\/pages"}],"about":[{"href":"https:\/\/www.millerthomson.com\/fr\/wp-json\/wp\/v2\/types\/page"}],"author":[{"embeddable":true,"href":"https:\/\/www.millerthomson.com\/fr\/wp-json\/wp\/v2\/users\/100"}],"replies":[{"embeddable":true,"href":"https:\/\/www.millerthomson.com\/fr\/wp-json\/wp\/v2\/comments?post=13310"}],"version-history":[{"count":0,"href":"https:\/\/www.millerthomson.com\/fr\/wp-json\/wp\/v2\/pages\/13310\/revisions"}],"up":[{"embeddable":true,"href":"https:\/\/www.millerthomson.com\/fr\/wp-json\/wp\/v2\/pages\/12421"}],"wp:attachment":[{"href":"https:\/\/www.millerthomson.com\/fr\/wp-json\/wp\/v2\/media?parent=13310"}],"curies":[{"name":"wp","href":"https:\/\/api.w.org\/{rel}","templated":true}]}}