{"id":12461,"date":"2024-10-02T16:35:18","date_gmt":"2024-10-02T20:35:18","guid":{"rendered":"https:\/\/www.millerthomson.com\/?page_id=12461"},"modified":"2026-01-06T11:36:42","modified_gmt":"2026-01-06T16:36:42","slug":"centre-media","status":"publish","type":"page","link":"https:\/\/www.millerthomson.com\/fr\/centre-media\/","title":{"rendered":"Centre m\u00e9dia"},"content":{"rendered":"<div id=\"overview\" class=\"page-banner wp-block-media-text is-stacked-on-mobile is-image-fill has-media-on-the-right alignfull\" style=\"background-color: var(--wp--preset--color--base-3)\" >\n    <figure class=\"wp-block-media-text__media\">\n        <img decoding=\"async\" width=\"1920\" height=\"1098\" src=\"https:\/\/www.millerthomson.com\/wp-content\/uploads\/2024\/10\/Media-centre_Featured.jpg\" class=\"attachment-full size-full\" alt=\"\" srcset=\"https:\/\/www.millerthomson.com\/wp-content\/uploads\/2024\/10\/Media-centre_Featured.jpg 1920w, https:\/\/www.millerthomson.com\/wp-content\/uploads\/2024\/10\/Media-centre_Featured-600x343.jpg 600w, https:\/\/www.millerthomson.com\/wp-content\/uploads\/2024\/10\/Media-centre_Featured-1200x686.jpg 1200w, https:\/\/www.millerthomson.com\/wp-content\/uploads\/2024\/10\/Media-centre_Featured-300x172.jpg 300w, https:\/\/www.millerthomson.com\/wp-content\/uploads\/2024\/10\/Media-centre_Featured-800x458.jpg 800w, https:\/\/www.millerthomson.com\/wp-content\/uploads\/2024\/10\/Media-centre_Featured-400x229.jpg 400w, https:\/\/www.millerthomson.com\/wp-content\/uploads\/2024\/10\/Media-centre_Featured-1889x1080.jpg 1889w\" sizes=\"(max-width: 1920px) 100vw, 1920px\" \/>        <div class=\"page-banner-colour-bar\" style=\"background-color: var(--wp--preset--color--base-3)\" ><\/div>\n    <\/figure>\n    <div class=\"wp-block-media-text__content\">\n        <p id=\"breadcrumbs\"><span><span><a href=\"https:\/\/www.millerthomson.com\/fr\/\">Accueil<\/a><\/span><\/span><\/p>        <div class=\"page-banner-acf__innerblocks\">\n<h1 class=\"wp-block-post-title\">Centre m\u00e9dia<\/h1>\n\n\n<p class=\"has-text-align-left has-medium-font-size\">Bienvenue dans le centre m\u00e9dia de Miller Thomson, qui rassemble les derni\u00e8res nouvelles du cabinet et de pr\u00e9cieuses ressources pour les journalistes. Consultez nos communiqu\u00e9s et parcourez les nouveaux articles de nos avocats. <\/p>\n\n<\/div>\n    <\/div>\n<\/div>\n\n\n\n<h2 class=\"wp-block-heading\">\u00c0 propos de Miller Thomson<\/h2>\n\n\n\n<div class=\"wp-block-columns is-layout-flex wp-container-core-columns-is-layout-28f84493 wp-block-columns-is-layout-flex\">\n<div class=\"wp-block-column is-layout-flow wp-block-column-is-layout-flow\">\n<p>En tant que cabinet pancanadien, Miller Thomson S.E.N.C.R.L., s.r.l., propose une gamme compl\u00e8te de services en mati\u00e8re de litiges et de r\u00e8glement des diff\u00e9rends.&nbsp; Notre \u00e9quipe poss\u00e8de une expertise en droit des affaires, notamment dans les domaines des fusions et acquisitions, du financement d\u2019entreprises, des valeurs mobili\u00e8res, des services financiers, de la fiscalit\u00e9, de la r\u00e9organisation et de l\u2019insolvabilit\u00e9, du commerce, de l\u2019immobilier, du droit de l\u2019emploi et du travail et une multitude d\u2019autres domaines sp\u00e9cialis\u00e9s.\u202f&nbsp;<\/p>\n\n\n\n<p>Nous avons des bureaux \u00e0 Vancouver, \u00e0 Calgary, \u00e0 Edmonton, \u00e0 Regina, \u00e0 Saskatoon, \u00e0 London, dans la r\u00e9gion de Waterloo, \u00e0 Toronto, \u00e0 Vaughan et \u00e0 Montr\u00e9al. Nos clients comptent sur nous pour des conseils pratiques et une valeur ajout\u00e9e exceptionnelle.\u202f&nbsp;<\/p>\n\n\n\n<h2 class=\"wp-block-heading\">Utilisation de la marque et du logo Miller Thomson<\/h2>\n\n\n\n<p>Si vous souhaitez int\u00e9grer la marque Miller Thomson \u00e0 un projet, veuillez consulter nos <a href=\"https:\/\/www.millerthomson.com\/wp-content\/uploads\/2026\/01\/MillerThomson_Logo_GuideUtilisation_FR.pdf\">lignes directrices relatives \u00e0 l\u2019utilisation de notre logo (PDF)<\/a>.<\/p>\n\n\n\n<p>Ces lignes directrices pr\u00e9cisent les r\u00e8gles d\u2019utilisation du logo afin d\u2019en assurer une application coh\u00e9rente et conforme \u00e0 notre identit\u00e9 de marque. Tout document final comportant notre logo doit \u00eatre soumis \u00e0 Miller Thomson pour examen et approbation avant sa publication.<\/p>\n\n\n\n<p>Pour obtenir les fichiers officiels du logo Miller Thomson, veuillez communiquer avec l\u2019\u00e9quipe responsable de l\u2019image de marque \u00e0 l\u2019adresse suivante : <a href=\"mailto:branding@millerthomson.com\">branding@millerthomson.com<\/a>.<\/p>\n\n\n\n<h2 class=\"wp-block-heading\">Personne-ressource<\/h2>\n\n\n\n<p>Notre \u00e9quipe de relations avec les m\u00e9dias est l\u00e0 pour r\u00e9pondre \u00e0 vos questions et \u00e0 vos demandes. N\u2019h\u00e9sitez pas \u00e0 nous joindre pour en savoir plus ou pour planifier une entrevue.&nbsp;<\/p>\n\n\n\n<p>Julie Lajoye<br>Gestionnaire principale, Communications<br><a href=\"mailto:jlajoye@millerthomson.com\">jlajoye@millerthomson.com<br><\/a><a href=\"tel:15148715365\">514.871.5365<\/a><\/p>\n\n\n\n<p><br><\/p>\n<\/div>\n<\/div>\n","protected":false},"excerpt":{"rendered":"<p>\u00c0 propos de Miller Thomson En tant que cabinet pancanadien, Miller Thomson S.E.N.C.R.L., s.r.l., propose une gamme compl\u00e8te de services en mati\u00e8re de litiges et de r\u00e8glement des diff\u00e9rends.&nbsp; Notre \u00e9quipe poss\u00e8de une expertise en droit des affaires, notamment dans les domaines des fusions et acquisitions, du financement d\u2019entreprises, des valeurs mobili\u00e8res, des services financiers, [&hellip;]<\/p>\n","protected":false},"author":103,"featured_media":13231,"parent":0,"menu_order":0,"comment_status":"closed","ping_status":"closed","template":"","meta":{"_acf_changed":false,"footnotes":""},"class_list":["post-12461","page","type-page","status-publish","has-post-thumbnail","hentry"],"acf":[],"yoast_head":"<!-- This site is optimized with the Yoast SEO plugin v26.1.1 - https:\/\/yoast.com\/wordpress\/plugins\/seo\/ -->\n<title>Centre m\u00e9dia | Miller Thomson<\/title>\n<meta name=\"robots\" content=\"index, follow, max-snippet:-1, max-image-preview:large, max-video-preview:-1\" \/>\n<link rel=\"canonical\" href=\"https:\/\/www.millerthomson.com\/fr\/centre-media\/\" \/>\n<meta property=\"og:locale\" content=\"fr_FR\" \/>\n<meta property=\"og:type\" content=\"article\" \/>\n<meta property=\"og:title\" content=\"Centre m\u00e9dia | Miller Thomson\" \/>\n<meta property=\"og:description\" content=\"\u00c0 propos de Miller Thomson En tant que cabinet pancanadien, Miller Thomson S.E.N.C.R.L., s.r.l., propose une gamme compl\u00e8te de services en mati\u00e8re de litiges et de r\u00e8glement des diff\u00e9rends.&nbsp; Notre \u00e9quipe poss\u00e8de une expertise en droit des affaires, notamment dans les domaines des fusions et acquisitions, du financement d\u2019entreprises, des valeurs mobili\u00e8res, des services financiers, [&hellip;]\" \/>\n<meta property=\"og:url\" content=\"https:\/\/www.millerthomson.com\/fr\/centre-media\/\" \/>\n<meta property=\"og:site_name\" content=\"Miller Thomson\" \/>\n<meta property=\"article:publisher\" content=\"https:\/\/www.facebook.com\/MillerThomsonLaw\/\" \/>\n<meta property=\"article:modified_time\" content=\"2026-01-06T16:36:42+00:00\" \/>\n<meta property=\"og:image\" content=\"https:\/\/www.millerthomson.com\/wp-content\/uploads\/2024\/10\/Media-centre_Featured.jpg\" \/>\n\t<meta property=\"og:image:width\" content=\"1920\" \/>\n\t<meta property=\"og:image:height\" content=\"1098\" \/>\n\t<meta property=\"og:image:type\" content=\"image\/jpeg\" \/>\n<meta name=\"twitter:card\" content=\"summary_large_image\" \/>\n<meta name=\"twitter:site\" content=\"@millerthomson\" \/>\n<meta name=\"twitter:label1\" content=\"Est. reading time\" \/>\n\t<meta name=\"twitter:data1\" content=\"2 minutes\" \/>\n<script type=\"application\/ld+json\" class=\"yoast-schema-graph\">{\"@context\":\"https:\/\/schema.org\",\"@graph\":[{\"@type\":\"WebPage\",\"@id\":\"https:\/\/www.millerthomson.com\/fr\/centre-media\/\",\"url\":\"https:\/\/www.millerthomson.com\/fr\/centre-media\/\",\"name\":\"Centre m\u00e9dia | Miller Thomson\",\"isPartOf\":{\"@id\":\"https:\/\/www.millerthomson.com\/fr\/#website\"},\"primaryImageOfPage\":{\"@id\":\"https:\/\/www.millerthomson.com\/fr\/centre-media\/#primaryimage\"},\"image\":{\"@id\":\"https:\/\/www.millerthomson.com\/fr\/centre-media\/#primaryimage\"},\"thumbnailUrl\":\"https:\/\/www.millerthomson.com\/wp-content\/uploads\/2024\/10\/Media-centre_Featured.jpg\",\"datePublished\":\"2024-10-02T20:35:18+00:00\",\"dateModified\":\"2026-01-06T16:36:42+00:00\",\"breadcrumb\":{\"@id\":\"https:\/\/www.millerthomson.com\/fr\/centre-media\/#breadcrumb\"},\"inLanguage\":\"fr-FR\",\"potentialAction\":[{\"@type\":\"ReadAction\",\"target\":[\"https:\/\/www.millerthomson.com\/fr\/centre-media\/\"]}]},{\"@type\":\"ImageObject\",\"inLanguage\":\"fr-FR\",\"@id\":\"https:\/\/www.millerthomson.com\/fr\/centre-media\/#primaryimage\",\"url\":\"https:\/\/www.millerthomson.com\/wp-content\/uploads\/2024\/10\/Media-centre_Featured.jpg\",\"contentUrl\":\"https:\/\/www.millerthomson.com\/wp-content\/uploads\/2024\/10\/Media-centre_Featured.jpg\",\"width\":1920,\"height\":1098},{\"@type\":\"BreadcrumbList\",\"@id\":\"https:\/\/www.millerthomson.com\/fr\/centre-media\/#breadcrumb\",\"itemListElement\":[{\"@type\":\"ListItem\",\"position\":1,\"name\":\"Accueil\",\"item\":\"https:\/\/www.millerthomson.com\/fr\/\"},{\"@type\":\"ListItem\",\"position\":2,\"name\":\"Centre m\u00e9dia\"}]},{\"@type\":\"WebSite\",\"@id\":\"https:\/\/www.millerthomson.com\/fr\/#website\",\"url\":\"https:\/\/www.millerthomson.com\/fr\/\",\"name\":\"Miller Thomson | Cabinet de droit des affaires pancanadien\",\"description\":\"National law firm providing business law expertise and litigation and disputes services for businesses across Canada since 1957.\",\"publisher\":{\"@id\":\"https:\/\/www.millerthomson.com\/fr\/#organization\"},\"potentialAction\":[{\"@type\":\"SearchAction\",\"target\":{\"@type\":\"EntryPoint\",\"urlTemplate\":\"https:\/\/www.millerthomson.com\/fr\/?s={search_term_string}\"},\"query-input\":{\"@type\":\"PropertyValueSpecification\",\"valueRequired\":true,\"valueName\":\"search_term_string\"}}],\"inLanguage\":\"fr-FR\"},{\"@type\":\"Organization\",\"@id\":\"https:\/\/www.millerthomson.com\/fr\/#organization\",\"name\":\"Miller Thomson | Cabinet de droit des affaires pancanadien\",\"url\":\"https:\/\/www.millerthomson.com\/fr\/\",\"logo\":{\"@type\":\"ImageObject\",\"inLanguage\":\"fr-FR\",\"@id\":\"https:\/\/www.millerthomson.com\/fr\/#\/schema\/logo\/image\/\",\"url\":\"https:\/\/www.millerthomson.com\/wp-content\/uploads\/2024\/10\/miller-thomson.svg\",\"contentUrl\":\"https:\/\/www.millerthomson.com\/wp-content\/uploads\/2024\/10\/miller-thomson.svg\",\"width\":380,\"height\":50,\"caption\":\"Miller Thomson | Cabinet de droit des affaires pancanadien\"},\"image\":{\"@id\":\"https:\/\/www.millerthomson.com\/fr\/#\/schema\/logo\/image\/\"},\"sameAs\":[\"https:\/\/www.facebook.com\/MillerThomsonLaw\/\",\"https:\/\/x.com\/millerthomson\",\"https:\/\/www.linkedin.com\/company\/miller-thomson-llp\/\",\"https:\/\/www.youtube.com\/@millerthomson\"]}]}<\/script>\n<!-- \/ Yoast SEO plugin. -->","yoast_head_json":{"title":"Centre m\u00e9dia | Miller Thomson","robots":{"index":"index","follow":"follow","max-snippet":"max-snippet:-1","max-image-preview":"max-image-preview:large","max-video-preview":"max-video-preview:-1"},"canonical":"https:\/\/www.millerthomson.com\/fr\/centre-media\/","og_locale":"fr_FR","og_type":"article","og_title":"Centre m\u00e9dia | Miller Thomson","og_description":"\u00c0 propos de Miller Thomson En tant que cabinet pancanadien, Miller Thomson S.E.N.C.R.L., s.r.l., propose une gamme compl\u00e8te de services en mati\u00e8re de litiges et de r\u00e8glement des diff\u00e9rends.&nbsp; Notre \u00e9quipe poss\u00e8de une expertise en droit des affaires, notamment dans les domaines des fusions et acquisitions, du financement d\u2019entreprises, des valeurs mobili\u00e8res, des services financiers, [&hellip;]","og_url":"https:\/\/www.millerthomson.com\/fr\/centre-media\/","og_site_name":"Miller Thomson","article_publisher":"https:\/\/www.facebook.com\/MillerThomsonLaw\/","article_modified_time":"2026-01-06T16:36:42+00:00","og_image":[{"width":1920,"height":1098,"url":"https:\/\/www.millerthomson.com\/wp-content\/uploads\/2024\/10\/Media-centre_Featured.jpg","type":"image\/jpeg"}],"twitter_card":"summary_large_image","twitter_site":"@millerthomson","twitter_misc":{"Est. reading time":"2 minutes"},"schema":{"@context":"https:\/\/schema.org","@graph":[{"@type":"WebPage","@id":"https:\/\/www.millerthomson.com\/fr\/centre-media\/","url":"https:\/\/www.millerthomson.com\/fr\/centre-media\/","name":"Centre m\u00e9dia | Miller Thomson","isPartOf":{"@id":"https:\/\/www.millerthomson.com\/fr\/#website"},"primaryImageOfPage":{"@id":"https:\/\/www.millerthomson.com\/fr\/centre-media\/#primaryimage"},"image":{"@id":"https:\/\/www.millerthomson.com\/fr\/centre-media\/#primaryimage"},"thumbnailUrl":"https:\/\/www.millerthomson.com\/wp-content\/uploads\/2024\/10\/Media-centre_Featured.jpg","datePublished":"2024-10-02T20:35:18+00:00","dateModified":"2026-01-06T16:36:42+00:00","breadcrumb":{"@id":"https:\/\/www.millerthomson.com\/fr\/centre-media\/#breadcrumb"},"inLanguage":"fr-FR","potentialAction":[{"@type":"ReadAction","target":["https:\/\/www.millerthomson.com\/fr\/centre-media\/"]}]},{"@type":"ImageObject","inLanguage":"fr-FR","@id":"https:\/\/www.millerthomson.com\/fr\/centre-media\/#primaryimage","url":"https:\/\/www.millerthomson.com\/wp-content\/uploads\/2024\/10\/Media-centre_Featured.jpg","contentUrl":"https:\/\/www.millerthomson.com\/wp-content\/uploads\/2024\/10\/Media-centre_Featured.jpg","width":1920,"height":1098},{"@type":"BreadcrumbList","@id":"https:\/\/www.millerthomson.com\/fr\/centre-media\/#breadcrumb","itemListElement":[{"@type":"ListItem","position":1,"name":"Accueil","item":"https:\/\/www.millerthomson.com\/fr\/"},{"@type":"ListItem","position":2,"name":"Centre m\u00e9dia"}]},{"@type":"WebSite","@id":"https:\/\/www.millerthomson.com\/fr\/#website","url":"https:\/\/www.millerthomson.com\/fr\/","name":"Miller Thomson | Cabinet de droit des affaires pancanadien","description":"National law firm providing business law expertise and litigation and disputes services for businesses across Canada since 1957.","publisher":{"@id":"https:\/\/www.millerthomson.com\/fr\/#organization"},"potentialAction":[{"@type":"SearchAction","target":{"@type":"EntryPoint","urlTemplate":"https:\/\/www.millerthomson.com\/fr\/?s={search_term_string}"},"query-input":{"@type":"PropertyValueSpecification","valueRequired":true,"valueName":"search_term_string"}}],"inLanguage":"fr-FR"},{"@type":"Organization","@id":"https:\/\/www.millerthomson.com\/fr\/#organization","name":"Miller Thomson | Cabinet de droit des affaires pancanadien","url":"https:\/\/www.millerthomson.com\/fr\/","logo":{"@type":"ImageObject","inLanguage":"fr-FR","@id":"https:\/\/www.millerthomson.com\/fr\/#\/schema\/logo\/image\/","url":"https:\/\/www.millerthomson.com\/wp-content\/uploads\/2024\/10\/miller-thomson.svg","contentUrl":"https:\/\/www.millerthomson.com\/wp-content\/uploads\/2024\/10\/miller-thomson.svg","width":380,"height":50,"caption":"Miller Thomson | Cabinet de droit des affaires pancanadien"},"image":{"@id":"https:\/\/www.millerthomson.com\/fr\/#\/schema\/logo\/image\/"},"sameAs":["https:\/\/www.facebook.com\/MillerThomsonLaw\/","https:\/\/x.com\/millerthomson","https:\/\/www.linkedin.com\/company\/miller-thomson-llp\/","https:\/\/www.youtube.com\/@millerthomson"]}]}},"_links":{"self":[{"href":"https:\/\/www.millerthomson.com\/fr\/wp-json\/wp\/v2\/pages\/12461","targetHints":{"allow":["GET"]}}],"collection":[{"href":"https:\/\/www.millerthomson.com\/fr\/wp-json\/wp\/v2\/pages"}],"about":[{"href":"https:\/\/www.millerthomson.com\/fr\/wp-json\/wp\/v2\/types\/page"}],"author":[{"embeddable":true,"href":"https:\/\/www.millerthomson.com\/fr\/wp-json\/wp\/v2\/users\/103"}],"replies":[{"embeddable":true,"href":"https:\/\/www.millerthomson.com\/fr\/wp-json\/wp\/v2\/comments?post=12461"}],"version-history":[{"count":0,"href":"https:\/\/www.millerthomson.com\/fr\/wp-json\/wp\/v2\/pages\/12461\/revisions"}],"wp:featuredmedia":[{"embeddable":true,"href":"https:\/\/www.millerthomson.com\/fr\/wp-json\/wp\/v2\/media\/13231"}],"wp:attachment":[{"href":"https:\/\/www.millerthomson.com\/fr\/wp-json\/wp\/v2\/media?parent=12461"}],"curies":[{"name":"wp","href":"https:\/\/api.w.org\/{rel}","templated":true}]}}