{"id":12422,"date":"2024-09-11T12:08:08","date_gmt":"2024-09-11T16:08:08","guid":{"rendered":"https:\/\/www.millerthomson.com\/droit-dauteur-et-utilisation\/"},"modified":"2024-10-17T09:55:44","modified_gmt":"2024-10-17T13:55:44","slug":"droit-dauteur-et-utilisation","status":"publish","type":"page","link":"https:\/\/www.millerthomson.com\/fr\/droit-dauteur-et-utilisation\/","title":{"rendered":"Droit d&rsquo;auteur et utilisation"},"content":{"rendered":"\n<h2 class=\"wp-block-heading\">Droit d\u2019auteur et avis juridique<\/h2>\n\n\n\n<p>Les renseignements et commentaires g\u00e9n\u00e9raux contenus sur le pr\u00e9sent site Web sont publi\u00e9s pour utilisation priv\u00e9e ou personnelle et uniquement \u00e0 des fins non commerciales. Dans la mesure permise par la loi, Miller Thomson s.e.n.c.r.l. se d\u00e9gage de toute responsabilit\u00e9 quant au contenu et \u00e0 l\u2019utilisation de sites web accessibles depuis ce site. <\/p>\n\n\n\n<p>Les lois et les cons\u00e9quences juridiques diff\u00e8rent d\u2019un territoire de comp\u00e9tence \u00e0 l\u2019autre. Les avocats de Miller Thomson n\u2019exercent leurs fonctions que dans les limites des territoires dans lesquels ils sont qualifi\u00e9s et autoris\u00e9s \u00e0 exercer. <\/p>\n\n\n\n<p>Toute information envoy\u00e9e \u00e0 Miller Thomson par courriel par l\u2019entremise de ce site ne peut \u00eatre consid\u00e9r\u00e9e comme une communication confidentielle entre un avocat et son client. Aucune relation ne peut s\u2019\u00e9tablir entre un avocat et un client sur simple envoi d\u2019une telle communication ou sur simple consultation de ce site Web. Tout renseignement contenu sur ce site ne peut nullement se substituer \u00e0 un avis juridique qui doit reposer sur des faits propres \u00e0 chaque circonstance particuli\u00e8re. M\u00eame lorsque les faits propres \u00e0 chaque circonstance particuli\u00e8re sont identiques, un avis juridique peut varier selon les lois et les d\u00e9cisions judiciaires.   <\/p>\n\n\n\n<p>Les renseignements publi\u00e9s sur ce site sont prot\u00e9g\u00e9s par le droit d\u2019auteur de Miller Thomson s.e.n.c.r.l. Ils ne peuvent donc \u00eatre reproduits sous aucune forme \u00e0 des fins commerciales sans l\u2019autorisation expresse \u00e9crite de Miller Thomson. Pour obtenir la permission de reproduire des documents de ce site ou d\u2019ins\u00e9rer sur un site externe un lien vers ce site, veuillez communiquer avec Miller Thomson par courriel \u00e0 l\u2019adresse <a href=\"mailto:newsletters@millerthomson.com\">newsletters@millerthomson.com<\/a>. <\/p>\n\n\n\n<div style=\"height:var(--wp--preset--spacing--large)\" aria-hidden=\"true\" class=\"wp-block-spacer\"><\/div>\n","protected":false},"excerpt":{"rendered":"<p>Droit d\u2019auteur et avis juridique Les renseignements et commentaires g\u00e9n\u00e9raux contenus sur le pr\u00e9sent site Web sont publi\u00e9s pour utilisation priv\u00e9e ou personnelle et uniquement \u00e0 des fins non commerciales. Dans la mesure permise par la loi, Miller Thomson s.e.n.c.r.l. se d\u00e9gage de toute responsabilit\u00e9 quant au contenu et \u00e0 l\u2019utilisation de sites web accessibles [&hellip;]<\/p>\n","protected":false},"author":102,"featured_media":0,"parent":0,"menu_order":0,"comment_status":"closed","ping_status":"closed","template":"templates\/inner-page.php","meta":{"_acf_changed":true,"footnotes":""},"class_list":["post-12422","page","type-page","status-publish","hentry"],"acf":[],"yoast_head":"<!-- This site is optimized with the Yoast SEO plugin v26.1.1 - https:\/\/yoast.com\/wordpress\/plugins\/seo\/ -->\n<title>Droit d&#039;auteur et utilisation | Miller Thomson<\/title>\n<meta name=\"robots\" content=\"index, follow, max-snippet:-1, max-image-preview:large, max-video-preview:-1\" \/>\n<link rel=\"canonical\" href=\"https:\/\/www.millerthomson.com\/fr\/droit-dauteur-et-utilisation\/\" \/>\n<meta property=\"og:locale\" content=\"fr_FR\" \/>\n<meta property=\"og:type\" content=\"article\" \/>\n<meta property=\"og:title\" content=\"Droit d&#039;auteur et utilisation | Miller Thomson\" \/>\n<meta property=\"og:description\" content=\"Droit d\u2019auteur et avis juridique Les renseignements et commentaires g\u00e9n\u00e9raux contenus sur le pr\u00e9sent site Web sont publi\u00e9s pour utilisation priv\u00e9e ou personnelle et uniquement \u00e0 des fins non commerciales. Dans la mesure permise par la loi, Miller Thomson s.e.n.c.r.l. se d\u00e9gage de toute responsabilit\u00e9 quant au contenu et \u00e0 l\u2019utilisation de sites web accessibles [&hellip;]\" \/>\n<meta property=\"og:url\" content=\"https:\/\/www.millerthomson.com\/fr\/droit-dauteur-et-utilisation\/\" \/>\n<meta property=\"og:site_name\" content=\"Miller Thomson\" \/>\n<meta property=\"article:publisher\" content=\"https:\/\/www.facebook.com\/MillerThomsonLaw\/\" \/>\n<meta property=\"article:modified_time\" content=\"2024-10-17T13:55:44+00:00\" \/>\n<meta name=\"twitter:card\" content=\"summary_large_image\" \/>\n<meta name=\"twitter:site\" content=\"@millerthomson\" \/>\n<meta name=\"twitter:label1\" content=\"Est. reading time\" \/>\n\t<meta name=\"twitter:data1\" content=\"2 minutes\" \/>\n<script type=\"application\/ld+json\" class=\"yoast-schema-graph\">{\"@context\":\"https:\/\/schema.org\",\"@graph\":[{\"@type\":\"WebPage\",\"@id\":\"https:\/\/www.millerthomson.com\/fr\/droit-dauteur-et-utilisation\/\",\"url\":\"https:\/\/www.millerthomson.com\/fr\/droit-dauteur-et-utilisation\/\",\"name\":\"Droit d'auteur et utilisation | Miller Thomson\",\"isPartOf\":{\"@id\":\"https:\/\/www.millerthomson.com\/fr\/#website\"},\"datePublished\":\"2024-09-11T16:08:08+00:00\",\"dateModified\":\"2024-10-17T13:55:44+00:00\",\"breadcrumb\":{\"@id\":\"https:\/\/www.millerthomson.com\/fr\/droit-dauteur-et-utilisation\/#breadcrumb\"},\"inLanguage\":\"fr-FR\",\"potentialAction\":[{\"@type\":\"ReadAction\",\"target\":[\"https:\/\/www.millerthomson.com\/fr\/droit-dauteur-et-utilisation\/\"]}]},{\"@type\":\"BreadcrumbList\",\"@id\":\"https:\/\/www.millerthomson.com\/fr\/droit-dauteur-et-utilisation\/#breadcrumb\",\"itemListElement\":[{\"@type\":\"ListItem\",\"position\":1,\"name\":\"Accueil\",\"item\":\"https:\/\/www.millerthomson.com\/fr\/\"},{\"@type\":\"ListItem\",\"position\":2,\"name\":\"Droit d&rsquo;auteur et utilisation\"}]},{\"@type\":\"WebSite\",\"@id\":\"https:\/\/www.millerthomson.com\/fr\/#website\",\"url\":\"https:\/\/www.millerthomson.com\/fr\/\",\"name\":\"Miller Thomson | Cabinet de droit des affaires pancanadien\",\"description\":\"National law firm providing business law expertise and litigation and disputes services for businesses across Canada since 1957.\",\"publisher\":{\"@id\":\"https:\/\/www.millerthomson.com\/fr\/#organization\"},\"potentialAction\":[{\"@type\":\"SearchAction\",\"target\":{\"@type\":\"EntryPoint\",\"urlTemplate\":\"https:\/\/www.millerthomson.com\/fr\/?s={search_term_string}\"},\"query-input\":{\"@type\":\"PropertyValueSpecification\",\"valueRequired\":true,\"valueName\":\"search_term_string\"}}],\"inLanguage\":\"fr-FR\"},{\"@type\":\"Organization\",\"@id\":\"https:\/\/www.millerthomson.com\/fr\/#organization\",\"name\":\"Miller Thomson | Cabinet de droit des affaires pancanadien\",\"url\":\"https:\/\/www.millerthomson.com\/fr\/\",\"logo\":{\"@type\":\"ImageObject\",\"inLanguage\":\"fr-FR\",\"@id\":\"https:\/\/www.millerthomson.com\/fr\/#\/schema\/logo\/image\/\",\"url\":\"https:\/\/www.millerthomson.com\/wp-content\/uploads\/2024\/10\/miller-thomson.svg\",\"contentUrl\":\"https:\/\/www.millerthomson.com\/wp-content\/uploads\/2024\/10\/miller-thomson.svg\",\"width\":380,\"height\":50,\"caption\":\"Miller Thomson | Cabinet de droit des affaires pancanadien\"},\"image\":{\"@id\":\"https:\/\/www.millerthomson.com\/fr\/#\/schema\/logo\/image\/\"},\"sameAs\":[\"https:\/\/www.facebook.com\/MillerThomsonLaw\/\",\"https:\/\/x.com\/millerthomson\",\"https:\/\/www.linkedin.com\/company\/miller-thomson-llp\/\",\"https:\/\/www.youtube.com\/@millerthomson\"]}]}<\/script>\n<!-- \/ Yoast SEO plugin. -->","yoast_head_json":{"title":"Droit d'auteur et utilisation | Miller Thomson","robots":{"index":"index","follow":"follow","max-snippet":"max-snippet:-1","max-image-preview":"max-image-preview:large","max-video-preview":"max-video-preview:-1"},"canonical":"https:\/\/www.millerthomson.com\/fr\/droit-dauteur-et-utilisation\/","og_locale":"fr_FR","og_type":"article","og_title":"Droit d'auteur et utilisation | Miller Thomson","og_description":"Droit d\u2019auteur et avis juridique Les renseignements et commentaires g\u00e9n\u00e9raux contenus sur le pr\u00e9sent site Web sont publi\u00e9s pour utilisation priv\u00e9e ou personnelle et uniquement \u00e0 des fins non commerciales. Dans la mesure permise par la loi, Miller Thomson s.e.n.c.r.l. se d\u00e9gage de toute responsabilit\u00e9 quant au contenu et \u00e0 l\u2019utilisation de sites web accessibles [&hellip;]","og_url":"https:\/\/www.millerthomson.com\/fr\/droit-dauteur-et-utilisation\/","og_site_name":"Miller Thomson","article_publisher":"https:\/\/www.facebook.com\/MillerThomsonLaw\/","article_modified_time":"2024-10-17T13:55:44+00:00","twitter_card":"summary_large_image","twitter_site":"@millerthomson","twitter_misc":{"Est. reading time":"2 minutes"},"schema":{"@context":"https:\/\/schema.org","@graph":[{"@type":"WebPage","@id":"https:\/\/www.millerthomson.com\/fr\/droit-dauteur-et-utilisation\/","url":"https:\/\/www.millerthomson.com\/fr\/droit-dauteur-et-utilisation\/","name":"Droit d'auteur et utilisation | Miller Thomson","isPartOf":{"@id":"https:\/\/www.millerthomson.com\/fr\/#website"},"datePublished":"2024-09-11T16:08:08+00:00","dateModified":"2024-10-17T13:55:44+00:00","breadcrumb":{"@id":"https:\/\/www.millerthomson.com\/fr\/droit-dauteur-et-utilisation\/#breadcrumb"},"inLanguage":"fr-FR","potentialAction":[{"@type":"ReadAction","target":["https:\/\/www.millerthomson.com\/fr\/droit-dauteur-et-utilisation\/"]}]},{"@type":"BreadcrumbList","@id":"https:\/\/www.millerthomson.com\/fr\/droit-dauteur-et-utilisation\/#breadcrumb","itemListElement":[{"@type":"ListItem","position":1,"name":"Accueil","item":"https:\/\/www.millerthomson.com\/fr\/"},{"@type":"ListItem","position":2,"name":"Droit d&rsquo;auteur et utilisation"}]},{"@type":"WebSite","@id":"https:\/\/www.millerthomson.com\/fr\/#website","url":"https:\/\/www.millerthomson.com\/fr\/","name":"Miller Thomson | Cabinet de droit des affaires pancanadien","description":"National law firm providing business law expertise and litigation and disputes services for businesses across Canada since 1957.","publisher":{"@id":"https:\/\/www.millerthomson.com\/fr\/#organization"},"potentialAction":[{"@type":"SearchAction","target":{"@type":"EntryPoint","urlTemplate":"https:\/\/www.millerthomson.com\/fr\/?s={search_term_string}"},"query-input":{"@type":"PropertyValueSpecification","valueRequired":true,"valueName":"search_term_string"}}],"inLanguage":"fr-FR"},{"@type":"Organization","@id":"https:\/\/www.millerthomson.com\/fr\/#organization","name":"Miller Thomson | Cabinet de droit des affaires pancanadien","url":"https:\/\/www.millerthomson.com\/fr\/","logo":{"@type":"ImageObject","inLanguage":"fr-FR","@id":"https:\/\/www.millerthomson.com\/fr\/#\/schema\/logo\/image\/","url":"https:\/\/www.millerthomson.com\/wp-content\/uploads\/2024\/10\/miller-thomson.svg","contentUrl":"https:\/\/www.millerthomson.com\/wp-content\/uploads\/2024\/10\/miller-thomson.svg","width":380,"height":50,"caption":"Miller Thomson | Cabinet de droit des affaires pancanadien"},"image":{"@id":"https:\/\/www.millerthomson.com\/fr\/#\/schema\/logo\/image\/"},"sameAs":["https:\/\/www.facebook.com\/MillerThomsonLaw\/","https:\/\/x.com\/millerthomson","https:\/\/www.linkedin.com\/company\/miller-thomson-llp\/","https:\/\/www.youtube.com\/@millerthomson"]}]}},"_links":{"self":[{"href":"https:\/\/www.millerthomson.com\/fr\/wp-json\/wp\/v2\/pages\/12422","targetHints":{"allow":["GET"]}}],"collection":[{"href":"https:\/\/www.millerthomson.com\/fr\/wp-json\/wp\/v2\/pages"}],"about":[{"href":"https:\/\/www.millerthomson.com\/fr\/wp-json\/wp\/v2\/types\/page"}],"author":[{"embeddable":true,"href":"https:\/\/www.millerthomson.com\/fr\/wp-json\/wp\/v2\/users\/102"}],"replies":[{"embeddable":true,"href":"https:\/\/www.millerthomson.com\/fr\/wp-json\/wp\/v2\/comments?post=12422"}],"version-history":[{"count":0,"href":"https:\/\/www.millerthomson.com\/fr\/wp-json\/wp\/v2\/pages\/12422\/revisions"}],"wp:attachment":[{"href":"https:\/\/www.millerthomson.com\/fr\/wp-json\/wp\/v2\/media?parent=12422"}],"curies":[{"name":"wp","href":"https:\/\/api.w.org\/{rel}","templated":true}]}}