{"id":12421,"date":"2024-09-12T11:28:10","date_gmt":"2024-09-12T15:28:10","guid":{"rendered":"https:\/\/www.millerthomson.com\/services-auxiliaires\/"},"modified":"2024-11-21T19:42:57","modified_gmt":"2024-11-22T00:42:57","slug":"services-auxiliaires","status":"publish","type":"page","link":"https:\/\/www.millerthomson.com\/fr\/services-auxiliaires\/","title":{"rendered":"Services auxiliaires"},"content":{"rendered":"<div id=\"overview\" class=\"page-banner wp-block-media-text is-stacked-on-mobile is-image-fill has-media-on-the-right alignfull\" style=\"background-color: var(--wp--preset--color--base-2)\" >\n    <figure class=\"wp-block-media-text__media\">\n        <img decoding=\"async\" width=\"1920\" height=\"1098\" src=\"https:\/\/www.millerthomson.com\/wp-content\/uploads\/2024\/10\/Ancillary-services_Featured_Men-faces-window-1.jpg\" class=\"attachment-full size-full\" alt=\"\" srcset=\"https:\/\/www.millerthomson.com\/wp-content\/uploads\/2024\/10\/Ancillary-services_Featured_Men-faces-window-1.jpg 1920w, https:\/\/www.millerthomson.com\/wp-content\/uploads\/2024\/10\/Ancillary-services_Featured_Men-faces-window-1-600x343.jpg 600w, https:\/\/www.millerthomson.com\/wp-content\/uploads\/2024\/10\/Ancillary-services_Featured_Men-faces-window-1-1200x686.jpg 1200w, https:\/\/www.millerthomson.com\/wp-content\/uploads\/2024\/10\/Ancillary-services_Featured_Men-faces-window-1-300x172.jpg 300w, https:\/\/www.millerthomson.com\/wp-content\/uploads\/2024\/10\/Ancillary-services_Featured_Men-faces-window-1-800x458.jpg 800w, https:\/\/www.millerthomson.com\/wp-content\/uploads\/2024\/10\/Ancillary-services_Featured_Men-faces-window-1-400x229.jpg 400w, https:\/\/www.millerthomson.com\/wp-content\/uploads\/2024\/10\/Ancillary-services_Featured_Men-faces-window-1-1889x1080.jpg 1889w\" sizes=\"(max-width: 1920px) 100vw, 1920px\" \/>        <div class=\"page-banner-colour-bar\"  ><\/div>\n    <\/figure>\n    <div class=\"wp-block-media-text__content\">\n        <p id=\"breadcrumbs\"><span><span><a href=\"https:\/\/www.millerthomson.com\/fr\/\">Accueil<\/a><\/span><\/span><\/p>        <div class=\"page-banner-acf__innerblocks\">\n<h1 class=\"wp-block-post-title\">Services auxiliaires<\/h1>\n\n\n<p class=\"has-text-align-left has-medium-font-size\">Propulsez votre entreprise gr\u00e2ce \u00e0 des programmes sur mesure con\u00e7us pour simplifier vos processus, soutenir votre croissance et trouver des solutions pr\u00e9cises et innovantes \u00e0 vos probl\u00e8mes complexes. D\u00e9couvrez tout ce que notre expertise peut faire pour vous.<\/p>\n\n<\/div>\n    <\/div>\n<\/div>\n\n\n\n<div style=\"margin-top:var(--wp--preset--spacing--medium);margin-bottom:var(--wp--preset--spacing--medium);height:1px\" aria-hidden=\"true\" class=\"wp-block-spacer\"><\/div>\n\n\n\n<div class=\"wp-block-columns is-layout-flex wp-container-core-columns-is-layout-973d50fc wp-block-columns-is-layout-flex\" style=\"margin-top:var(--wp--preset--spacing--x-small);margin-bottom:var(--wp--preset--spacing--x-small)\">\n<div class=\"wp-block-column is-layout-flow wp-block-column-is-layout-flow\">\n<figure class=\"wp-block-image size-large\"><img decoding=\"async\" width=\"1200\" height=\"686\" src=\"https:\/\/www.millerthomson.com\/wp-content\/uploads\/2024\/10\/Ancillary-services_Bilingual-legal-advice_Featured_Staircases-1-1200x686.jpg\" alt=\"\" class=\"wp-image-13240\" srcset=\"https:\/\/www.millerthomson.com\/wp-content\/uploads\/2024\/10\/Ancillary-services_Bilingual-legal-advice_Featured_Staircases-1-1200x686.jpg 1200w, https:\/\/www.millerthomson.com\/wp-content\/uploads\/2024\/10\/Ancillary-services_Bilingual-legal-advice_Featured_Staircases-1-600x343.jpg 600w, https:\/\/www.millerthomson.com\/wp-content\/uploads\/2024\/10\/Ancillary-services_Bilingual-legal-advice_Featured_Staircases-1-300x172.jpg 300w, https:\/\/www.millerthomson.com\/wp-content\/uploads\/2024\/10\/Ancillary-services_Bilingual-legal-advice_Featured_Staircases-1-800x458.jpg 800w, https:\/\/www.millerthomson.com\/wp-content\/uploads\/2024\/10\/Ancillary-services_Bilingual-legal-advice_Featured_Staircases-1-400x229.jpg 400w, https:\/\/www.millerthomson.com\/wp-content\/uploads\/2024\/10\/Ancillary-services_Bilingual-legal-advice_Featured_Staircases-1-1889x1080.jpg 1889w, https:\/\/www.millerthomson.com\/wp-content\/uploads\/2024\/10\/Ancillary-services_Bilingual-legal-advice_Featured_Staircases-1.jpg 1920w\" sizes=\"(max-width: 1200px) 100vw, 1200px\" \/><\/figure>\n\n\n\n<div class=\"wp-block-buttons is-layout-flex wp-block-buttons-is-layout-flex\">\n<div class=\"wp-block-button\"><a class=\"wp-block-button__link has-text-align-center wp-element-button\" href=\"https:\/\/www.millerthomson.com\/fr\/services-auxiliaires\/services-en-francais-a-lexterieur-du-quebec\/\">Conseils juridiques bilingues<\/a><\/div>\n<\/div>\n<\/div>\n\n\n\n<div class=\"wp-block-column is-layout-flow wp-block-column-is-layout-flow\">\n<figure class=\"wp-block-image size-large\"><img decoding=\"async\" width=\"1200\" height=\"686\" src=\"https:\/\/www.millerthomson.com\/wp-content\/uploads\/2024\/10\/Ancillary-services_i3_Featured_Building-2-1200x686.jpg\" alt=\"\" class=\"wp-image-13250\" srcset=\"https:\/\/www.millerthomson.com\/wp-content\/uploads\/2024\/10\/Ancillary-services_i3_Featured_Building-2-1200x686.jpg 1200w, https:\/\/www.millerthomson.com\/wp-content\/uploads\/2024\/10\/Ancillary-services_i3_Featured_Building-2-600x343.jpg 600w, https:\/\/www.millerthomson.com\/wp-content\/uploads\/2024\/10\/Ancillary-services_i3_Featured_Building-2-300x172.jpg 300w, https:\/\/www.millerthomson.com\/wp-content\/uploads\/2024\/10\/Ancillary-services_i3_Featured_Building-2-800x458.jpg 800w, https:\/\/www.millerthomson.com\/wp-content\/uploads\/2024\/10\/Ancillary-services_i3_Featured_Building-2-400x229.jpg 400w, https:\/\/www.millerthomson.com\/wp-content\/uploads\/2024\/10\/Ancillary-services_i3_Featured_Building-2-1889x1080.jpg 1889w, https:\/\/www.millerthomson.com\/wp-content\/uploads\/2024\/10\/Ancillary-services_i3_Featured_Building-2.jpg 1920w\" sizes=\"(max-width: 1200px) 100vw, 1200px\" \/><\/figure>\n\n\n\n<div class=\"wp-block-buttons is-layout-flex wp-block-buttons-is-layout-flex\">\n<div class=\"wp-block-button\"><a class=\"wp-block-button__link has-text-align-center wp-element-button\" href=\"https:\/\/www.millerthomson.com\/fr\/services-auxiliaires\/i3-involve-improve-innovate\/\">i3 (Impliquer, Am\u00e9liorer, Innover)<\/a><\/div>\n<\/div>\n<\/div>\n<\/div>\n\n\n\n<div style=\"margin-top:var(--wp--preset--spacing--medium);margin-bottom:var(--wp--preset--spacing--medium);height:1px\" aria-hidden=\"true\" class=\"wp-block-spacer\"><\/div>\n\n\n\n<div class=\"wp-block-columns is-layout-flex wp-container-core-columns-is-layout-973d50fc wp-block-columns-is-layout-flex\" style=\"margin-top:var(--wp--preset--spacing--x-small);margin-bottom:var(--wp--preset--spacing--x-small)\">\n<div class=\"wp-block-column is-layout-flow wp-block-column-is-layout-flow\">\n<figure class=\"wp-block-image size-large\"><img decoding=\"async\" width=\"1200\" height=\"686\" src=\"https:\/\/www.millerthomson.com\/wp-content\/uploads\/2024\/10\/Ancillary-services_M-Tech_Featured_reflection-2-1200x686.jpg\" alt=\"\" class=\"wp-image-13254\" srcset=\"https:\/\/www.millerthomson.com\/wp-content\/uploads\/2024\/10\/Ancillary-services_M-Tech_Featured_reflection-2-1200x686.jpg 1200w, https:\/\/www.millerthomson.com\/wp-content\/uploads\/2024\/10\/Ancillary-services_M-Tech_Featured_reflection-2-600x343.jpg 600w, https:\/\/www.millerthomson.com\/wp-content\/uploads\/2024\/10\/Ancillary-services_M-Tech_Featured_reflection-2-300x172.jpg 300w, https:\/\/www.millerthomson.com\/wp-content\/uploads\/2024\/10\/Ancillary-services_M-Tech_Featured_reflection-2-800x458.jpg 800w, https:\/\/www.millerthomson.com\/wp-content\/uploads\/2024\/10\/Ancillary-services_M-Tech_Featured_reflection-2-400x229.jpg 400w, https:\/\/www.millerthomson.com\/wp-content\/uploads\/2024\/10\/Ancillary-services_M-Tech_Featured_reflection-2-1889x1080.jpg 1889w, https:\/\/www.millerthomson.com\/wp-content\/uploads\/2024\/10\/Ancillary-services_M-Tech_Featured_reflection-2.jpg 1920w\" sizes=\"(max-width: 1200px) 100vw, 1200px\" \/><\/figure>\n\n\n\n<div class=\"wp-block-buttons is-layout-flex wp-block-buttons-is-layout-flex\">\n<div class=\"wp-block-button\"><a class=\"wp-block-button__link has-text-align-center wp-element-button\" href=\"https:\/\/www.millerthomson.com\/fr\/services-auxiliaires\/le-programme-mtechmc\/\">MTech<\/a><\/div>\n<\/div>\n<\/div>\n\n\n\n<div class=\"wp-block-column is-layout-flow wp-block-column-is-layout-flow\">\n<figure class=\"wp-block-image size-large\"><img decoding=\"async\" width=\"1200\" height=\"686\" src=\"https:\/\/www.millerthomson.com\/wp-content\/uploads\/2024\/10\/Ancillary-services_On-call-Health_Featured_Men-on-Phone-2-1200x686.jpg\" alt=\"\" class=\"wp-image-13259\" srcset=\"https:\/\/www.millerthomson.com\/wp-content\/uploads\/2024\/10\/Ancillary-services_On-call-Health_Featured_Men-on-Phone-2-1200x686.jpg 1200w, https:\/\/www.millerthomson.com\/wp-content\/uploads\/2024\/10\/Ancillary-services_On-call-Health_Featured_Men-on-Phone-2-600x343.jpg 600w, https:\/\/www.millerthomson.com\/wp-content\/uploads\/2024\/10\/Ancillary-services_On-call-Health_Featured_Men-on-Phone-2-300x172.jpg 300w, https:\/\/www.millerthomson.com\/wp-content\/uploads\/2024\/10\/Ancillary-services_On-call-Health_Featured_Men-on-Phone-2-800x458.jpg 800w, https:\/\/www.millerthomson.com\/wp-content\/uploads\/2024\/10\/Ancillary-services_On-call-Health_Featured_Men-on-Phone-2-400x229.jpg 400w, https:\/\/www.millerthomson.com\/wp-content\/uploads\/2024\/10\/Ancillary-services_On-call-Health_Featured_Men-on-Phone-2-1889x1080.jpg 1889w, https:\/\/www.millerthomson.com\/wp-content\/uploads\/2024\/10\/Ancillary-services_On-call-Health_Featured_Men-on-Phone-2.jpg 1920w\" sizes=\"(max-width: 1200px) 100vw, 1200px\" \/><\/figure>\n\n\n\n<div class=\"wp-block-buttons is-layout-flex wp-block-buttons-is-layout-flex\">\n<div class=\"wp-block-button\"><a class=\"wp-block-button__link has-text-align-center wp-element-button\" href=\"https:\/\/www.millerthomson.com\/fr\/services-auxiliaires\/on-call-health\/\">Miller Thomson On Call<\/a><\/div>\n<\/div>\n<\/div>\n<\/div>\n\n\n\n<div style=\"margin-top:var(--wp--preset--spacing--medium);margin-bottom:var(--wp--preset--spacing--medium);height:1px\" aria-hidden=\"true\" class=\"wp-block-spacer\"><\/div>\n\n\n\n<div style=\"height:5px\" aria-hidden=\"true\" class=\"wp-block-spacer\"><\/div>\n","protected":false},"excerpt":{"rendered":"","protected":false},"author":102,"featured_media":0,"parent":0,"menu_order":0,"comment_status":"closed","ping_status":"closed","template":"","meta":{"_acf_changed":false,"footnotes":""},"class_list":["post-12421","page","type-page","status-publish","hentry"],"acf":[],"yoast_head":"<!-- This site is optimized with the Yoast SEO plugin v26.1.1 - https:\/\/yoast.com\/wordpress\/plugins\/seo\/ -->\n<title>Services auxiliaires | Miller Thomson<\/title>\n<meta name=\"robots\" content=\"index, follow, max-snippet:-1, max-image-preview:large, max-video-preview:-1\" \/>\n<link rel=\"canonical\" href=\"https:\/\/www.millerthomson.com\/fr\/services-auxiliaires\/\" \/>\n<meta property=\"og:locale\" content=\"fr_FR\" \/>\n<meta property=\"og:type\" content=\"article\" \/>\n<meta property=\"og:title\" content=\"Services auxiliaires | Miller Thomson\" \/>\n<meta property=\"og:url\" content=\"https:\/\/www.millerthomson.com\/fr\/services-auxiliaires\/\" \/>\n<meta property=\"og:site_name\" content=\"Miller Thomson\" \/>\n<meta property=\"article:publisher\" content=\"https:\/\/www.facebook.com\/MillerThomsonLaw\/\" \/>\n<meta property=\"article:modified_time\" content=\"2024-11-22T00:42:57+00:00\" \/>\n<meta property=\"og:image\" content=\"https:\/\/www.millerthomson.com\/wp-content\/uploads\/2024\/10\/Ancillary-services_Bilingual-legal-advice_Featured_Staircases-1-1200x686.jpg\" \/>\n<meta name=\"twitter:card\" content=\"summary_large_image\" \/>\n<meta name=\"twitter:site\" content=\"@millerthomson\" \/>\n<meta name=\"twitter:label1\" content=\"Est. reading time\" \/>\n\t<meta name=\"twitter:data1\" content=\"2 minutes\" \/>\n<script type=\"application\/ld+json\" class=\"yoast-schema-graph\">{\"@context\":\"https:\/\/schema.org\",\"@graph\":[{\"@type\":\"WebPage\",\"@id\":\"https:\/\/www.millerthomson.com\/fr\/services-auxiliaires\/\",\"url\":\"https:\/\/www.millerthomson.com\/fr\/services-auxiliaires\/\",\"name\":\"Services auxiliaires | Miller Thomson\",\"isPartOf\":{\"@id\":\"https:\/\/www.millerthomson.com\/fr\/#website\"},\"primaryImageOfPage\":{\"@id\":\"https:\/\/www.millerthomson.com\/fr\/services-auxiliaires\/#primaryimage\"},\"image\":{\"@id\":\"https:\/\/www.millerthomson.com\/fr\/services-auxiliaires\/#primaryimage\"},\"thumbnailUrl\":\"https:\/\/www.millerthomson.com\/wp-content\/uploads\/2024\/10\/Ancillary-services_Bilingual-legal-advice_Featured_Staircases-1-1200x686.jpg\",\"datePublished\":\"2024-09-12T15:28:10+00:00\",\"dateModified\":\"2024-11-22T00:42:57+00:00\",\"breadcrumb\":{\"@id\":\"https:\/\/www.millerthomson.com\/fr\/services-auxiliaires\/#breadcrumb\"},\"inLanguage\":\"fr-FR\",\"potentialAction\":[{\"@type\":\"ReadAction\",\"target\":[\"https:\/\/www.millerthomson.com\/fr\/services-auxiliaires\/\"]}]},{\"@type\":\"ImageObject\",\"inLanguage\":\"fr-FR\",\"@id\":\"https:\/\/www.millerthomson.com\/fr\/services-auxiliaires\/#primaryimage\",\"url\":\"https:\/\/www.millerthomson.com\/wp-content\/uploads\/2024\/10\/Ancillary-services_Bilingual-legal-advice_Featured_Staircases-1-1200x686.jpg\",\"contentUrl\":\"https:\/\/www.millerthomson.com\/wp-content\/uploads\/2024\/10\/Ancillary-services_Bilingual-legal-advice_Featured_Staircases-1-1200x686.jpg\"},{\"@type\":\"BreadcrumbList\",\"@id\":\"https:\/\/www.millerthomson.com\/fr\/services-auxiliaires\/#breadcrumb\",\"itemListElement\":[{\"@type\":\"ListItem\",\"position\":1,\"name\":\"Accueil\",\"item\":\"https:\/\/www.millerthomson.com\/fr\/\"},{\"@type\":\"ListItem\",\"position\":2,\"name\":\"Services auxiliaires\"}]},{\"@type\":\"WebSite\",\"@id\":\"https:\/\/www.millerthomson.com\/fr\/#website\",\"url\":\"https:\/\/www.millerthomson.com\/fr\/\",\"name\":\"Miller Thomson | Cabinet de droit des affaires pancanadien\",\"description\":\"National law firm providing business law expertise and litigation and disputes services for businesses across Canada since 1957.\",\"publisher\":{\"@id\":\"https:\/\/www.millerthomson.com\/fr\/#organization\"},\"potentialAction\":[{\"@type\":\"SearchAction\",\"target\":{\"@type\":\"EntryPoint\",\"urlTemplate\":\"https:\/\/www.millerthomson.com\/fr\/?s={search_term_string}\"},\"query-input\":{\"@type\":\"PropertyValueSpecification\",\"valueRequired\":true,\"valueName\":\"search_term_string\"}}],\"inLanguage\":\"fr-FR\"},{\"@type\":\"Organization\",\"@id\":\"https:\/\/www.millerthomson.com\/fr\/#organization\",\"name\":\"Miller Thomson | Cabinet de droit des affaires pancanadien\",\"url\":\"https:\/\/www.millerthomson.com\/fr\/\",\"logo\":{\"@type\":\"ImageObject\",\"inLanguage\":\"fr-FR\",\"@id\":\"https:\/\/www.millerthomson.com\/fr\/#\/schema\/logo\/image\/\",\"url\":\"https:\/\/www.millerthomson.com\/wp-content\/uploads\/2024\/10\/miller-thomson.svg\",\"contentUrl\":\"https:\/\/www.millerthomson.com\/wp-content\/uploads\/2024\/10\/miller-thomson.svg\",\"width\":380,\"height\":50,\"caption\":\"Miller Thomson | Cabinet de droit des affaires pancanadien\"},\"image\":{\"@id\":\"https:\/\/www.millerthomson.com\/fr\/#\/schema\/logo\/image\/\"},\"sameAs\":[\"https:\/\/www.facebook.com\/MillerThomsonLaw\/\",\"https:\/\/x.com\/millerthomson\",\"https:\/\/www.linkedin.com\/company\/miller-thomson-llp\/\",\"https:\/\/www.youtube.com\/@millerthomson\"]}]}<\/script>\n<!-- \/ Yoast SEO plugin. -->","yoast_head_json":{"title":"Services auxiliaires | Miller Thomson","robots":{"index":"index","follow":"follow","max-snippet":"max-snippet:-1","max-image-preview":"max-image-preview:large","max-video-preview":"max-video-preview:-1"},"canonical":"https:\/\/www.millerthomson.com\/fr\/services-auxiliaires\/","og_locale":"fr_FR","og_type":"article","og_title":"Services auxiliaires | Miller Thomson","og_url":"https:\/\/www.millerthomson.com\/fr\/services-auxiliaires\/","og_site_name":"Miller Thomson","article_publisher":"https:\/\/www.facebook.com\/MillerThomsonLaw\/","article_modified_time":"2024-11-22T00:42:57+00:00","og_image":[{"url":"https:\/\/www.millerthomson.com\/wp-content\/uploads\/2024\/10\/Ancillary-services_Bilingual-legal-advice_Featured_Staircases-1-1200x686.jpg","type":"","width":"","height":""}],"twitter_card":"summary_large_image","twitter_site":"@millerthomson","twitter_misc":{"Est. reading time":"2 minutes"},"schema":{"@context":"https:\/\/schema.org","@graph":[{"@type":"WebPage","@id":"https:\/\/www.millerthomson.com\/fr\/services-auxiliaires\/","url":"https:\/\/www.millerthomson.com\/fr\/services-auxiliaires\/","name":"Services auxiliaires | Miller Thomson","isPartOf":{"@id":"https:\/\/www.millerthomson.com\/fr\/#website"},"primaryImageOfPage":{"@id":"https:\/\/www.millerthomson.com\/fr\/services-auxiliaires\/#primaryimage"},"image":{"@id":"https:\/\/www.millerthomson.com\/fr\/services-auxiliaires\/#primaryimage"},"thumbnailUrl":"https:\/\/www.millerthomson.com\/wp-content\/uploads\/2024\/10\/Ancillary-services_Bilingual-legal-advice_Featured_Staircases-1-1200x686.jpg","datePublished":"2024-09-12T15:28:10+00:00","dateModified":"2024-11-22T00:42:57+00:00","breadcrumb":{"@id":"https:\/\/www.millerthomson.com\/fr\/services-auxiliaires\/#breadcrumb"},"inLanguage":"fr-FR","potentialAction":[{"@type":"ReadAction","target":["https:\/\/www.millerthomson.com\/fr\/services-auxiliaires\/"]}]},{"@type":"ImageObject","inLanguage":"fr-FR","@id":"https:\/\/www.millerthomson.com\/fr\/services-auxiliaires\/#primaryimage","url":"https:\/\/www.millerthomson.com\/wp-content\/uploads\/2024\/10\/Ancillary-services_Bilingual-legal-advice_Featured_Staircases-1-1200x686.jpg","contentUrl":"https:\/\/www.millerthomson.com\/wp-content\/uploads\/2024\/10\/Ancillary-services_Bilingual-legal-advice_Featured_Staircases-1-1200x686.jpg"},{"@type":"BreadcrumbList","@id":"https:\/\/www.millerthomson.com\/fr\/services-auxiliaires\/#breadcrumb","itemListElement":[{"@type":"ListItem","position":1,"name":"Accueil","item":"https:\/\/www.millerthomson.com\/fr\/"},{"@type":"ListItem","position":2,"name":"Services auxiliaires"}]},{"@type":"WebSite","@id":"https:\/\/www.millerthomson.com\/fr\/#website","url":"https:\/\/www.millerthomson.com\/fr\/","name":"Miller Thomson | Cabinet de droit des affaires pancanadien","description":"National law firm providing business law expertise and litigation and disputes services for businesses across Canada since 1957.","publisher":{"@id":"https:\/\/www.millerthomson.com\/fr\/#organization"},"potentialAction":[{"@type":"SearchAction","target":{"@type":"EntryPoint","urlTemplate":"https:\/\/www.millerthomson.com\/fr\/?s={search_term_string}"},"query-input":{"@type":"PropertyValueSpecification","valueRequired":true,"valueName":"search_term_string"}}],"inLanguage":"fr-FR"},{"@type":"Organization","@id":"https:\/\/www.millerthomson.com\/fr\/#organization","name":"Miller Thomson | Cabinet de droit des affaires pancanadien","url":"https:\/\/www.millerthomson.com\/fr\/","logo":{"@type":"ImageObject","inLanguage":"fr-FR","@id":"https:\/\/www.millerthomson.com\/fr\/#\/schema\/logo\/image\/","url":"https:\/\/www.millerthomson.com\/wp-content\/uploads\/2024\/10\/miller-thomson.svg","contentUrl":"https:\/\/www.millerthomson.com\/wp-content\/uploads\/2024\/10\/miller-thomson.svg","width":380,"height":50,"caption":"Miller Thomson | Cabinet de droit des affaires pancanadien"},"image":{"@id":"https:\/\/www.millerthomson.com\/fr\/#\/schema\/logo\/image\/"},"sameAs":["https:\/\/www.facebook.com\/MillerThomsonLaw\/","https:\/\/x.com\/millerthomson","https:\/\/www.linkedin.com\/company\/miller-thomson-llp\/","https:\/\/www.youtube.com\/@millerthomson"]}]}},"_links":{"self":[{"href":"https:\/\/www.millerthomson.com\/fr\/wp-json\/wp\/v2\/pages\/12421","targetHints":{"allow":["GET"]}}],"collection":[{"href":"https:\/\/www.millerthomson.com\/fr\/wp-json\/wp\/v2\/pages"}],"about":[{"href":"https:\/\/www.millerthomson.com\/fr\/wp-json\/wp\/v2\/types\/page"}],"author":[{"embeddable":true,"href":"https:\/\/www.millerthomson.com\/fr\/wp-json\/wp\/v2\/users\/102"}],"replies":[{"embeddable":true,"href":"https:\/\/www.millerthomson.com\/fr\/wp-json\/wp\/v2\/comments?post=12421"}],"version-history":[{"count":0,"href":"https:\/\/www.millerthomson.com\/fr\/wp-json\/wp\/v2\/pages\/12421\/revisions"}],"wp:attachment":[{"href":"https:\/\/www.millerthomson.com\/fr\/wp-json\/wp\/v2\/media?parent=12421"}],"curies":[{"name":"wp","href":"https:\/\/api.w.org\/{rel}","templated":true}]}}