{"id":13280,"date":"2024-10-16T16:08:22","date_gmt":"2024-10-16T20:08:22","guid":{"rendered":"https:\/\/www.millerthomson.com\/?page_id=13280"},"modified":"2026-05-07T12:10:02","modified_gmt":"2026-05-07T16:10:02","slug":"montreal-student-programs","status":"publish","type":"page","link":"https:\/\/www.millerthomson.com\/en\/careers\/students\/montreal-student-programs\/","title":{"rendered":"Montr\u00e9al Student Programs"},"content":{"rendered":"\n<h2 class=\"wp-block-heading jump-link\">Summer Program<\/h2>\n\n\n\n<div class=\"wp-block-columns is-layout-flex wp-container-core-columns-is-layout-28f84493 wp-block-columns-is-layout-flex\">\n<div class=\"wp-block-column is-layout-flow wp-block-column-is-layout-flow\" style=\"flex-basis:25%\">\n<h3 class=\"wp-block-heading\">Hiring<\/h3>\n\n\n\n<p>We offer summer employment to students hired as articling students. Only our articling students are offered the possibility of working as students during the summer preceding the beginning of their articling period.&nbsp; It is not, however, a condition to being hired that an articling student accepts a summer work assignment before beginning his or her articling period.<\/p>\n\n\n\n<div class='custom-separator '>\n            <div style='width: 30%; background-color: var(--wp--preset--color--accent);'><\/div>\n    <\/div><\/div>\n\n\n\n<div class=\"wp-block-column is-layout-flow wp-block-column-is-layout-flow\" style=\"flex-basis:75%\">\n<h3 class=\"wp-block-heading\">Student Experience<\/h3>\n\n\n\n<p>For articling students who accept our offer to work during the summer before an articling period begins, we offer experience in a variety of areas, generally in project format, such as preparing facta or research memoranda, updating databases, knowledge management and translation of precedents. The idea is to develop experience without taking work away from articling students, who are also present during summer months.<\/p>\n\n\n\n<p>Students can use the summer period to experience our work environment. They are fully integrated into office life and enjoy first-hand a real-life work experience.<\/p>\n\n\n\n<h3 class=\"wp-block-heading\">Rotations<\/h3>\n\n\n\n<p>There is no formal rotation over the summer.<\/p>\n\n\n\n<h3 class=\"wp-block-heading\">Mentoring<\/h3>\n\n\n\n<p>The lawyer in charge of articling (Ma\u00eetre de stage) oversees the summer students, and interacts with them and lawyers with whom they may work to ensure the students understand what being a lawyer at Miller Thomson is all about, and what is expected of them as summer students and, later, as articling students.<\/p>\n\n\n\n<h3 class=\"wp-block-heading\">Feedback<\/h3>\n\n\n\n<p>An informal evaluation is done at the end of the summer. During the summer, students participate in training sessions and conferences on various areas of law, procedure and office policies.<\/p>\n<\/div>\n<\/div>\n\n\n\n<div style=\"height:var(--wp--preset--spacing--x-large)\" aria-hidden=\"true\" class=\"wp-block-spacer\"><\/div>\n\n\n\n<div class=\"wp-block-group alignfull has-base-2-background-color has-background is-layout-constrained wp-block-group-is-layout-constrained\">\n<h2 class=\"wp-block-heading jump-link\">Articling Program<\/h2>\n\n\n\n<div class=\"wp-block-columns is-layout-flex wp-container-core-columns-is-layout-28f84493 wp-block-columns-is-layout-flex\">\n<div class=\"wp-block-column is-layout-flow wp-block-column-is-layout-flow\" style=\"flex-basis:50%\">\n<h3 class=\"wp-block-heading\">Hiring<a href=\"http:\/\/www.facebook.com\/sharer.php?u=https:\/\/www.millerthomson.com\/en\/work-here\/careers\/law-students\/our-students\/vancouver\/articling-student-program\/\" target=\"_blank\" rel=\"noreferrer noopener\"><\/a><a href=\"http:\/\/twitter.com\/intent\/tweet?text=Vancouver%20Articling%20Student%20Program&amp;url=https:\/\/www.millerthomson.com\/en\/work-here\/careers\/law-students\/our-students\/vancouver\/articling-student-program\/\" target=\"_blank\" rel=\"noreferrer noopener\"><\/a><a href=\"http:\/\/www.linkedin.com\/shareArticle?mini=true&amp;url=https:\/\/www.millerthomson.com\/en\/work-here\/careers\/law-students\/our-students\/vancouver\/articling-student-program\/\" target=\"_blank\" rel=\"noreferrer noopener\"><\/a><a href=\"mailto:?Subject=Vancouver%20Articling%20Student%20Program&amp;Body=The%20following%20page%20may%20be%20of%20interest:%20:%20https:\/\/www.millerthomson.com\/en\/work-here\/careers\/law-students\/our-students\/vancouver\/articling-student-program\/\"><\/a><a href=\"javascript:window.print();\"><\/a><\/h3>\n\n\n\n<p>The Montr\u00e9al office usually hires six to eight&nbsp;articling students, divided into two groups. The articling period is six months and, with Bar School (completed before articling) being either four or eight months, some juggling of timetables may be required.<\/p>\n\n\n\n<p>In general, the first group starts in January and ends in June. The second group then starts in June and finishes in December. We strive to have at least three articling students at all times present at the Montr\u00e9al office.<\/p>\n<\/div>\n\n\n\n<div class=\"wp-block-column is-layout-flow wp-block-column-is-layout-flow\">\n<h3 class=\"wp-block-heading\">Rotations<\/h3>\n\n\n\n<p>We do not have a rotation system for our articling students. We favour a \u201creal life\u201d approach where lawyers are seen as clients, to be approached for work and with whom relationships and affinities may develop.<\/p>\n<\/div>\n<\/div>\n<\/div>\n\n\n\n<div class=\"wp-block-group alignfull has-base-background-color has-background is-layout-constrained wp-block-group-is-layout-constrained\">\n<h2 class=\"wp-block-heading jump-link\">Our Students<\/h2>\n\n\n\n<p><a href=\"https:\/\/www.millerthomson.com\/en\/careers\/students\/meet-our-students\/\">Our students<\/a> are available to answer any questions you may have about our summer and articling student programs.<\/p>\n\n\n<\/div>\n\n\n\n<div class=\"wp-block-group alignfull has-base-2-background-color has-background is-layout-constrained wp-block-group-is-layout-constrained\">\n<h2 class=\"wp-block-heading jump-link\">How To Apply<\/h2>\n\n\n\n<div class=\"wp-block-columns is-layout-flex wp-container-core-columns-is-layout-28f84493 wp-block-columns-is-layout-flex\">\n<div class=\"wp-block-column is-layout-flow wp-block-column-is-layout-flow\" style=\"flex-basis:50%\">\n<h3 class=\"wp-block-heading\">Montr\u00e9al \u2013 Summer Program<\/h3>\n\n\n\n<p>The Montr\u00e9al office is proud to offer summer employment to its articling students. This work opportunity allows students to become familiar with the office and gain valuable work experience before officially beginning their articling. Only articling students are offered the possibility of working as students during the summer preceding the beginning of their articling period.<\/p>\n\n\n\n<p>Applications limited to summer work as a student are generally not considered. All other applications are evaluated in accordance with the selection process for articling students.<\/p>\n<\/div>\n\n\n\n<div class=\"wp-block-column is-layout-flow wp-block-column-is-layout-flow\" style=\"flex-basis:50%\">\n<h3 class=\"wp-block-heading\">Montr\u00e9al \u2013 Articling Program<\/h3>\n\n\n\n<p>The Montr\u00e9al office adheres to the agreement among large Montr\u00e9al law firms dealing with recruitment of articling students. Therefore, we follow, with certain adaptations, the rules set out in the agreement. Whether or not a candidate is governed by the agreement, we treat all applications the same. In principle, we do not recruit articling students outside the period of recruitment stipulated in the agreement.<\/p>\n\n\n\n<p>The interview period is as set out in the agreement (typically, beginning the second Monday in March for articling positions that are two years away). For example, in 2021 we interviewed for articling positions in 2023.<\/p>\n\n\n\n<p>For actual dates and for a review of the agreement, please access the following sites:<\/p>\n\n\n\n<ul class=\"wp-block-list\">\n<li><a href=\"http:\/\/www.ecoledubarreau.qc.ca\/stages\/\" target=\"_blank\" rel=\"noreferrer noopener\">Bar school<\/a><\/li>\n\n\n\n<li><a href=\"http:\/\/www.spla.ulaval.ca\/\" target=\"_blank\" rel=\"noreferrer noopener\">Laval University<em>&nbsp;<\/em><\/a><\/li>\n\n\n\n<li><a href=\"https:\/\/droit.umontreal.ca\/bourses-ressources-et-services\/centre-de-developpement-professionnel\/\" target=\"_blank\" rel=\"noreferrer noopener\">Law Faculty Universit\u00e9 de&nbsp;Montr\u00e9al<\/a><\/li>\n\n\n\n<li><a href=\"https:\/\/www.mcgill.ca\/cdo\/services\" target=\"_blank\" rel=\"noreferrer noopener\">McGill University<\/a><\/li>\n\n\n\n<li><a href=\"http:\/\/cdp-fspd.uqam.ca\/les-ressources\/course-aux-stages-en-droit\" target=\"_blank\" rel=\"noreferrer noopener\">Universit\u00e9 du Qu\u00e9bec \u00e0 Montr\u00e9al (UQAM)<\/a><\/li>\n\n\n\n<li><a href=\"https:\/\/droitcivil.uottawa.ca\/en\/professional-development\" target=\"_blank\" rel=\"noreferrer noopener\">University of Ottawa<\/a><\/li>\n\n\n\n<li><a href=\"https:\/\/www.usherbrooke.ca\/droit\/developpement-professionnel\/centre-de-developpement-professionnel\/recherche-demploi\/course-stages\/\" target=\"_blank\" rel=\"noreferrer noopener\">University of Sherbrooke<\/a><\/li>\n<\/ul>\n\n\n\n<p>You can submit your application through the viRecruit portal. All applications received by the deadline date are read in full and considered.<\/p>\n\n\n\n<p>All applications must contain your curriculum vitae, letter of presentation and transcripts of law studies. Letters of reference are not essential, but recommended. For more information please contact:<\/p>\n\n\n\n<p>M<sup>e&nbsp;<\/sup>L\u00e9na Taylor<br>Miller Thomson LLP<br>1000 De La Gaucheti\u00e8re Street West<br>Suite 3700<br>Montr\u00e9al (Quebec)&nbsp; H3B 4W5<br>Email:&nbsp;<a href=\"mailto:ltaylor@millerthomson.com\" target=\"_blank\" rel=\"noreferrer noopener\">ltaylor@millerthomson.com<\/a><br>Direct Line: 514.871.5467<\/p>\n\n\n\n<div class='custom-separator '>\n            <div style='width: 30%; background-color: var(--wp--preset--color--accent);'><\/div>\n    <\/div>\n\n\n<h3 class=\"wp-block-heading\">The selection process for articling positions at the Montr\u00e9al office is as follows:<\/h3>\n\n\n\n<p>All applications are reviewed and graded based on different criterias.<\/p>\n\n\n\n<p>The Montr\u00e9al office does not make a pre-selection based strictly on law school marks, nor on a given benchmark general grade-point average, but instead, focuses on the candidate\u2019s entire application package. Approximately 85 candidates are selected for a first interview.<\/p>\n\n\n\n<p>First interviews, lasting approximately 40 minutes each, are usually held between 8:30 a.m. and 7:30 p.m., Monday and Tuesday, with twelve interview teams made up of two lawyers.<\/p>\n\n\n\n<p>Out of the group of first interviewees, approximately 35 are referred to a second interview before two senior lawyers. Second interviews are usually done in the second week of the recruiting period.<\/p>\n\n\n\n<p>From the second interviewees, approximately 20 candidates are invited to an event, where they can meet other lawyers of the firm. This event is held several days before the date when formal offers can be made, according to the agreement.<\/p>\n\n\n\n<p>From this short list, we establish a final list of candidates, and offers are made on the day set aside for such purpose in the Agreement.<\/p>\n<\/div>\n<\/div>\n<\/div>\n\n\n\n<div class=\"wp-block-group alignfull has-base-background-color has-background is-layout-constrained wp-block-group-is-layout-constrained\">\n<h2 class=\"wp-block-heading jump-link\">Contact Law Student Recruitment<\/h2>\n\n\n\n<div class=\"wp-block-columns is-layout-flex wp-container-core-columns-is-layout-28f84493 wp-block-columns-is-layout-flex\">\n<div class=\"wp-block-column is-layout-flow wp-block-column-is-layout-flow\">\n<p>For more information about Miller Thomson\u2019s Montr\u00e9al law student program, please contact:<\/p>\n\n\n\n<h3 class=\"wp-block-heading has-medium-font-size\">L\u00e9na Taylor<\/h3>\n\n\n\n<p>Director, Legal Talent<br>Miller Thomson LLP<br>1000 De La Gaucheti\u00e8re Street West, Suite 3700<br>Montr\u00e9al (Quebec)&nbsp; H3B 4W5<\/p>\n\n\n\n<p>Email:&nbsp;<a href=\"mailto:ltaylor@millerthomson.com\">ltaylor@millerthomson.com<\/a><br>Phone: 514.871.5467<\/p>\n<\/div>\n\n\n\n<div class=\"wp-block-column is-layout-flow wp-block-column-is-layout-flow\">\n<p>When participating in recruits, applications to our job postings can be submitted through the&nbsp;<a href=\"https:\/\/recruitcdn.viglobalcloud.com\/\" target=\"_blank\" rel=\"noreferrer noopener\">viDesktop portal<\/a>.<br><\/p>\n<\/div>\n<\/div>\n<\/div>\n","protected":false},"excerpt":{"rendered":"<p>Summer Program Hiring We offer summer employment to students hired as articling students. Only our articling students are offered the possibility of working as students during the summer preceding the beginning of their articling period.&nbsp; It is not, however, a condition to being hired that an articling student accepts a summer work assignment before beginning [&hellip;]<\/p>\n","protected":false},"author":107,"featured_media":0,"parent":12522,"menu_order":0,"comment_status":"closed","ping_status":"closed","template":"templates\/inner-page.php","meta":{"_acf_changed":false,"footnotes":""},"class_list":["post-13280","page","type-page","status-publish","hentry"],"acf":[],"yoast_head":"<!-- This site is optimized with the Yoast SEO plugin v26.1.1 - https:\/\/yoast.com\/wordpress\/plugins\/seo\/ -->\n<title>Montr\u00e9al Student Programs | Miller Thomson<\/title>\n<meta name=\"robots\" content=\"index, follow, max-snippet:-1, max-image-preview:large, max-video-preview:-1\" \/>\n<link rel=\"canonical\" href=\"https:\/\/www.millerthomson.com\/en\/careers\/students\/montreal-student-programs\/\" \/>\n<meta property=\"og:locale\" content=\"en_US\" \/>\n<meta property=\"og:type\" content=\"article\" \/>\n<meta property=\"og:title\" content=\"Montr\u00e9al Student Programs | Miller Thomson\" \/>\n<meta property=\"og:description\" content=\"Summer Program Hiring We offer summer employment to students hired as articling students. Only our articling students are offered the possibility of working as students during the summer preceding the beginning of their articling period.&nbsp; It is not, however, a condition to being hired that an articling student accepts a summer work assignment before beginning [&hellip;]\" \/>\n<meta property=\"og:url\" content=\"https:\/\/www.millerthomson.com\/en\/careers\/students\/montreal-student-programs\/\" \/>\n<meta property=\"og:site_name\" content=\"Miller Thomson\" \/>\n<meta property=\"article:publisher\" content=\"https:\/\/www.facebook.com\/MillerThomsonLaw\/\" \/>\n<meta property=\"article:modified_time\" content=\"2026-05-07T16:10:02+00:00\" \/>\n<meta name=\"twitter:card\" content=\"summary_large_image\" \/>\n<meta name=\"twitter:site\" content=\"@millerthomson\" \/>\n<meta name=\"twitter:label1\" content=\"Est. reading time\" \/>\n\t<meta name=\"twitter:data1\" content=\"5 minutes\" \/>\n<script type=\"application\/ld+json\" class=\"yoast-schema-graph\">{\"@context\":\"https:\/\/schema.org\",\"@graph\":[{\"@type\":\"WebPage\",\"@id\":\"https:\/\/www.millerthomson.com\/en\/careers\/students\/montreal-student-programs\/\",\"url\":\"https:\/\/www.millerthomson.com\/en\/careers\/students\/montreal-student-programs\/\",\"name\":\"Montr\u00e9al Student Programs | Miller Thomson\",\"isPartOf\":{\"@id\":\"https:\/\/www.millerthomson.com\/en\/#website\"},\"datePublished\":\"2024-10-16T20:08:22+00:00\",\"dateModified\":\"2026-05-07T16:10:02+00:00\",\"breadcrumb\":{\"@id\":\"https:\/\/www.millerthomson.com\/en\/careers\/students\/montreal-student-programs\/#breadcrumb\"},\"inLanguage\":\"en-US\",\"potentialAction\":[{\"@type\":\"ReadAction\",\"target\":[\"https:\/\/www.millerthomson.com\/en\/careers\/students\/montreal-student-programs\/\"]}]},{\"@type\":\"BreadcrumbList\",\"@id\":\"https:\/\/www.millerthomson.com\/en\/careers\/students\/montreal-student-programs\/#breadcrumb\",\"itemListElement\":[{\"@type\":\"ListItem\",\"position\":1,\"name\":\"Home\",\"item\":\"https:\/\/www.millerthomson.com\/en\/\"},{\"@type\":\"ListItem\",\"position\":2,\"name\":\"Careers\",\"item\":\"https:\/\/www.millerthomson.com\/en\/careers\/\"},{\"@type\":\"ListItem\",\"position\":3,\"name\":\"Students\",\"item\":\"https:\/\/www.millerthomson.com\/en\/careers\/students\/\"},{\"@type\":\"ListItem\",\"position\":4,\"name\":\"Montr\u00e9al Student Programs\"}]},{\"@type\":\"WebSite\",\"@id\":\"https:\/\/www.millerthomson.com\/en\/#website\",\"url\":\"https:\/\/www.millerthomson.com\/en\/\",\"name\":\"Miller Thomson\",\"description\":\"National law firm providing business law expertise and litigation and disputes services for businesses across Canada since 1957.\",\"publisher\":{\"@id\":\"https:\/\/www.millerthomson.com\/en\/#organization\"},\"potentialAction\":[{\"@type\":\"SearchAction\",\"target\":{\"@type\":\"EntryPoint\",\"urlTemplate\":\"https:\/\/www.millerthomson.com\/en\/?s={search_term_string}\"},\"query-input\":{\"@type\":\"PropertyValueSpecification\",\"valueRequired\":true,\"valueName\":\"search_term_string\"}}],\"inLanguage\":\"en-US\"},{\"@type\":\"Organization\",\"@id\":\"https:\/\/www.millerthomson.com\/en\/#organization\",\"name\":\"Miller Thomson\",\"url\":\"https:\/\/www.millerthomson.com\/en\/\",\"logo\":{\"@type\":\"ImageObject\",\"inLanguage\":\"en-US\",\"@id\":\"https:\/\/www.millerthomson.com\/en\/#\/schema\/logo\/image\/\",\"url\":\"https:\/\/www.millerthomson.com\/wp-content\/uploads\/2024\/10\/miller-thomson.svg\",\"contentUrl\":\"https:\/\/www.millerthomson.com\/wp-content\/uploads\/2024\/10\/miller-thomson.svg\",\"width\":380,\"height\":50,\"caption\":\"Miller Thomson\"},\"image\":{\"@id\":\"https:\/\/www.millerthomson.com\/en\/#\/schema\/logo\/image\/\"},\"sameAs\":[\"https:\/\/www.facebook.com\/MillerThomsonLaw\/\",\"https:\/\/x.com\/millerthomson\",\"https:\/\/www.linkedin.com\/company\/miller-thomson-llp\/\",\"https:\/\/www.youtube.com\/@millerthomson\"]}]}<\/script>\n<!-- \/ Yoast SEO plugin. -->","yoast_head_json":{"title":"Montr\u00e9al Student Programs | Miller Thomson","robots":{"index":"index","follow":"follow","max-snippet":"max-snippet:-1","max-image-preview":"max-image-preview:large","max-video-preview":"max-video-preview:-1"},"canonical":"https:\/\/www.millerthomson.com\/en\/careers\/students\/montreal-student-programs\/","og_locale":"en_US","og_type":"article","og_title":"Montr\u00e9al Student Programs | Miller Thomson","og_description":"Summer Program Hiring We offer summer employment to students hired as articling students. Only our articling students are offered the possibility of working as students during the summer preceding the beginning of their articling period.&nbsp; It is not, however, a condition to being hired that an articling student accepts a summer work assignment before beginning [&hellip;]","og_url":"https:\/\/www.millerthomson.com\/en\/careers\/students\/montreal-student-programs\/","og_site_name":"Miller Thomson","article_publisher":"https:\/\/www.facebook.com\/MillerThomsonLaw\/","article_modified_time":"2026-05-07T16:10:02+00:00","twitter_card":"summary_large_image","twitter_site":"@millerthomson","twitter_misc":{"Est. reading time":"5 minutes"},"schema":{"@context":"https:\/\/schema.org","@graph":[{"@type":"WebPage","@id":"https:\/\/www.millerthomson.com\/en\/careers\/students\/montreal-student-programs\/","url":"https:\/\/www.millerthomson.com\/en\/careers\/students\/montreal-student-programs\/","name":"Montr\u00e9al Student Programs | Miller Thomson","isPartOf":{"@id":"https:\/\/www.millerthomson.com\/en\/#website"},"datePublished":"2024-10-16T20:08:22+00:00","dateModified":"2026-05-07T16:10:02+00:00","breadcrumb":{"@id":"https:\/\/www.millerthomson.com\/en\/careers\/students\/montreal-student-programs\/#breadcrumb"},"inLanguage":"en-US","potentialAction":[{"@type":"ReadAction","target":["https:\/\/www.millerthomson.com\/en\/careers\/students\/montreal-student-programs\/"]}]},{"@type":"BreadcrumbList","@id":"https:\/\/www.millerthomson.com\/en\/careers\/students\/montreal-student-programs\/#breadcrumb","itemListElement":[{"@type":"ListItem","position":1,"name":"Home","item":"https:\/\/www.millerthomson.com\/en\/"},{"@type":"ListItem","position":2,"name":"Careers","item":"https:\/\/www.millerthomson.com\/en\/careers\/"},{"@type":"ListItem","position":3,"name":"Students","item":"https:\/\/www.millerthomson.com\/en\/careers\/students\/"},{"@type":"ListItem","position":4,"name":"Montr\u00e9al Student Programs"}]},{"@type":"WebSite","@id":"https:\/\/www.millerthomson.com\/en\/#website","url":"https:\/\/www.millerthomson.com\/en\/","name":"Miller Thomson","description":"National law firm providing business law expertise and litigation and disputes services for businesses across Canada since 1957.","publisher":{"@id":"https:\/\/www.millerthomson.com\/en\/#organization"},"potentialAction":[{"@type":"SearchAction","target":{"@type":"EntryPoint","urlTemplate":"https:\/\/www.millerthomson.com\/en\/?s={search_term_string}"},"query-input":{"@type":"PropertyValueSpecification","valueRequired":true,"valueName":"search_term_string"}}],"inLanguage":"en-US"},{"@type":"Organization","@id":"https:\/\/www.millerthomson.com\/en\/#organization","name":"Miller Thomson","url":"https:\/\/www.millerthomson.com\/en\/","logo":{"@type":"ImageObject","inLanguage":"en-US","@id":"https:\/\/www.millerthomson.com\/en\/#\/schema\/logo\/image\/","url":"https:\/\/www.millerthomson.com\/wp-content\/uploads\/2024\/10\/miller-thomson.svg","contentUrl":"https:\/\/www.millerthomson.com\/wp-content\/uploads\/2024\/10\/miller-thomson.svg","width":380,"height":50,"caption":"Miller Thomson"},"image":{"@id":"https:\/\/www.millerthomson.com\/en\/#\/schema\/logo\/image\/"},"sameAs":["https:\/\/www.facebook.com\/MillerThomsonLaw\/","https:\/\/x.com\/millerthomson","https:\/\/www.linkedin.com\/company\/miller-thomson-llp\/","https:\/\/www.youtube.com\/@millerthomson"]}]}},"_links":{"self":[{"href":"https:\/\/www.millerthomson.com\/en\/wp-json\/wp\/v2\/pages\/13280","targetHints":{"allow":["GET"]}}],"collection":[{"href":"https:\/\/www.millerthomson.com\/en\/wp-json\/wp\/v2\/pages"}],"about":[{"href":"https:\/\/www.millerthomson.com\/en\/wp-json\/wp\/v2\/types\/page"}],"author":[{"embeddable":true,"href":"https:\/\/www.millerthomson.com\/en\/wp-json\/wp\/v2\/users\/107"}],"replies":[{"embeddable":true,"href":"https:\/\/www.millerthomson.com\/en\/wp-json\/wp\/v2\/comments?post=13280"}],"version-history":[{"count":3,"href":"https:\/\/www.millerthomson.com\/en\/wp-json\/wp\/v2\/pages\/13280\/revisions"}],"predecessor-version":[{"id":50140,"href":"https:\/\/www.millerthomson.com\/en\/wp-json\/wp\/v2\/pages\/13280\/revisions\/50140"}],"up":[{"embeddable":true,"href":"https:\/\/www.millerthomson.com\/en\/wp-json\/wp\/v2\/pages\/12522"}],"wp:attachment":[{"href":"https:\/\/www.millerthomson.com\/en\/wp-json\/wp\/v2\/media?parent=13280"}],"curies":[{"name":"wp","href":"https:\/\/api.w.org\/{rel}","templated":true}]}}